{"id":2866,"date":"2025-08-16T12:56:04","date_gmt":"2025-08-16T09:56:04","guid":{"rendered":"https:\/\/www.tektrade.ee\/lt\/?post_type=product&#038;p=2866"},"modified":"2025-08-19T22:43:49","modified_gmt":"2025-08-19T19:43:49","slug":"mases-perdavimo-technologija","status":"publish","type":"product","link":"https:\/\/www.tektrade.ee\/lt\/prekes\/silumokaiciai-ir-mases-perdavimo-technologija\/mases-perdavimo-technologija\/","title":{"rendered":"Mas\u0117s perdavimo technologija"},"content":{"rendered":"\n<p>Bendradarbiaudami su Vokietijos gamintoju \u201eRVT Process Equipment GmbH\u201c si\u016blome \u012fsigyti perdirbimo gamykloms skirt\u0173 mas\u0117s perdavimo \u012frengini\u0173 ir priemoni\u0173.<\/p>\n\n\n\n<ul class=\"wp-block-list\">\n<li>Distiliavimo ir rektifikavimo kolonos<\/li>\n<\/ul>\n\n\n\n<div class=\"wp-block-group is-nowrap is-layout-flex wp-container-core-group-is-layout-ad2f72ca wp-block-group-is-layout-flex\">\n<div class=\"wp-block-group is-layout-constrained wp-block-group-is-layout-constrained\">\n<figure class=\"wp-block-image alignleft size-full\"><img loading=\"lazy\" decoding=\"async\" width=\"148\" height=\"400\" src=\"https:\/\/www.tektrade.ee\/lt\/wp-content\/uploads\/sites\/7\/2025\/08\/ResizedImage148400-Illustration-Column.jpg\" alt=\"\" class=\"wp-image-2867\" srcset=\"https:\/\/www.tektrade.ee\/lt\/wp-content\/uploads\/sites\/7\/2025\/08\/ResizedImage148400-Illustration-Column.jpg 148w, https:\/\/www.tektrade.ee\/lt\/wp-content\/uploads\/sites\/7\/2025\/08\/ResizedImage148400-Illustration-Column-111x300.jpg 111w\" sizes=\"auto, (max-width: 148px) 100vw, 148px\" \/><figcaption class=\"wp-element-caption\"><em>Kolonos pavyzdys<br><\/em><\/figcaption><\/figure>\n<\/div>\n<\/div>\n\n\n\n<ul class=\"wp-block-list\">\n<li>U\u017epildo kolon\u0173 birieji u\u017epildai ir strukt\u016briniai u\u017epildai (i\u0161 metalo, keramikos, plastiko)<br><\/li>\n<\/ul>\n\n\n\n<div class=\"wp-block-group is-layout-grid wp-container-core-group-is-layout-baef362d wp-block-group-is-layout-grid\">\n<div class=\"wp-block-group is-content-justification-left is-layout-constrained wp-container-core-group-is-layout-8c890d92 wp-block-group-is-layout-constrained\">\n<figure class=\"wp-block-image aligncenter size-full\"><img loading=\"lazy\" decoding=\"async\" width=\"300\" height=\"300\" src=\"https:\/\/www.tektrade.ee\/lt\/wp-content\/uploads\/sites\/7\/2025\/08\/ResizedImage300300-Random-Packings.jpg\" alt=\"\" class=\"wp-image-2868\" srcset=\"https:\/\/www.tektrade.ee\/lt\/wp-content\/uploads\/sites\/7\/2025\/08\/ResizedImage300300-Random-Packings.jpg 300w, https:\/\/www.tektrade.ee\/lt\/wp-content\/uploads\/sites\/7\/2025\/08\/ResizedImage300300-Random-Packings-150x150.jpg 150w, https:\/\/www.tektrade.ee\/lt\/wp-content\/uploads\/sites\/7\/2025\/08\/ResizedImage300300-Random-Packings-100x100.jpg 100w, https:\/\/www.tektrade.ee\/lt\/wp-content\/uploads\/sites\/7\/2025\/08\/ResizedImage300300-Random-Packings-280x280.jpg 280w\" sizes=\"auto, (max-width: 300px) 100vw, 300px\" \/><figcaption class=\"wp-element-caption\">Kolon\u0173 birieji u\u017epildai<br><\/figcaption><\/figure>\n<\/div>\n\n\n\n<div class=\"wp-block-group is-layout-constrained wp-block-group-is-layout-constrained\">\n<figure class=\"wp-block-image aligncenter size-full\"><img loading=\"lazy\" decoding=\"async\" width=\"452\" height=\"300\" src=\"https:\/\/www.tektrade.ee\/lt\/wp-content\/uploads\/sites\/7\/2025\/08\/ResizedImage452300-Structured-Packings.jpg\" alt=\"\" class=\"wp-image-2869\" srcset=\"https:\/\/www.tektrade.ee\/lt\/wp-content\/uploads\/sites\/7\/2025\/08\/ResizedImage452300-Structured-Packings.jpg 452w, https:\/\/www.tektrade.ee\/lt\/wp-content\/uploads\/sites\/7\/2025\/08\/ResizedImage452300-Structured-Packings-300x199.jpg 300w\" sizes=\"auto, (max-width: 452px) 100vw, 452px\" \/><figcaption class=\"wp-element-caption\">Kolon\u0173 strukt\u016briniai u\u017epildai<br><\/figcaption><\/figure>\n<\/div>\n<\/div>\n\n\n\n<div style=\"height:30px\" aria-hidden=\"true\" class=\"wp-block-spacer\"><\/div>\n\n\n\n<ul class=\"wp-block-list\">\n<li>L\u0117k\u0161tini\u0173 kolon\u0173 l\u0117k\u0161t\u0117s<br><\/li>\n<\/ul>\n\n\n\n<div class=\"wp-block-group is-nowrap is-layout-flex wp-container-core-group-is-layout-ad2f72ca wp-block-group-is-layout-flex\">\n<div class=\"wp-block-group is-layout-constrained wp-block-group-is-layout-constrained\">\n<figure class=\"wp-block-image alignleft size-full\"><img loading=\"lazy\" decoding=\"async\" width=\"300\" height=\"212\" src=\"https:\/\/www.tektrade.ee\/lt\/wp-content\/uploads\/sites\/7\/2025\/08\/ResizedImage300212-Mass-Transfer-Trays.jpg\" alt=\"\" class=\"wp-image-2870\"\/><figcaption class=\"wp-element-caption\"><em>L\u0117k\u0161tini\u0173 kolon\u0173 l\u0117k\u0161t\u0117s<br><\/em><\/figcaption><\/figure>\n<\/div>\n<\/div>\n\n\n\n<ul class=\"wp-block-list\">\n<li>kolon\u0173 turinys: duj\u0173 ar skys\u010dio skirstytuvai, surinkimo l\u0117k\u0161t\u0117s, garo sausintuvas, rams\u010diai ir kt.<br><\/li>\n<\/ul>\n\n\n\n<div class=\"wp-block-group is-layout-grid wp-container-core-group-is-layout-baef362d wp-block-group-is-layout-grid\">\n<div class=\"wp-block-group is-content-justification-left is-layout-constrained wp-container-core-group-is-layout-8c890d92 wp-block-group-is-layout-constrained\">\n<figure class=\"wp-block-image aligncenter size-full\"><img loading=\"lazy\" decoding=\"async\" width=\"300\" height=\"214\" src=\"https:\/\/www.tektrade.ee\/lt\/wp-content\/uploads\/sites\/7\/2025\/08\/ResizedImage300214-Liquid-distributor-pipe.jpg\" alt=\"\" class=\"wp-image-2871\"\/><figcaption class=\"wp-element-caption\">Skys\u010dio skirstytuvas<br><\/figcaption><\/figure>\n<\/div>\n\n\n\n<div class=\"wp-block-group is-layout-constrained wp-block-group-is-layout-constrained\">\n<figure class=\"wp-block-image aligncenter size-full\"><img loading=\"lazy\" decoding=\"async\" width=\"276\" height=\"214\" src=\"https:\/\/www.tektrade.ee\/lt\/wp-content\/uploads\/sites\/7\/2025\/08\/ResizedImage276214-Liquid-distributor-trough-type.jpg\" alt=\"\" class=\"wp-image-2872\"\/><figcaption class=\"wp-element-caption\">Skys\u010dio skirstytuvas<br><\/figcaption><\/figure>\n<\/div>\n<\/div>\n","protected":false},"featured_media":0,"parent":2854,"menu_order":57,"template":"","class_list":["post-2866","product","type-product","status-publish","hentry"],"acf":[],"_links":{"self":[{"href":"https:\/\/www.tektrade.ee\/lt\/wp-json\/wp\/v2\/product\/2866","targetHints":{"allow":["GET"]}}],"collection":[{"href":"https:\/\/www.tektrade.ee\/lt\/wp-json\/wp\/v2\/product"}],"about":[{"href":"https:\/\/www.tektrade.ee\/lt\/wp-json\/wp\/v2\/types\/product"}],"version-history":[{"count":2,"href":"https:\/\/www.tektrade.ee\/lt\/wp-json\/wp\/v2\/product\/2866\/revisions"}],"predecessor-version":[{"id":3163,"href":"https:\/\/www.tektrade.ee\/lt\/wp-json\/wp\/v2\/product\/2866\/revisions\/3163"}],"up":[{"embeddable":true,"href":"https:\/\/www.tektrade.ee\/lt\/wp-json\/wp\/v2\/product\/2854"}],"wp:attachment":[{"href":"https:\/\/www.tektrade.ee\/lt\/wp-json\/wp\/v2\/media?parent=2866"}],"curies":[{"name":"wp","href":"https:\/\/api.w.org\/{rel}","templated":true}]}}