{"id":2856,"date":"2025-08-16T12:53:51","date_gmt":"2025-08-16T09:53:51","guid":{"rendered":"https:\/\/www.tektrade.ee\/lt\/?post_type=product&#038;p=2856"},"modified":"2025-08-19T22:43:08","modified_gmt":"2025-08-19T19:43:08","slug":"silumokaiciai","status":"publish","type":"product","link":"https:\/\/www.tektrade.ee\/lt\/prekes\/silumokaiciai-ir-mases-perdavimo-technologija\/silumokaiciai\/","title":{"rendered":"\u0160ilumokai\u010diai"},"content":{"rendered":"\n<p>\u0160iluma ir \u0161ilumokai\u010diai naudojami \u012fvairi\u0173 gamybini\u0173 proces\u0173 metu. M\u016bs\u0173 asortimente yra&nbsp;\u201eskystis\/skystis\u201c tipo&nbsp;\u0161ilumokai\u010di\u0173, j\u0173 atsargini\u0173 dali\u0173 (sandarikli\u0173, plok\u0161teli\u0173), taip pat \u0161ilumokai\u010di\u0173 prie\u017ei\u016brai skirt\u0173 priemoni\u0173.<br><\/p>\n\n\n\n<p>M\u016bs\u0173 si\u016blomi&nbsp; gaminiai skirstomi \u012f:<\/p>\n\n\n\n<ul class=\"wp-block-list\">\n<li>plok\u0161telinius \u0161ilumokai\u010dius \u2013 prilituotus, i\u0161ardomus (su tarpikliu), suvirintus \u0161ilumokai\u010dius;<\/li>\n\n\n\n<li>grafitinius \u0161ilumokai\u010dius \u2013 vamzdinius \u0161ilumokai\u010dius, plok\u0161telinius \u0161ilumokai\u010dius ir blokinius \u0161ilumokai\u010dius;<\/li>\n\n\n\n<li>suvirintus \u201eplok\u0161tel\u0117 ir korpusas\u201c tipo bei \u201evamzdis ir korpusas\u201c tipo \u0161ilumokai\u010dius;<\/li>\n\n\n\n<li>\u0161ilumokai\u010di\u0173 priedus ir j\u0173 prie\u017ei\u016bros priemones: tarpiklius, sandarinimo klijus, praplovimo siurblius, pH matuoklius, \u201eKalox\u201c plovikl\u012f.<\/li>\n<\/ul>\n\n\n\n<div class=\"wp-block-file\"><a id=\"wp-block-file--media-1abb684b-15a8-401d-b53b-3844db00cd9d\" href=\"https:\/\/www.tektrade.ee\/lt\/wp-content\/uploads\/sites\/7\/2025\/08\/Kaloxi-Eesti-1.pdf\" target=\"_blank\" rel=\"noreferrer noopener\">\u201eKALOXI\u201c bro\u0161i\u016bra<\/a><\/div>\n\n\n\n<div class=\"wp-block-file\"><a id=\"wp-block-file--media-9e03d702-e8c9-4259-9c57-c1b854fd16a4\" href=\"https:\/\/www.tektrade.ee\/lt\/wp-content\/uploads\/sites\/7\/2025\/08\/GuidAcqua_2023_EN.pdf\">&#8222;GEL&#8221;\u00a0bro\u0161i\u016bra<\/a><\/div>\n\n\n\n<div class=\"wp-block-file\"><a id=\"wp-block-file--media-2859410e-470f-4f80-876b-ae804be47cf6\" href=\"https:\/\/www.tektrade.ee\/lt\/wp-content\/uploads\/sites\/7\/2025\/08\/Inquiry-list-HE-EN-3.doc\" target=\"_blank\" rel=\"noreferrer noopener\">U\u017eklausos lapas (d\u0117l \u0161ilumokai\u010di\u0173)<\/a><\/div>\n\n\n\n<div class=\"wp-block-group is-layout-grid wp-container-core-group-is-layout-6be84c55 wp-block-group-is-layout-grid\">\n<div class=\"wp-block-group is-content-justification-left is-layout-constrained wp-container-core-group-is-layout-8c890d92 wp-block-group-is-layout-constrained\">\n<figure class=\"wp-block-image aligncenter size-full\"><img loading=\"lazy\" decoding=\"async\" width=\"200\" height=\"200\" src=\"https:\/\/www.tektrade.ee\/lt\/wp-content\/uploads\/sites\/7\/2025\/08\/ResizedImage200200-Soojusvahetid-3.png\" alt=\"\" class=\"wp-image-2862\" srcset=\"https:\/\/www.tektrade.ee\/lt\/wp-content\/uploads\/sites\/7\/2025\/08\/ResizedImage200200-Soojusvahetid-3.png 200w, https:\/\/www.tektrade.ee\/lt\/wp-content\/uploads\/sites\/7\/2025\/08\/ResizedImage200200-Soojusvahetid-3-150x150.png 150w, https:\/\/www.tektrade.ee\/lt\/wp-content\/uploads\/sites\/7\/2025\/08\/ResizedImage200200-Soojusvahetid-3-100x100.png 100w\" sizes=\"auto, (max-width: 200px) 100vw, 200px\" \/><figcaption class=\"wp-element-caption\">\u0160ilumokai\u010diai<br><\/figcaption><\/figure>\n<\/div>\n\n\n\n<div class=\"wp-block-group is-layout-constrained wp-block-group-is-layout-constrained\">\n<figure class=\"wp-block-image aligncenter size-full\"><img loading=\"lazy\" decoding=\"async\" width=\"200\" height=\"200\" src=\"https:\/\/www.tektrade.ee\/lt\/wp-content\/uploads\/sites\/7\/2025\/08\/ResizedImage200200-Soojusvahetid-2.png\" alt=\"\" class=\"wp-image-2863\" srcset=\"https:\/\/www.tektrade.ee\/lt\/wp-content\/uploads\/sites\/7\/2025\/08\/ResizedImage200200-Soojusvahetid-2.png 200w, https:\/\/www.tektrade.ee\/lt\/wp-content\/uploads\/sites\/7\/2025\/08\/ResizedImage200200-Soojusvahetid-2-150x150.png 150w, https:\/\/www.tektrade.ee\/lt\/wp-content\/uploads\/sites\/7\/2025\/08\/ResizedImage200200-Soojusvahetid-2-100x100.png 100w\" sizes=\"auto, (max-width: 200px) 100vw, 200px\" \/><figcaption class=\"wp-element-caption\"><em>\u0160ilumokai\u010di\u0173 plok\u0161tel\u0117s<br><\/em><\/figcaption><\/figure>\n<\/div>\n\n\n\n<div class=\"wp-block-group is-layout-constrained wp-block-group-is-layout-constrained\">\n<figure class=\"wp-block-image aligncenter size-full\"><img loading=\"lazy\" decoding=\"async\" width=\"267\" height=\"200\" src=\"https:\/\/www.tektrade.ee\/lt\/wp-content\/uploads\/sites\/7\/2025\/08\/ResizedImage267200-funke-welded-plate-heat-exchangers.png\" alt=\"\" class=\"wp-image-2864\"\/><figcaption class=\"wp-element-caption\">Suvirintas blokinis \u0161ilumokaitis<br><\/figcaption><\/figure>\n<\/div>\n<\/div>\n\n\n\n<p><\/p>\n","protected":false},"featured_media":0,"parent":2854,"menu_order":56,"template":"","class_list":["post-2856","product","type-product","status-publish","hentry"],"acf":[],"_links":{"self":[{"href":"https:\/\/www.tektrade.ee\/lt\/wp-json\/wp\/v2\/product\/2856","targetHints":{"allow":["GET"]}}],"collection":[{"href":"https:\/\/www.tektrade.ee\/lt\/wp-json\/wp\/v2\/product"}],"about":[{"href":"https:\/\/www.tektrade.ee\/lt\/wp-json\/wp\/v2\/types\/product"}],"version-history":[{"count":2,"href":"https:\/\/www.tektrade.ee\/lt\/wp-json\/wp\/v2\/product\/2856\/revisions"}],"predecessor-version":[{"id":3162,"href":"https:\/\/www.tektrade.ee\/lt\/wp-json\/wp\/v2\/product\/2856\/revisions\/3162"}],"up":[{"embeddable":true,"href":"https:\/\/www.tektrade.ee\/lt\/wp-json\/wp\/v2\/product\/2854"}],"wp:attachment":[{"href":"https:\/\/www.tektrade.ee\/lt\/wp-json\/wp\/v2\/media?parent=2856"}],"curies":[{"name":"wp","href":"https:\/\/api.w.org\/{rel}","templated":true}]}}