{"id":2833,"date":"2025-08-16T12:44:07","date_gmt":"2025-08-16T09:44:07","guid":{"rendered":"https:\/\/www.tektrade.ee\/lt\/?post_type=product&#038;p=2833"},"modified":"2025-08-19T22:48:52","modified_gmt":"2025-08-19T19:48:52","slug":"hrd-greita-barjerine-sistema","status":"publish","type":"product","link":"https:\/\/www.tektrade.ee\/lt\/prekes\/saugos-iranga\/hrd-greita-barjerine-sistema\/","title":{"rendered":"HRD \u2013 greita barjerin\u0117 sistema"},"content":{"rendered":"\n<div class=\"wp-block-group is-nowrap is-layout-flex wp-container-core-group-is-layout-ad2f72ca wp-block-group-is-layout-flex\">\n<div class=\"wp-block-group is-layout-constrained wp-block-group-is-layout-constrained\">\n<figure class=\"wp-block-image alignleft size-full\"><img loading=\"lazy\" decoding=\"async\" width=\"300\" height=\"225\" src=\"https:\/\/www.tektrade.ee\/lt\/wp-content\/uploads\/sites\/7\/2025\/08\/ResizedImage300225-RSBP-components.jpg\" alt=\"\" class=\"wp-image-2834\"\/><figcaption class=\"wp-element-caption\">HRD \u2013 sistemos komponentai<br><\/figcaption><\/figure>\n<\/div>\n<\/div>\n\n\n\n<div style=\"height:30px\" aria-hidden=\"true\" class=\"wp-block-spacer\"><\/div>\n\n\n\n<p>HRD (didelio grei\u010dio padavimo) barjerai pasi\u017eymi itin greitu gesinimo priemon\u0117s padavimu \u012f technologin\u0117s \u012frangos vamzd\u017eius jungian\u010dias dalis. Sistema aptinka pradin\u012f sprogimo etap\u0105 ir slopina degi\u0173 dulki\u0173 sprogim\u0105 pramonin\u0117se technologijose.&nbsp;HRD sudaro spartaus reagavimo jutiklis, valdymo blokas ir milteliniai gesintuvai.<\/p>\n\n\n\n<p>Pagrindin\u0117s taikymo sritys:&nbsp;filtr\u0173 vamzdeli\u0173 jungtys, talpyklos, rezervuarai, mal\u016bnai, mai\u0161ytuvai, ciklonai, d\u017eiovintuvai ir kiti \u012frenginiai, keliantys dulki\u0173 sprogimo pavoj\u0173.<br><br><strong>SYSTEMOS VEIKIMAS<\/strong><br>Jutikliai susieja signal\u0105 su valdymo bloku, kuris aktyvuoja HRD talpas. Buteliuose \u012frengti greitai atsidarantys vo\u017etuvai, galintys nedelsiant paleisti gesinimo priemon\u0119 \u012f apsaugot\u0105 viet\u0105 ir sukurti labai veiksming\u0105 gesinimo priemon\u0117s barjer\u0105.<\/p>\n\n\n\n<div class=\"wp-block-group is-nowrap is-layout-flex wp-container-core-group-is-layout-ad2f72ca wp-block-group-is-layout-flex\">\n<div class=\"wp-block-group is-layout-constrained wp-block-group-is-layout-constrained\">\n<figure class=\"wp-block-image alignleft size-full\"><img loading=\"lazy\" decoding=\"async\" width=\"600\" height=\"227\" src=\"https:\/\/www.tektrade.ee\/lt\/wp-content\/uploads\/sites\/7\/2025\/08\/ResizedImage600227-HRD-3-EN-800x303-1.jpg\" alt=\"\" class=\"wp-image-2835\" srcset=\"https:\/\/www.tektrade.ee\/lt\/wp-content\/uploads\/sites\/7\/2025\/08\/ResizedImage600227-HRD-3-EN-800x303-1.jpg 600w, https:\/\/www.tektrade.ee\/lt\/wp-content\/uploads\/sites\/7\/2025\/08\/ResizedImage600227-HRD-3-EN-800x303-1-300x114.jpg 300w\" sizes=\"auto, (max-width: 600px) 100vw, 600px\" \/><\/figure>\n<\/div>\n<\/div>\n\n\n\n<p>1. Prad\u0117jimas\u00a0 \u00a0 \u00a0 \u00a0 \u00a0 \u00a0 \u00a0 \u00a0 \u00a0\u00a0<br>2. Sprogimo \u0161altinio aptikimas<br>3. Gesinimo priemon\u0117s i\u0161leidimas, sprogimo sl\u0117gio suma\u017einimas<br>4. Sprogimo slopinimasHRD paigaldus seadmetel ja torustikel<\/p>\n\n\n\n<p><strong><strong><strong>HRD montavimas ant \u012frangos ir vamzd\u017ei\u0173 sistem\u0173<\/strong><\/strong><\/strong><\/p>\n\n\n\n<div class=\"wp-block-group is-nowrap is-layout-flex wp-container-core-group-is-layout-ad2f72ca wp-block-group-is-layout-flex\">\n<div class=\"wp-block-group is-layout-constrained wp-block-group-is-layout-constrained\">\n<figure class=\"wp-block-image alignleft size-full\"><img loading=\"lazy\" decoding=\"async\" width=\"500\" height=\"284\" src=\"https:\/\/www.tektrade.ee\/lt\/wp-content\/uploads\/sites\/7\/2025\/08\/ResizedImage500284-HRD-2-EN-800x455-1.jpg\" alt=\"\" class=\"wp-image-2836\" srcset=\"https:\/\/www.tektrade.ee\/lt\/wp-content\/uploads\/sites\/7\/2025\/08\/ResizedImage500284-HRD-2-EN-800x455-1.jpg 500w, https:\/\/www.tektrade.ee\/lt\/wp-content\/uploads\/sites\/7\/2025\/08\/ResizedImage500284-HRD-2-EN-800x455-1-300x170.jpg 300w\" sizes=\"auto, (max-width: 500px) 100vw, 500px\" \/><\/figure>\n<\/div>\n<\/div>\n\n\n\n<p>1. Sprogimo jutiklis<br>2. Ventiliatorius<br>3. Besisukantis vo\u017etuvas<br>4. Valdymo blokas<br>5. HRD talpa<br>6. Filtras<\/p>\n\n\n\n<p><a  href=\"https:\/\/www.youtube.com\/watch?time_continue=3&amp;v=6JinB65DgHs\"  target=\"_blank\" rel=\"noreferrer noopener\" target=\"_blank\">VAIZDO \u012eRA\u0160AS \u201eHRD fast barrier system\u201c<\/a><\/p>\n\n\n\n<p><a  href=\"https:\/\/www.youtube.com\/watch?time_continue=1&amp;v=fDbmfheW_qY\"  target=\"_blank\" rel=\"noreferrer noopener\" target=\"_blank\">VAIZDO \u012eRA\u0160AS \u201eHRD system\u201c<\/a><\/p>\n\n\n\n<div class=\"wp-block-group is-nowrap is-layout-flex wp-container-core-group-is-layout-64989fb1 wp-block-group-is-layout-flex\">\n<div class=\"wp-block-group is-layout-flow wp-block-group-is-layout-flow\">\n<figure class=\"wp-block-image size-full is-resized wp-container-content-69bc4bdf\"><img loading=\"lazy\" decoding=\"async\" width=\"200\" height=\"323\" src=\"https:\/\/www.tektrade.ee\/lt\/wp-content\/uploads\/sites\/7\/2025\/08\/ResizedImage200323-HRD-water-shot-355x574-1.jpg\" alt=\"\" class=\"wp-image-2837\" style=\"width:260px\" srcset=\"https:\/\/www.tektrade.ee\/lt\/wp-content\/uploads\/sites\/7\/2025\/08\/ResizedImage200323-HRD-water-shot-355x574-1.jpg 200w, https:\/\/www.tektrade.ee\/lt\/wp-content\/uploads\/sites\/7\/2025\/08\/ResizedImage200323-HRD-water-shot-355x574-1-186x300.jpg 186w\" sizes=\"auto, (max-width: 200px) 100vw, 200px\" \/><figcaption class=\"wp-element-caption\">\u201eWater Shot\u201c<br><\/figcaption><\/figure>\n<\/div>\n\n\n\n<div class=\"wp-block-group is-layout-constrained wp-block-group-is-layout-constrained\">\n<p><strong>\u201eWATER SHOT\u201c \u2013 SPECIALI BARJERIN\u0116 SISTEMA<\/strong><br>RSBP suk\u016br\u0117 speciali\u0105 barjerin\u0119 sistem\u0105 technologijoms, kurioms netinka gaisro slopinimo milteliai. \u201eWATER SHOT\u201c yra specialus HRD indas, kuriame \u012frengti greitai atsidarantys vo\u017etuvai ir kiti priedai, talpinantys H<sub>2<\/sub>O, o ne \u012fprastas gesinimo priemones.<\/p>\n\n\n\n<p>\u201eWATER SHOT\u201c \u2013 skirtas apsaugoti nuo sprogimo padarini\u0173, ypa\u010d maisto pramon\u0117je, kur gaisro slopinimo milteliai negali b\u016bti naudojami. Jo pagrindinis tikslas yra apsaugoti technologijas, kurios yra valomos vandeniu normalaus proceso metu. Jis taip pat gali b\u016bti pritaikytas daugelyje kit\u0173 pramon\u0117s \u0161ak\u0173 ir skirtingoms technologijoms.<\/p>\n<\/div>\n<\/div>\n","protected":false},"featured_media":0,"parent":2799,"menu_order":63,"template":"","class_list":["post-2833","product","type-product","status-publish","hentry"],"acf":[],"_links":{"self":[{"href":"https:\/\/www.tektrade.ee\/lt\/wp-json\/wp\/v2\/product\/2833","targetHints":{"allow":["GET"]}}],"collection":[{"href":"https:\/\/www.tektrade.ee\/lt\/wp-json\/wp\/v2\/product"}],"about":[{"href":"https:\/\/www.tektrade.ee\/lt\/wp-json\/wp\/v2\/types\/product"}],"version-history":[{"count":3,"href":"https:\/\/www.tektrade.ee\/lt\/wp-json\/wp\/v2\/product\/2833\/revisions"}],"predecessor-version":[{"id":3168,"href":"https:\/\/www.tektrade.ee\/lt\/wp-json\/wp\/v2\/product\/2833\/revisions\/3168"}],"up":[{"embeddable":true,"href":"https:\/\/www.tektrade.ee\/lt\/wp-json\/wp\/v2\/product\/2799"}],"wp:attachment":[{"href":"https:\/\/www.tektrade.ee\/lt\/wp-json\/wp\/v2\/media?parent=2833"}],"curies":[{"name":"wp","href":"https:\/\/api.w.org\/{rel}","templated":true}]}}