{"id":2827,"date":"2025-08-16T12:41:34","date_gmt":"2025-08-16T09:41:34","guid":{"rendered":"https:\/\/www.tektrade.ee\/lt\/?post_type=product&#038;p=2827"},"modified":"2025-08-19T22:47:52","modified_gmt":"2025-08-19T19:47:52","slug":"sklandinis-voztuvas-gatex","status":"publish","type":"product","link":"https:\/\/www.tektrade.ee\/lt\/prekes\/saugos-iranga\/sklandinis-voztuvas-gatex\/","title":{"rendered":"Sklandinis vo\u017etuvas \u201eGATEX\u201c"},"content":{"rendered":"\n<div class=\"wp-block-group is-nowrap is-layout-flex wp-container-core-group-is-layout-ad2f72ca wp-block-group-is-layout-flex\">\n<div class=\"wp-block-group is-layout-constrained wp-block-group-is-layout-constrained\">\n<figure class=\"wp-block-image alignleft size-full\"><img loading=\"lazy\" decoding=\"async\" width=\"500\" height=\"281\" src=\"https:\/\/www.tektrade.ee\/lt\/wp-content\/uploads\/sites\/7\/2025\/08\/ResizedImage500281-Gatex-2.jpg\" alt=\"\" class=\"wp-image-2828\" srcset=\"https:\/\/www.tektrade.ee\/lt\/wp-content\/uploads\/sites\/7\/2025\/08\/ResizedImage500281-Gatex-2.jpg 500w, https:\/\/www.tektrade.ee\/lt\/wp-content\/uploads\/sites\/7\/2025\/08\/ResizedImage500281-Gatex-2-300x169.jpg 300w\" sizes=\"auto, (max-width: 500px) 100vw, 500px\" \/><figcaption class=\"wp-element-caption\">Greito veikimo sklandinis vo\u017etuvas \u201eGatEx\u201c<br><\/figcaption><\/figure>\n<\/div>\n<\/div>\n\n\n\n<div style=\"height:30px\" aria-hidden=\"true\" class=\"wp-block-spacer\"><\/div>\n\n\n\n<p>Greito veikimo sklandinis vo\u017etuvas \u201eGatEx\u201c yra naudojamas pilnam vamzd\u017eio u\u017edarymui sprogimo atveju, tod\u0117l yra tinkamas apsaugoti gamybos technologijas, kelian\u010dias dulki\u0173 sprogimo pavoj\u0173.&nbsp;Tinka pneumatin\u0117ms transportavimo linijoms, i\u0161krovimo linijoms ir technologijoms, kurios yra atsparios sprogimo sl\u0117giui.<br><br>Pagrindin\u0117s taikymo sritys: filtr\u0173 vamzdeli\u0173 jungtys, talpyklos, rezervuarai, mal\u016bnai, mai\u0161ytuvai, ciklonai, d\u017eiovintuvai ir kiti \u012frenginiai, keliantys dulki\u0173 sprogimo pavoj\u0173.<\/p>\n\n\n\n<p>Privalumai: &nbsp;<br>&#8211; gali b\u016bti naudojamas su vamzd\u017eiais, didesniais nei DN50<br>&#8211; atsparumas sl\u0117gui iki 21Bar<br>&#8211; itin greitas reagavimo laikas<br>&#8211; trumpas montavimo atstumas<br><br><strong>\u201eGATEX\u201c MONTAVIMO ANT VAMZD\u017dI\u0172 schema<\/strong><\/p>\n\n\n\n<div class=\"wp-block-group is-nowrap is-layout-flex wp-container-core-group-is-layout-ad2f72ca wp-block-group-is-layout-flex\">\n<div class=\"wp-block-group is-layout-constrained wp-block-group-is-layout-constrained\">\n<figure class=\"wp-block-image alignleft size-full\"><img loading=\"lazy\" decoding=\"async\" width=\"500\" height=\"239\" src=\"https:\/\/www.tektrade.ee\/lt\/wp-content\/uploads\/sites\/7\/2025\/08\/ResizedImage500239-gatex-2-1-800x383-1.jpg\" alt=\"\" class=\"wp-image-2829\" srcset=\"https:\/\/www.tektrade.ee\/lt\/wp-content\/uploads\/sites\/7\/2025\/08\/ResizedImage500239-gatex-2-1-800x383-1.jpg 500w, https:\/\/www.tektrade.ee\/lt\/wp-content\/uploads\/sites\/7\/2025\/08\/ResizedImage500239-gatex-2-1-800x383-1-300x143.jpg 300w\" sizes=\"auto, (max-width: 500px) 100vw, 500px\" \/><figcaption class=\"wp-element-caption\">Sklandinis vo\u017etuvas\u00a0\u201eGatEx\u201c<br><\/figcaption><\/figure>\n<\/div>\n<\/div>\n\n\n\n<p>1. Sprogimo jutiklis<br>2. Ventiliatorius<br>3. Besisukantis vo\u017etuvas<br>4. Valdymo blokas<br>5. Sklandinis vo\u017etuvas \u201eGatEx\u201c<br>6. Filtras<\/p>\n\n\n\n<p><strong>SYSTEMOS VEIKIMAS<\/strong><br>Greito veikimo sklandinis vo\u017etuvas \u201eGatEx\u201c yra aktyvuojamas aptikus prasidedant\u012f sprogim\u0105. Jutiklis siun\u010dia signal\u0105 apie prasidedant\u012f sprogim\u0105 \u012f valdymo blok\u0105, kuris aktyvuoja vo\u017etuvo u\u017edarymo mechanizm\u0105. Greito veikimo sklandinis vo\u017etuvas yra u\u017edaromas pneumatiniu b\u016bdu. Jis atsi\u017evelgia \u012f taip vadinam\u0105 patikim\u0105 dizain\u0105, kuris nustato\u00a0 sklandin\u012f vo\u017etuv\u0105 \u012f saugi\u0105 pad\u0117t\u012f (u\u017edarytas) tuo atveju, jei jo patikimas veikimas negali b\u016bti u\u017etikrintas (pvz., nutraukiant elektros energijos tiekim\u0105 ar komunikacijos grandines, suma\u017einant sl\u0117g\u012f ir t.t.).<\/p>\n\n\n\n<p><a  href=\"https:\/\/www.youtube.com\/watch?time_continue=2&amp;v=cXRLocfIpyA\"  target=\"_blank\" rel=\"noreferrer noopener\" target=\"_blank\">VAIZDO \u012eRA\u0160AS \u201eThe quick-acting slide valve Gatex\u201c<\/a><\/p>\n\n\n\n<div class=\"wp-block-file\"><a id=\"wp-block-file--media-dd688877-4346-4413-8d2f-86b5befa0def\" href=\"https:\/\/www.tektrade.ee\/lt\/wp-content\/uploads\/sites\/7\/2025\/08\/RSBP-2018-ExplosionProtection-EN-web-3.pdf\" target=\"_blank\" rel=\"noreferrer noopener\">RSBP katalogas\u00a0<\/a><\/div>\n\n\n\n<p><\/p>\n","protected":false},"featured_media":0,"parent":2799,"menu_order":62,"template":"","class_list":["post-2827","product","type-product","status-publish","hentry"],"acf":[],"_links":{"self":[{"href":"https:\/\/www.tektrade.ee\/lt\/wp-json\/wp\/v2\/product\/2827","targetHints":{"allow":["GET"]}}],"collection":[{"href":"https:\/\/www.tektrade.ee\/lt\/wp-json\/wp\/v2\/product"}],"about":[{"href":"https:\/\/www.tektrade.ee\/lt\/wp-json\/wp\/v2\/types\/product"}],"version-history":[{"count":2,"href":"https:\/\/www.tektrade.ee\/lt\/wp-json\/wp\/v2\/product\/2827\/revisions"}],"predecessor-version":[{"id":3167,"href":"https:\/\/www.tektrade.ee\/lt\/wp-json\/wp\/v2\/product\/2827\/revisions\/3167"}],"up":[{"embeddable":true,"href":"https:\/\/www.tektrade.ee\/lt\/wp-json\/wp\/v2\/product\/2799"}],"wp:attachment":[{"href":"https:\/\/www.tektrade.ee\/lt\/wp-json\/wp\/v2\/media?parent=2827"}],"curies":[{"name":"wp","href":"https:\/\/api.w.org\/{rel}","templated":true}]}}