{"id":2820,"date":"2025-08-16T12:39:08","date_gmt":"2025-08-16T09:39:08","guid":{"rendered":"https:\/\/www.tektrade.ee\/lt\/?post_type=product&#038;p=2820"},"modified":"2025-08-19T22:47:01","modified_gmt":"2025-08-19T19:47:01","slug":"priesslegio-sklende-b-flap-i","status":"publish","type":"product","link":"https:\/\/www.tektrade.ee\/lt\/prekes\/saugos-iranga\/priesslegio-sklende-b-flap-i\/","title":{"rendered":"Prie\u0161sl\u0117gio sklend\u0117 \u201eB-FLAP I\u201c"},"content":{"rendered":"\n<div class=\"wp-block-group is-nowrap is-layout-flex wp-container-core-group-is-layout-ad2f72ca wp-block-group-is-layout-flex\">\n<div class=\"wp-block-group is-layout-constrained wp-block-group-is-layout-constrained\">\n<figure class=\"wp-block-image alignleft size-full\"><img loading=\"lazy\" decoding=\"async\" width=\"300\" height=\"169\" src=\"https:\/\/www.tektrade.ee\/lt\/wp-content\/uploads\/sites\/7\/2025\/08\/ResizedImage300169-B-flap-I-DN800-1.jpg\" alt=\"\" class=\"wp-image-2821\"\/><figcaption class=\"wp-element-caption\">Prie\u0161sl\u0117gio sklend\u0117\u00a0 \u201eB-FLAP I\u201c<br><\/figcaption><\/figure>\n<\/div>\n<\/div>\n\n\n\n<div style=\"height:30px\" aria-hidden=\"true\" class=\"wp-block-spacer\"><\/div>\n\n\n\n<p>\u201eB-Flap I\u201c&nbsp;yra mechaninis \u012frenginys, skirtas u\u017ekirsti keli\u0105 liepsnos ir sl\u0117gio plitimui technologin\u0117s \u012frangos dalyse dulki\u0173 sprogimo metu.<\/p>\n\n\n\n<p>Pagrindin\u0117s taikymo sritys:&nbsp;filtr\u0173 vamzdeli\u0173 jungtys, talpyklos, rezervuarai, mal\u016bnai, mai\u0161ytuvai, ciklonai, d\u017eiovintuvai ir kiti \u012frenginiai, keliantys dulki\u0173 sprogimo pavoj\u0173.<\/p>\n\n\n\n<p>\u201eB-FLAP\u201c MONTAVIMO ANT VAMZD\u017dI\u0172 SCHEMA:<\/p>\n\n\n\n<div class=\"wp-block-group is-nowrap is-layout-flex wp-container-core-group-is-layout-ad2f72ca wp-block-group-is-layout-flex\">\n<div class=\"wp-block-group is-layout-constrained wp-block-group-is-layout-constrained\">\n<figure class=\"wp-block-image alignleft size-full\"><img loading=\"lazy\" decoding=\"async\" width=\"500\" height=\"231\" src=\"https:\/\/www.tektrade.ee\/lt\/wp-content\/uploads\/sites\/7\/2025\/08\/ResizedImage500231-b-flap-2-1-800x371-ENG.jpg\" alt=\"\" class=\"wp-image-2822\" srcset=\"https:\/\/www.tektrade.ee\/lt\/wp-content\/uploads\/sites\/7\/2025\/08\/ResizedImage500231-b-flap-2-1-800x371-ENG.jpg 500w, https:\/\/www.tektrade.ee\/lt\/wp-content\/uploads\/sites\/7\/2025\/08\/ResizedImage500231-b-flap-2-1-800x371-ENG-300x139.jpg 300w\" sizes=\"auto, (max-width: 500px) 100vw, 500px\" \/><figcaption class=\"wp-element-caption\">\u201eB-Flap I\u201c montavimas<br><\/figcaption><\/figure>\n<\/div>\n<\/div>\n\n\n\n<p>1. Filtras<br>2. Ventiliatorius<br>3. Besisukantis vo\u017etuvas<br>4. Prie\u0161sl\u0117gio sklend\u0117 B-FLAP I<br>5. Sprogimo sl\u0117gio ma\u017eintuvas<\/p>\n\n\n\n<div class=\"wp-block-group is-nowrap is-layout-flex wp-container-core-group-is-layout-ad2f72ca wp-block-group-is-layout-flex\">\n<div class=\"wp-block-group is-layout-constrained wp-block-group-is-layout-constrained\">\n<figure class=\"wp-block-image alignleft size-full\"><img loading=\"lazy\" decoding=\"async\" width=\"400\" height=\"187\" src=\"https:\/\/www.tektrade.ee\/lt\/wp-content\/uploads\/sites\/7\/2025\/08\/ResizedImage400187-7-B-FLAP-I-2-obr.png\" alt=\"\" class=\"wp-image-2823\" srcset=\"https:\/\/www.tektrade.ee\/lt\/wp-content\/uploads\/sites\/7\/2025\/08\/ResizedImage400187-7-B-FLAP-I-2-obr.png 400w, https:\/\/www.tektrade.ee\/lt\/wp-content\/uploads\/sites\/7\/2025\/08\/ResizedImage400187-7-B-FLAP-I-2-obr-300x140.png 300w\" sizes=\"auto, (max-width: 400px) 100vw, 400px\" \/><figcaption class=\"wp-element-caption\">\u201eB-FLAP I\u201c<br><\/figcaption><\/figure>\n<\/div>\n<\/div>\n\n\n\n<p>Privalumai:<br>1. Platus dyd\u017ei\u0173 pasirinkimas nuo DN100 iki DN800;<br>2. Mechaninis \u012frenginys, kuriam nereikia elektros ar aktyvavimo sistemos;<br>3. Paprasta montuoti, tikrinti ir pri\u017ei\u016br\u0117ti;<br>4. \u017demos technin\u0117s prie\u017ei\u016bros i\u0161laidos;<br>5. Mechaninis i\u0161sijungimas, kai sklend\u0117 u\u017esidaro;<br>6. Tinka technologijoms, kuriose yra lengv\u0173j\u0173 metal\u0173 dulki\u0173;<br>7. \u017demas sl\u0117gio praradimas;<br>8. Auk\u0161tas atsparumas sl\u0117giui.<\/p>\n\n\n\n<div class=\"wp-block-group is-nowrap is-layout-flex wp-container-core-group-is-layout-ad2f72ca wp-block-group-is-layout-flex\">\n<div class=\"wp-block-group is-layout-constrained wp-block-group-is-layout-constrained\">\n<figure class=\"wp-block-image alignleft size-full\"><img loading=\"lazy\" decoding=\"async\" width=\"600\" height=\"155\" src=\"https:\/\/www.tektrade.ee\/lt\/wp-content\/uploads\/sites\/7\/2025\/08\/ResizedImage600155-smer-proudeni-b-flap-EN-800x207-1.jpg\" alt=\"\" class=\"wp-image-2824\" srcset=\"https:\/\/www.tektrade.ee\/lt\/wp-content\/uploads\/sites\/7\/2025\/08\/ResizedImage600155-smer-proudeni-b-flap-EN-800x207-1.jpg 600w, https:\/\/www.tektrade.ee\/lt\/wp-content\/uploads\/sites\/7\/2025\/08\/ResizedImage600155-smer-proudeni-b-flap-EN-800x207-1-300x78.jpg 300w\" sizes=\"auto, (max-width: 600px) 100vw, 600px\" \/><figcaption class=\"wp-element-caption\">Prie\u0161sl\u0117gio sklend\u0117\u00a0 \u201eB-FLAP I\u201c<br><\/figcaption><\/figure>\n<\/div>\n<\/div>\n\n\n\n<div style=\"height:30px\" aria-hidden=\"true\" class=\"wp-block-spacer\"><\/div>\n\n\n\n<p><a  href=\"https:\/\/www.youtube.com\/watch?v=jeZB25t57cY\"  target=\"_blank\" rel=\"noreferrer noopener\" target=\"_blank\">VAIZDO \u012eRA\u0160AS \u201eBack Pressure Flap B-FLAP I&#8221;<\/a><\/p>\n\n\n\n<div class=\"wp-block-file\"><a id=\"wp-block-file--media-c46f575d-e4e8-4c01-8838-98286c0d94bc\" href=\"https:\/\/www.tektrade.ee\/lt\/wp-content\/uploads\/sites\/7\/2025\/08\/RSBP-2018-ExplosionProtection-EN-web-2.pdf\" target=\"_blank\" rel=\"noreferrer noopener\">RSBP katalogas\u00a0<\/a><\/div>\n\n\n\n<p><\/p>\n","protected":false},"featured_media":0,"parent":2799,"menu_order":61,"template":"","class_list":["post-2820","product","type-product","status-publish","hentry"],"acf":[],"_links":{"self":[{"href":"https:\/\/www.tektrade.ee\/lt\/wp-json\/wp\/v2\/product\/2820","targetHints":{"allow":["GET"]}}],"collection":[{"href":"https:\/\/www.tektrade.ee\/lt\/wp-json\/wp\/v2\/product"}],"about":[{"href":"https:\/\/www.tektrade.ee\/lt\/wp-json\/wp\/v2\/types\/product"}],"version-history":[{"count":3,"href":"https:\/\/www.tektrade.ee\/lt\/wp-json\/wp\/v2\/product\/2820\/revisions"}],"predecessor-version":[{"id":3166,"href":"https:\/\/www.tektrade.ee\/lt\/wp-json\/wp\/v2\/product\/2820\/revisions\/3166"}],"up":[{"embeddable":true,"href":"https:\/\/www.tektrade.ee\/lt\/wp-json\/wp\/v2\/product\/2799"}],"wp:attachment":[{"href":"https:\/\/www.tektrade.ee\/lt\/wp-json\/wp\/v2\/media?parent=2820"}],"curies":[{"name":"wp","href":"https:\/\/api.w.org\/{rel}","templated":true}]}}