{"id":2812,"date":"2025-08-16T12:36:18","date_gmt":"2025-08-16T09:36:18","guid":{"rendered":"https:\/\/www.tektrade.ee\/lt\/?post_type=product&#038;p=2812"},"modified":"2025-08-19T22:45:50","modified_gmt":"2025-08-19T19:45:50","slug":"flex-beliepsnio-sprogimo-slegio-mazintuvas","status":"publish","type":"product","link":"https:\/\/www.tektrade.ee\/lt\/prekes\/saugos-iranga\/flex-beliepsnio-sprogimo-slegio-mazintuvas\/","title":{"rendered":"\u201eFLEX\u201c beliepsnio sprogimo sl\u0117gio ma\u017eintuvas"},"content":{"rendered":"\n<div class=\"wp-block-group is-nowrap is-layout-flex wp-container-core-group-is-layout-ad2f72ca wp-block-group-is-layout-flex\">\n<div class=\"wp-block-group is-layout-constrained wp-block-group-is-layout-constrained\">\n<figure class=\"wp-block-image alignleft size-full\"><img loading=\"lazy\" decoding=\"async\" width=\"300\" height=\"169\" src=\"https:\/\/www.tektrade.ee\/lt\/wp-content\/uploads\/sites\/7\/2025\/08\/ResizedImage300169-FLEX-C3-R3-F3-var2.jpg\" alt=\"\" class=\"wp-image-2813\"\/><figcaption class=\"wp-element-caption\">\u201eFlex\u201c beliepsnio sprogimo sl\u0117gio ma\u017eintuvas<br><\/figcaption><\/figure>\n<\/div>\n<\/div>\n\n\n\n<div style=\"height:30px\" aria-hidden=\"true\" class=\"wp-block-spacer\"><\/div>\n\n\n\n<p>\u201eFLEX\u201c u\u017etikrina sprogimo sl\u0117gio ma\u017einim\u0105 u\u017edarose ar vidaus patalpose, u\u017ekertant keli\u0105 liepsnos, pavojingo sl\u0117gio ir kar\u0161\u010dio plitimui \u012f aplink\u0105, tod\u0117l leid\u017eia apsaugoti \u012frang\u0105 ir technologijas, kurios yra sunkiai pasiekiamose vietose, nepadidinant konstrukcij\u0173 keitimo, susijusio su tradicini\u0173 sprogimo slopinimo \u012frangos montavimu, i\u0161laid\u0173.<\/p>\n\n\n\n<p>TAIKYMAS \u2013 \u012fvair\u016bs filtrai, rezervuarai, mal\u016bnai, trai\u0161kytuvai, ciklonai, kiti \u012frenginiai, keliantys dulki\u0173 sprogimo pavoj\u0173.<\/p>\n\n\n\n<p>Sistema turi 2 pagrindines funkcijas:<br>1. Sprogimo sl\u0117gio ma\u017einimo \u012frenginys yra atidaromas d\u0117l greitai did\u0117jan\u010dio sl\u0117gio, o \u201eFLEX\u201c sugeria liepsn\u0105, degan\u010dias dulkes ir dujas. Prie\u0161ingai nei tradiciniai sprogimo sl\u0117gio ma\u017einimo \u012frenginiai, \u201eFLEX\u201c sistema gali sugerti \u0161iuos nepageidaujamus padarinius&nbsp;d\u0117ka savo konstrukcijos.<\/p>\n\n\n\n<div class=\"wp-block-group is-nowrap is-layout-flex wp-container-core-group-is-layout-ad2f72ca wp-block-group-is-layout-flex\">\n<div class=\"wp-block-group is-layout-constrained wp-block-group-is-layout-constrained\">\n<figure class=\"wp-block-image alignleft size-full\"><img loading=\"lazy\" decoding=\"async\" width=\"500\" height=\"159\" src=\"https:\/\/www.tektrade.ee\/lt\/wp-content\/uploads\/sites\/7\/2025\/08\/ResizedImage500159-flex-2-bez-razitek-800x255-1.jpg\" alt=\"\" class=\"wp-image-2814\" srcset=\"https:\/\/www.tektrade.ee\/lt\/wp-content\/uploads\/sites\/7\/2025\/08\/ResizedImage500159-flex-2-bez-razitek-800x255-1.jpg 500w, https:\/\/www.tektrade.ee\/lt\/wp-content\/uploads\/sites\/7\/2025\/08\/ResizedImage500159-flex-2-bez-razitek-800x255-1-300x95.jpg 300w\" sizes=\"auto, (max-width: 500px) 100vw, 500px\" \/><figcaption class=\"wp-element-caption\">Sprogimo sl\u0117gio ma\u017einimo procesas \u201eFlex\u201c viduje<br><\/figcaption><\/figure>\n<\/div>\n<\/div>\n\n\n\n<div style=\"height:30px\" aria-hidden=\"true\" class=\"wp-block-spacer\"><\/div>\n\n\n\n<p>2. Plahvatuse leviku t\u00f5kestamine &#8211; plahvatusmembraani avanemise j\u00e4rel paiskub plahvatusest tekkinud l\u00f6\u00f6klaine leegisummuti kambrisse, kus see t\u00e4nu seadme ehitusele sumbub kiiresti ning v\u00e4liskeskkonda j\u00f5uab ainult m\u00f5ningane suitsu- ja tuhalaine.<\/p>\n\n\n\n<p>RSBP \u012fmon\u0117 gamina 3 tip\u0173 \u201eFLEX\u201c \u012frang\u0105:<br><br><strong>FLEX R<\/strong><\/p>\n\n\n\n<div class=\"wp-block-group is-nowrap is-layout-flex wp-container-core-group-is-layout-ad2f72ca wp-block-group-is-layout-flex\">\n<div class=\"wp-block-group is-layout-constrained wp-block-group-is-layout-constrained\">\n<figure class=\"wp-block-image alignleft size-full\"><img loading=\"lazy\" decoding=\"async\" width=\"500\" height=\"128\" src=\"https:\/\/www.tektrade.ee\/lt\/wp-content\/uploads\/sites\/7\/2025\/08\/ResizedImage500128-flex-R-1-1-800x205-1.jpg\" alt=\"\" class=\"wp-image-2815\" srcset=\"https:\/\/www.tektrade.ee\/lt\/wp-content\/uploads\/sites\/7\/2025\/08\/ResizedImage500128-flex-R-1-1-800x205-1.jpg 500w, https:\/\/www.tektrade.ee\/lt\/wp-content\/uploads\/sites\/7\/2025\/08\/ResizedImage500128-flex-R-1-1-800x205-1-300x77.jpg 300w\" sizes=\"auto, (max-width: 500px) 100vw, 500px\" \/><figcaption class=\"wp-element-caption\">FLEX R &#8211; beliepsnio sprogimo sl\u0117gio ma\u017eintuvas<br><\/figcaption><\/figure>\n<\/div>\n<\/div>\n\n\n\n<p><strong>FLEX F<\/strong><\/p>\n\n\n\n<div class=\"wp-block-group is-nowrap is-layout-flex wp-container-core-group-is-layout-ad2f72ca wp-block-group-is-layout-flex\">\n<div class=\"wp-block-group is-layout-constrained wp-block-group-is-layout-constrained\">\n<figure class=\"wp-block-image alignleft size-full\"><img loading=\"lazy\" decoding=\"async\" width=\"500\" height=\"135\" src=\"https:\/\/www.tektrade.ee\/lt\/wp-content\/uploads\/sites\/7\/2025\/08\/ResizedImage500135-flex-F-1-1-800x216-1.jpg\" alt=\"\" class=\"wp-image-2816\" srcset=\"https:\/\/www.tektrade.ee\/lt\/wp-content\/uploads\/sites\/7\/2025\/08\/ResizedImage500135-flex-F-1-1-800x216-1.jpg 500w, https:\/\/www.tektrade.ee\/lt\/wp-content\/uploads\/sites\/7\/2025\/08\/ResizedImage500135-flex-F-1-1-800x216-1-300x81.jpg 300w\" sizes=\"auto, (max-width: 500px) 100vw, 500px\" \/><figcaption class=\"wp-element-caption\">FLEX F &#8211; beliepsnio sprogimo sl\u0117gio ma\u017eintuvas<br><\/figcaption><\/figure>\n<\/div>\n<\/div>\n\n\n\n<p><strong>FLEX C<\/strong><\/p>\n\n\n\n<div class=\"wp-block-group is-nowrap is-layout-flex wp-container-core-group-is-layout-ad2f72ca wp-block-group-is-layout-flex\">\n<div class=\"wp-block-group is-layout-constrained wp-block-group-is-layout-constrained\">\n<figure class=\"wp-block-image alignleft size-full\"><img loading=\"lazy\" decoding=\"async\" width=\"500\" height=\"161\" src=\"https:\/\/www.tektrade.ee\/lt\/wp-content\/uploads\/sites\/7\/2025\/08\/ResizedImage500161-flex-C-5-1-800x258-1.jpg\" alt=\"\" class=\"wp-image-2817\" srcset=\"https:\/\/www.tektrade.ee\/lt\/wp-content\/uploads\/sites\/7\/2025\/08\/ResizedImage500161-flex-C-5-1-800x258-1.jpg 500w, https:\/\/www.tektrade.ee\/lt\/wp-content\/uploads\/sites\/7\/2025\/08\/ResizedImage500161-flex-C-5-1-800x258-1-300x97.jpg 300w\" sizes=\"auto, (max-width: 500px) 100vw, 500px\" \/><figcaption class=\"wp-element-caption\">FLEX C &#8211; beliepsnio sprogimo sl\u0117gio ma\u017eintuvas<br><\/figcaption><\/figure>\n<\/div>\n<\/div>\n\n\n\n<div style=\"height:30px\" aria-hidden=\"true\" class=\"wp-block-spacer\"><\/div>\n\n\n\n<p><a  href=\"https:\/\/www.youtube.com\/watch?v=_aamPlGzvHU\"  target=\"_blank\" rel=\"noreferrer noopener\" target=\"_blank\">VAIZDO \u012eRA\u0160AS \u201eFlex Flameless Explosion Venting\u201c<\/a><\/p>\n\n\n\n<div class=\"wp-block-file\"><a id=\"wp-block-file--media-8694b67a-8450-4323-8fc0-b48a187dd574\" href=\"https:\/\/www.tektrade.ee\/lt\/wp-content\/uploads\/sites\/7\/2025\/08\/RSBP-2018-ExplosionProtection-EN-web-1.pdf\" target=\"_blank\" rel=\"noreferrer noopener\">RSBP produkt\u0173 katalogas<\/a><\/div>\n\n\n\n<p><\/p>\n","protected":false},"featured_media":0,"parent":2799,"menu_order":60,"template":"","class_list":["post-2812","product","type-product","status-publish","hentry"],"acf":[],"_links":{"self":[{"href":"https:\/\/www.tektrade.ee\/lt\/wp-json\/wp\/v2\/product\/2812","targetHints":{"allow":["GET"]}}],"collection":[{"href":"https:\/\/www.tektrade.ee\/lt\/wp-json\/wp\/v2\/product"}],"about":[{"href":"https:\/\/www.tektrade.ee\/lt\/wp-json\/wp\/v2\/types\/product"}],"version-history":[{"count":2,"href":"https:\/\/www.tektrade.ee\/lt\/wp-json\/wp\/v2\/product\/2812\/revisions"}],"predecessor-version":[{"id":3165,"href":"https:\/\/www.tektrade.ee\/lt\/wp-json\/wp\/v2\/product\/2812\/revisions\/3165"}],"up":[{"embeddable":true,"href":"https:\/\/www.tektrade.ee\/lt\/wp-json\/wp\/v2\/product\/2799"}],"wp:attachment":[{"href":"https:\/\/www.tektrade.ee\/lt\/wp-json\/wp\/v2\/media?parent=2812"}],"curies":[{"name":"wp","href":"https:\/\/api.w.org\/{rel}","templated":true}]}}