{"id":2802,"date":"2025-08-16T12:32:01","date_gmt":"2025-08-16T09:32:01","guid":{"rendered":"https:\/\/www.tektrade.ee\/lt\/?post_type=product&#038;p=2802"},"modified":"2025-08-19T22:44:55","modified_gmt":"2025-08-19T19:44:55","slug":"sprogimo-slegio-mazinimo-irenginiai-vmp","status":"publish","type":"product","link":"https:\/\/www.tektrade.ee\/lt\/prekes\/saugos-iranga\/sprogimo-slegio-mazinimo-irenginiai-vmp\/","title":{"rendered":"Sprogimo sl\u0117gio ma\u017einimo \u012frenginiai VMP"},"content":{"rendered":"\n<div class=\"wp-block-group is-nowrap is-layout-flex wp-container-core-group-is-layout-ad2f72ca wp-block-group-is-layout-flex\">\n<div class=\"wp-block-group is-layout-constrained wp-block-group-is-layout-constrained\">\n<figure class=\"wp-block-image alignleft size-full\"><img loading=\"lazy\" decoding=\"async\" width=\"300\" height=\"180\" src=\"https:\/\/www.tektrade.ee\/lt\/wp-content\/uploads\/sites\/7\/2025\/08\/ResizedImage300180-VMP-obdelnik-D-F.jpg\" alt=\"\" class=\"wp-image-2809\"\/><figcaption class=\"wp-element-caption\">VMP sprogimo sl\u0117gio ma\u017einimo \u012frenginiai<br><\/figcaption><\/figure>\n<\/div>\n<\/div>\n\n\n\n<div style=\"height:30px\" aria-hidden=\"true\" class=\"wp-block-spacer\"><\/div>\n\n\n\n<p>Sprogimo sl\u0117gio ma\u017einimo \u012frenginiai yra skirti apsaugoti pramonin\u0119 \u012frang\u0105, kelian\u010di\u0105 milteli\u0173 sprogimo pavoj\u0173. RSBP \u012fmon\u0117s sprogimo sl\u0117gio ma\u017einimo \u012franga yra puikus sprendimas siekiant suma\u017einti \u0161i\u0105 rizik\u0105 ir nuostolius po toki\u0173 sprogim\u0173.<br><br>Pagrindin\u0117s taikymo sritys: pramoniniai filtrai, rezervuarai, mal\u016bnai, trai\u0161kytuvai, ciklonai ir kita \u012franga.&nbsp;<\/p>\n\n\n\n<div style=\"height:30px\" aria-hidden=\"true\" class=\"wp-block-spacer\"><\/div>\n\n\n\n<div class=\"wp-block-group is-nowrap is-layout-flex wp-container-core-group-is-layout-ad2f72ca wp-block-group-is-layout-flex\">\n<div class=\"wp-block-group is-layout-constrained wp-block-group-is-layout-constrained\">\n<figure class=\"wp-block-image alignleft size-full\"><img loading=\"lazy\" decoding=\"async\" width=\"300\" height=\"228\" src=\"https:\/\/www.tektrade.ee\/lt\/wp-content\/uploads\/sites\/7\/2025\/08\/ResizedImage300228-VMP-3-1-355x270-1.jpg\" alt=\"\" class=\"wp-image-2803\"\/><figcaption class=\"wp-element-caption\">Gaubtas apvalus sl\u0117gio ma\u017einimo \u012frenginys<br><\/figcaption><\/figure>\n<\/div>\n<\/div>\n\n\n\n<div style=\"height:30px\" aria-hidden=\"true\" class=\"wp-block-spacer\"><\/div>\n\n\n\n<p><strong>VMP \u2013 gaubti apval\u016bs sprogimo sl\u0117gio ma\u017einimo \u012frenginiai:<\/strong><br>1. Gaubtas, trij\u0173 sluoksni\u0173 sl\u0117gio ma\u017einimo \u012frenginys su PTFE izoliacija<br>2. \u012erangai, kurios darbin\u0117 temperat\u016bra siekia 240 \u00b0C<br>3. Didelis atsparumas sl\u0117giui<br>4. Taip pat tinka \u012frangai su sl\u0117gio pulsais<br>5. SU \u2013 gaubti, trij\u0173 sluoksni\u0173 sl\u0117gio ma\u017einimo \u012frenginiai su PTFE izoliacija<br>6. Ner\u016bdijantis plienas<br>7. Sertifikavimas pagal EN 14\u00a0797<\/p>\n\n\n\n<div class=\"wp-block-group is-nowrap is-layout-flex wp-container-core-group-is-layout-ad2f72ca wp-block-group-is-layout-flex\">\n<div class=\"wp-block-group is-layout-constrained wp-block-group-is-layout-constrained\">\n<figure class=\"wp-block-image alignleft size-full\"><img loading=\"lazy\" decoding=\"async\" width=\"300\" height=\"176\" src=\"https:\/\/www.tektrade.ee\/lt\/wp-content\/uploads\/sites\/7\/2025\/08\/ResizedImage300176-VMP-rectangular.png\" alt=\"\" class=\"wp-image-2804\"\/><figcaption class=\"wp-element-caption\">Gaubtas sta\u010diakampis sl\u0117gio ma\u017einimo \u012frenginys<br><\/figcaption><\/figure>\n<\/div>\n<\/div>\n\n\n\n<p><strong>VMP \u2013 gaubti sta\u010diakampiai sprogimo sl\u0117gio ma\u017einimo \u012frenginiai:<\/strong><br>1. Vieno sluoksnio konstrukcija \u012frangai, kurios darbin\u0117 temperat\u016bra siekia 100 \u00b0C<br>2. Trij\u0173 sluoksni\u0173 konstrukcija su auk\u0161tu sl\u0117gio atsparumu ir PTFE izoliacija, \u012frangai, kurios darbin\u0117 temperat\u016bra siekia 240 \u00b0C<br>3. Taip pat tinka \u012frangai su sl\u0117gio pulsais<br>4. Ner\u016bdijantis plienas<br>5. D \u2013 gaubti, vieno sluoksnio sl\u0117gio ma\u017einimo \u012frenginiai<br>6. SU \u2013 gaubti, trij\u0173 sluoksni\u0173 sl\u0117gio ma\u017einimo \u012frenginiai su PTFE izoliacija<br>7. Sertifikavimas pagal EN 14 797<\/p>\n\n\n\n<div class=\"wp-block-group is-nowrap is-layout-flex wp-container-core-group-is-layout-ad2f72ca wp-block-group-is-layout-flex\">\n<div class=\"wp-block-group is-layout-constrained wp-block-group-is-layout-constrained\">\n<figure class=\"wp-block-image alignleft size-full\"><img loading=\"lazy\" decoding=\"async\" width=\"300\" height=\"198\" src=\"https:\/\/www.tektrade.ee\/lt\/wp-content\/uploads\/sites\/7\/2025\/08\/ResizedImage300198-VMP-630x310-F.jpg\" alt=\"\" class=\"wp-image-2805\"\/><figcaption class=\"wp-element-caption\">Plok\u0161\u010dias sta\u010diakampis sl\u0117gio ma\u017einimo \u012frenginys<br><\/figcaption><\/figure>\n<\/div>\n<\/div>\n\n\n\n<p><strong>VMP \u2013 plok\u0161ti sta\u010diakampiai sprogimo sl\u0117gio ma\u017einimo \u012frenginiai:<\/strong><br>1. Tinkami naudoti esant \u017eemam darbiniam sl\u0117giui (iki 50% saugaus atidarymo sl\u0117gio)<br>2. \u012erangai, kurios darbin\u0117 temperat\u016bra siekia 100 \u00b0C<br>3. Montavimas be vir\u0161utin\u0117s jung\u0117s<br>4. Ner\u016bdijantis plienas<br>5. F \u2013 plok\u0161ti sl\u0117gio ma\u017einimo \u012frenginiai<br>6. Sertifikavimas pagal EN 14 79<\/p>\n\n\n\n<div style=\"height:30px\" aria-hidden=\"true\" class=\"wp-block-spacer\"><\/div>\n\n\n\n<div class=\"wp-block-group is-nowrap is-layout-flex wp-container-core-group-is-layout-ad2f72ca wp-block-group-is-layout-flex\">\n<div class=\"wp-block-group is-layout-constrained wp-block-group-is-layout-constrained\">\n<figure class=\"wp-block-image alignleft size-full\"><img loading=\"lazy\" decoding=\"async\" width=\"300\" height=\"200\" src=\"https:\/\/www.tektrade.ee\/lt\/wp-content\/uploads\/sites\/7\/2025\/08\/ResizedImage300200-VMP-explosion-doors.jpg\" alt=\"\" class=\"wp-image-2806\"\/><figcaption class=\"wp-element-caption\"><em>Magnetin\u0117 plok\u0161t\u0117<br><\/em><\/figcaption><\/figure>\n<\/div>\n<\/div>\n\n\n\n<p><strong>Magnetin\u0117s plok\u0161t\u0117s:<\/strong><br>1. Tinkamos naudoti esant \u017eemam darbiniam sl\u0117giui ir be sl\u0117gio puls\u0173<br>2. Med\u017eiaga: anglinis plienas, cinkuotas<br>3. Galima naudoti pakartotinai<br>4. Technologijoms, pasi\u017eymin\u010dioms \u017eemu atsparumu sl\u0117giui<\/p>\n\n\n\n<div style=\"height:30px\" aria-hidden=\"true\" class=\"wp-block-spacer\"><\/div>\n\n\n\n<p><a  href=\"https:\/\/www.youtube.com\/watch?v=w28eiQDbIyg\"  target=\"_blank\" rel=\"noreferrer noopener\" target=\"_blank\">VAIZDO \u012eRA\u0160AS \u201eRSBP Explosion Venting Devices\u201c<\/a><strong><a  href=\"https:\/\/www.youtube.com\/watch?v=w28eiQDbIyg\"  target=\"_blank\" rel=\"noreferrer noopener\" target=\"_blank\"><br><\/a><\/strong><\/p>\n\n\n\n<div class=\"wp-block-file\"><a id=\"wp-block-file--media-874a6bad-0b4b-49f6-b3f6-6b253ccb652b\" href=\"https:\/\/www.tektrade.ee\/lt\/wp-content\/uploads\/sites\/7\/2025\/08\/RSBP-2018-ExplosionProtection-EN-web.pdf\" target=\"_blank\" rel=\"noreferrer noopener\">Katalogas \u2013 apsauga\u00a0nuo sprogim\u0173<\/a><\/div>\n\n\n\n<p><\/p>\n","protected":false},"featured_media":0,"parent":2799,"menu_order":59,"template":"","class_list":["post-2802","product","type-product","status-publish","hentry"],"acf":[],"_links":{"self":[{"href":"https:\/\/www.tektrade.ee\/lt\/wp-json\/wp\/v2\/product\/2802","targetHints":{"allow":["GET"]}}],"collection":[{"href":"https:\/\/www.tektrade.ee\/lt\/wp-json\/wp\/v2\/product"}],"about":[{"href":"https:\/\/www.tektrade.ee\/lt\/wp-json\/wp\/v2\/types\/product"}],"version-history":[{"count":4,"href":"https:\/\/www.tektrade.ee\/lt\/wp-json\/wp\/v2\/product\/2802\/revisions"}],"predecessor-version":[{"id":3164,"href":"https:\/\/www.tektrade.ee\/lt\/wp-json\/wp\/v2\/product\/2802\/revisions\/3164"}],"up":[{"embeddable":true,"href":"https:\/\/www.tektrade.ee\/lt\/wp-json\/wp\/v2\/product\/2799"}],"wp:attachment":[{"href":"https:\/\/www.tektrade.ee\/lt\/wp-json\/wp\/v2\/media?parent=2802"}],"curies":[{"name":"wp","href":"https:\/\/api.w.org\/{rel}","templated":true}]}}