{"id":2796,"date":"2025-08-16T12:28:35","date_gmt":"2025-08-16T09:28:35","guid":{"rendered":"https:\/\/www.tektrade.ee\/lt\/?post_type=product&#038;p=2796"},"modified":"2025-08-19T22:55:38","modified_gmt":"2025-08-19T19:55:38","slug":"suslegto-oro-valdomi-membraniniai-siurbliai","status":"publish","type":"product","link":"https:\/\/www.tektrade.ee\/lt\/prekes\/siurbliai\/membraniniai-siurbliai\/suslegto-oro-valdomi-membraniniai-siurbliai\/","title":{"rendered":"Susl\u0117gto oro valdomi membraniniai siurbliai"},"content":{"rendered":"\n<p>\u201eSAMOA\u201c susl\u0117gto oro valdomi membraniniai siurbliai yra teigiamos darbin\u0117s talpos oru varomi dvigubos membranos siurbliai, veikiantys judant pirmyn ir atgal.&nbsp;<br>Siurbliai skirti dozuoti, purk\u0161ti, perduoti ar paskirstyti \u012fvairius skys\u010dius.<br>Siurblio membranos prijungtos prie veleno. Vieno siurbimo veiksmo metu skystis \u012fsiurbiamas \u012f vien\u0105 skys\u010dio kamer\u0105, kai pa\u010diu metu skystis i\u0161tu\u0161tinamas i\u0161 prie\u0161ingos skys\u010dio kameros.<\/p>\n\n\n\n<div class=\"wp-block-group is-nowrap is-layout-flex wp-container-core-group-is-layout-ad2f72ca wp-block-group-is-layout-flex\">\n<div class=\"wp-block-group is-layout-constrained wp-block-group-is-layout-constrained\">\n<figure class=\"wp-block-image alignleft size-full\"><img loading=\"lazy\" decoding=\"async\" width=\"600\" height=\"340\" src=\"https:\/\/www.tektrade.ee\/lt\/wp-content\/uploads\/sites\/7\/2025\/08\/ResizedImage600340-Samoa-diphragm-pumps.jpg\" alt=\"\" class=\"wp-image-2797\" srcset=\"https:\/\/www.tektrade.ee\/lt\/wp-content\/uploads\/sites\/7\/2025\/08\/ResizedImage600340-Samoa-diphragm-pumps.jpg 600w, https:\/\/www.tektrade.ee\/lt\/wp-content\/uploads\/sites\/7\/2025\/08\/ResizedImage600340-Samoa-diphragm-pumps-300x170.jpg 300w\" sizes=\"auto, (max-width: 600px) 100vw, 600px\" \/><figcaption class=\"wp-element-caption\">Suru\u00f5huga juhitavad membraanpumbad<br><br><br><\/figcaption><\/figure>\n<\/div>\n<\/div>\n","protected":false},"featured_media":0,"parent":2794,"menu_order":74,"template":"","class_list":["post-2796","product","type-product","status-publish","hentry"],"acf":[],"_links":{"self":[{"href":"https:\/\/www.tektrade.ee\/lt\/wp-json\/wp\/v2\/product\/2796","targetHints":{"allow":["GET"]}}],"collection":[{"href":"https:\/\/www.tektrade.ee\/lt\/wp-json\/wp\/v2\/product"}],"about":[{"href":"https:\/\/www.tektrade.ee\/lt\/wp-json\/wp\/v2\/types\/product"}],"version-history":[{"count":3,"href":"https:\/\/www.tektrade.ee\/lt\/wp-json\/wp\/v2\/product\/2796\/revisions"}],"predecessor-version":[{"id":3182,"href":"https:\/\/www.tektrade.ee\/lt\/wp-json\/wp\/v2\/product\/2796\/revisions\/3182"}],"up":[{"embeddable":true,"href":"https:\/\/www.tektrade.ee\/lt\/wp-json\/wp\/v2\/product\/2794"}],"wp:attachment":[{"href":"https:\/\/www.tektrade.ee\/lt\/wp-json\/wp\/v2\/media?parent=2796"}],"curies":[{"name":"wp","href":"https:\/\/api.w.org\/{rel}","templated":true}]}}