{"id":2770,"date":"2025-08-16T12:19:17","date_gmt":"2025-08-16T09:19:17","guid":{"rendered":"https:\/\/www.tektrade.ee\/lt\/?post_type=product&#038;p=2770"},"modified":"2025-08-19T22:54:45","modified_gmt":"2025-08-19T19:54:45","slug":"iscentriniai-siurbliai","status":"publish","type":"product","link":"https:\/\/www.tektrade.ee\/lt\/prekes\/siurbliai\/iscentriniai-siurbliai\/","title":{"rendered":"I\u0161centriniai siurbliai"},"content":{"rendered":"\n<p>\u201eEDUR\u201c siurbli\u0173 tipai ir bendri techniniai parametrai:<\/p>\n\n\n\n<figure class=\"wp-block-table is-style-stripes\"><table class=\"has-fixed-layout\"><tbody><tr><td><strong>Siurbli\u0173 apra\u0161ymas<\/strong><\/td><td><strong>Siurblio tipas<\/strong><\/td><td><strong>Eksploataciniai duomenys<\/strong><\/td><td><strong>Modeliai<\/strong><\/td><\/tr><tr><td>Vienapakopiai i\u0161centriniai siurbliai<\/td><td>Pramoninis<\/td><td>maks. 600 m3\/val., 90 m, 16 bar<\/td><td>NUB\u00a0<br><img loading=\"lazy\" decoding=\"async\" width=\"200\" height=\"127\" class=\"wp-image-2773\" style=\"width: 200px;\" src=\"https:\/\/www.tektrade.ee\/lt\/wp-content\/uploads\/sites\/7\/2025\/08\/ResizedImage314200-NUB-EDUR.jpg\" alt=\"\" srcset=\"https:\/\/www.tektrade.ee\/lt\/wp-content\/uploads\/sites\/7\/2025\/08\/ResizedImage314200-NUB-EDUR.jpg 314w, https:\/\/www.tektrade.ee\/lt\/wp-content\/uploads\/sites\/7\/2025\/08\/ResizedImage314200-NUB-EDUR-300x191.jpg 300w\" sizes=\"auto, (max-width: 200px) 100vw, 200px\" \/><br>NUB<\/td><\/tr><tr><td>Linijin\u0117s konstrukcijos &nbsp;i\u0161centriniai siurbliai<\/td><td>Linijinis<\/td><td>maks. 220 m3\/val., 55 m, 16 bar<\/td><td>LUB\u00a0<br><img loading=\"lazy\" decoding=\"async\" width=\"150\" height=\"190\" class=\"wp-image-2779\" style=\"width: 150px;\" src=\"https:\/\/www.tektrade.ee\/lt\/wp-content\/uploads\/sites\/7\/2025\/08\/ResizedImage158200-LUB-EDUR.jpg\" alt=\"\"><br>LUB<\/td><\/tr><tr><td>Ne\u016bdijan\u010dio plieno i\u0161centriniai&nbsp;<\/td><td>Ner\u016bdijantis<\/td><td>maks. 240 m3\/val., 95 m, 10 bar<\/td><td>CB BC\u00a0<br><img loading=\"lazy\" decoding=\"async\" width=\"200\" height=\"161\" class=\"wp-image-2781\" style=\"width: 200px;\" src=\"https:\/\/www.tektrade.ee\/lt\/wp-content\/uploads\/sites\/7\/2025\/08\/ResizedImage248200-CB-EDUR.jpg\" alt=\"\"><br>CB<\/td><\/tr><tr><td>Daugiapakopiai vertikal\u016bs i\u0161centriniai siurbliai<\/td><td>Ner\u016bdijantis &#8211; vertikalus<\/td><td>maks. 84 m3\/val., 300 m, 30 bar<\/td><td>CV\u00a0<br><img loading=\"lazy\" decoding=\"async\" width=\"64\" height=\"200\" class=\"wp-image-2782\" style=\"width: 64px;\" src=\"https:\/\/www.tektrade.ee\/lt\/wp-content\/uploads\/sites\/7\/2025\/08\/ResizedImage64200-CV-EDUR.jpg\" alt=\"\"><br>CV<\/td><\/tr><tr><td>Hidrauliniai siurbliai<\/td><td>Hidraulinis<\/td><td>maks. 400 m3\/val., 55 m, 16 bar<\/td><td>FUB CBF\u00a0<br><img loading=\"lazy\" decoding=\"async\" width=\"200\" height=\"149\" class=\"wp-image-2783\" style=\"width: 200px;\" src=\"https:\/\/www.tektrade.ee\/lt\/wp-content\/uploads\/sites\/7\/2025\/08\/ResizedImage268200-FUB-EDUR.jpg\" alt=\"\"><br>FUB<\/td><\/tr><tr><td>Daugiapakopiai i\u0161centriniai siurbliai<\/td><td>Daugiapakopis<\/td><td>maks. 350 m3\/val., 400 m, 40 bar<\/td><td>LBU VBU NH Z\u00a0<br><img loading=\"lazy\" decoding=\"async\" width=\"200\" height=\"134\" class=\"wp-image-2785\" style=\"width: 200px;\" src=\"https:\/\/www.tektrade.ee\/lt\/wp-content\/uploads\/sites\/7\/2025\/08\/ResizedImage298200-LBU-EDUR.jpg\" alt=\"\"><br>LBU<\/td><\/tr><tr><td>U\u017esipildantys i\u0161centriniai siurbliai<\/td><td>U\u017esipildantis<\/td><td>maks. 300 m3\/val., 160 m, 16 bar<\/td><td>S SUB E\u00a0<br><img loading=\"lazy\" decoding=\"async\" width=\"200\" height=\"132\" class=\"wp-image-2786\" style=\"width: 200px;\" src=\"https:\/\/www.tektrade.ee\/lt\/wp-content\/uploads\/sites\/7\/2025\/08\/ResizedImage303200-S-EDUR.jpg\" alt=\"\" srcset=\"https:\/\/www.tektrade.ee\/lt\/wp-content\/uploads\/sites\/7\/2025\/08\/ResizedImage303200-S-EDUR.jpg 303w, https:\/\/www.tektrade.ee\/lt\/wp-content\/uploads\/sites\/7\/2025\/08\/ResizedImage303200-S-EDUR-300x200.jpg 300w\" sizes=\"auto, (max-width: 200px) 100vw, 200px\" \/><br>S<\/td><\/tr><tr><td>Daugiapakopiai i\u0161centriniai siurbliai<\/td><td>Daugiapakopis<\/td><td>maks. 60 m3\/val., 250 m, 40 bar<\/td><td>PBU LBU\u00a0<br><img loading=\"lazy\" decoding=\"async\" width=\"200\" height=\"139\" class=\"wp-image-2787\" style=\"width: 200px;\" src=\"https:\/\/www.tektrade.ee\/lt\/wp-content\/uploads\/sites\/7\/2025\/08\/ResizedImage288200-PBU-EDUR.jpg\" alt=\"\"><br>PBU<\/td><\/tr><tr><td>Suskystint\u0173 duj\u0173 siurbliai<\/td><td>Suskystint\u0173 duj\u0173<\/td><td>maks. 340 m3\/val., 400 m, 40 bar<\/td><td>NHE LBE\u00a0<br><img loading=\"lazy\" decoding=\"async\" width=\"200\" height=\"142\" class=\"wp-image-2788\" style=\"width: 200px;\" src=\"https:\/\/www.tektrade.ee\/lt\/wp-content\/uploads\/sites\/7\/2025\/08\/ResizedImage282200-NHE-EDUR.jpg\" alt=\"\" srcset=\"https:\/\/www.tektrade.ee\/lt\/wp-content\/uploads\/sites\/7\/2025\/08\/ResizedImage282200-NHE-EDUR.jpg 282w, https:\/\/www.tektrade.ee\/lt\/wp-content\/uploads\/sites\/7\/2025\/08\/ResizedImage282200-NHE-EDUR-280x200.jpg 280w\" sizes=\"auto, (max-width: 200px) 100vw, 200px\" \/><br>NHE<\/td><\/tr><tr><td>Panardinami siurbliai<\/td><td>Panardinamas&nbsp;<\/td><td>maks. 350 m3\/val., 50 m, 16 bar<\/td><td>CTOL\u00a0<br><img loading=\"lazy\" decoding=\"async\" width=\"98\" height=\"200\" class=\"wp-image-2789\" style=\"width: 98px;\" src=\"https:\/\/www.tektrade.ee\/lt\/wp-content\/uploads\/sites\/7\/2025\/08\/ResizedImage98200-CTOL-EDUR.jpg\" alt=\"\"><br>CTOL\u00a0<\/td><\/tr><\/tbody><\/table><\/figure>\n\n\n\n<p><\/p>\n","protected":false},"featured_media":0,"parent":2739,"menu_order":72,"template":"","class_list":["post-2770","product","type-product","status-publish","hentry"],"acf":[],"_links":{"self":[{"href":"https:\/\/www.tektrade.ee\/lt\/wp-json\/wp\/v2\/product\/2770","targetHints":{"allow":["GET"]}}],"collection":[{"href":"https:\/\/www.tektrade.ee\/lt\/wp-json\/wp\/v2\/product"}],"about":[{"href":"https:\/\/www.tektrade.ee\/lt\/wp-json\/wp\/v2\/types\/product"}],"version-history":[{"count":8,"href":"https:\/\/www.tektrade.ee\/lt\/wp-json\/wp\/v2\/product\/2770\/revisions"}],"predecessor-version":[{"id":3179,"href":"https:\/\/www.tektrade.ee\/lt\/wp-json\/wp\/v2\/product\/2770\/revisions\/3179"}],"up":[{"embeddable":true,"href":"https:\/\/www.tektrade.ee\/lt\/wp-json\/wp\/v2\/product\/2739"}],"wp:attachment":[{"href":"https:\/\/www.tektrade.ee\/lt\/wp-json\/wp\/v2\/media?parent=2770"}],"curies":[{"name":"wp","href":"https:\/\/api.w.org\/{rel}","templated":true}]}}