{"id":2764,"date":"2025-08-16T12:18:23","date_gmt":"2025-08-16T09:18:23","guid":{"rendered":"https:\/\/www.tektrade.ee\/lt\/?post_type=product&#038;p=2764"},"modified":"2025-08-19T22:53:12","modified_gmt":"2025-08-19T19:53:12","slug":"sraigtiniai-siurbliai","status":"publish","type":"product","link":"https:\/\/www.tektrade.ee\/lt\/prekes\/siurbliai\/sraigtiniai-siurbliai\/","title":{"rendered":"Sraigtiniai siurbliai"},"content":{"rendered":"\n<p>\u201eKRAL\u201c sraigtiniai siurbliai yra skirstomi \u012f \u0161ias kategorijas:<\/p>\n\n\n\n<p><strong>K serija<\/strong><\/p>\n\n\n\n<div class=\"wp-block-group is-nowrap is-layout-flex wp-container-core-group-is-layout-ad2f72ca wp-block-group-is-layout-flex\">\n<div class=\"wp-block-group is-layout-constrained wp-block-group-is-layout-constrained\">\n<figure class=\"wp-block-image alignleft size-full\"><img loading=\"lazy\" decoding=\"async\" width=\"283\" height=\"200\" src=\"https:\/\/www.tektrade.ee\/lt\/wp-content\/uploads\/sites\/7\/2025\/08\/ResizedImage283200-Seeria-K.jpg\" alt=\"\" class=\"wp-image-2765\"\/><\/figure>\n<\/div>\n<\/div>\n\n\n\n<p>Na\u0161umas: 5 iki 2,900 l\/min<br>C na\u0161umas KFT: 5 iki 510 l\/min<br>Maks. diferencinis sl\u0117gis: 16 bar<br>Temperat\u016bros diapazonas:\u00a0 -20\u00b0C iki 180\u00b0C, magnetin\u0117s movos iki 300\u00b0C<br>Korpusas:\u00a0perlitinis ketus EN-GJS-400\u00a0<br>A\u0161ys:\u00a0plienas, padengtas nitridu<br>Sertifikatai: ABS, BV, CCS, DNV, GL, LRS, RS, NK, RINA<br>ATEX:\u00a0 II 2 GD b\/c II grup\u0117, 2 kategorija<br>\u0160ildymas:\u00a0elektra, skys\u010diai ir garai.<\/p>\n\n\n\n<div style=\"height:30px\" aria-hidden=\"true\" class=\"wp-block-spacer\"><\/div>\n\n\n\n<p><strong>L serija<\/strong><\/p>\n\n\n\n<div class=\"wp-block-group is-nowrap is-layout-flex wp-container-core-group-is-layout-ad2f72ca wp-block-group-is-layout-flex\">\n<div class=\"wp-block-group is-layout-constrained wp-block-group-is-layout-constrained\">\n<figure class=\"wp-block-image alignleft size-full\"><img loading=\"lazy\" decoding=\"async\" width=\"283\" height=\"200\" src=\"https:\/\/www.tektrade.ee\/lt\/wp-content\/uploads\/sites\/7\/2025\/08\/ResizedImage283200-Seeria-L.jpg\" alt=\"\" class=\"wp-image-2766\"\/><\/figure>\n<\/div>\n<\/div>\n\n\n\n<p>Na\u0161umas: 5 iki 200 l\/min<br>Maks. sl\u0117gis: 63 bar<br>Temperat\u016bros diapazonas:\u00a0 -20\u00b0C iki 180\u00b0C, magnetin\u0117s movos iki 300\u00b0C.<br>Korpusas:\u00a0perlitinis ketus EN-GJS-400<br>A\u0161ys: plienas, padengtas nitridu<br>Sertifikatai: ABS, BV, CCS, DNV, GL, LRS, MRS, NK, RINA, KR<br>ATEX:\u00a0 II 2 GD b\/c II grup\u0117, 2 kategorija<br>\u0160ildymas:\u00a0elektra, skys\u010diai ir garai.<\/p>\n\n\n\n<div style=\"height:30px\" aria-hidden=\"true\" class=\"wp-block-spacer\"><\/div>\n\n\n\n<p><strong><strong><strong><strong><strong>C serija<\/strong><\/strong><\/strong><\/strong><\/strong><\/p>\n\n\n\n<div class=\"wp-block-group is-nowrap is-layout-flex wp-container-core-group-is-layout-ad2f72ca wp-block-group-is-layout-flex\">\n<div class=\"wp-block-group is-layout-constrained wp-block-group-is-layout-constrained\">\n<figure class=\"wp-block-image alignleft size-full\"><img loading=\"lazy\" decoding=\"async\" width=\"221\" height=\"200\" src=\"https:\/\/www.tektrade.ee\/lt\/wp-content\/uploads\/sites\/7\/2025\/08\/ResizedImage221200-Seeria-C.jpg\" alt=\"\" class=\"wp-image-2767\"\/><\/figure>\n<\/div>\n<\/div>\n\n\n\n<p>Na\u0161umas CK: 1,750\u00a0 l\/min<br>Na\u0161umas CL: 3,550\u00a0 l\/min<br>Na\u0161umas CG: 3,550\u00a0 l\/min<br>Temperat\u016bros diapazonas:\u00a0 -20\u00b0C iki 180\u00b0C, magnetin\u0117s movos iki 300\u00b0C<br>Sl\u0117gio diapazonas: 70 bar; 100 bar<br>Korpusas: perlitinis ketus, plienas ir aliuminis<br>A\u0161ys: plienas, padengtas nitridu<br>Sertifikatai: ABS, BV, CCS, DNV, GL, LRS, MRS, NK, RINA, KR<br>ATEX:\u00a0 II 2 GD b\/c II grup\u0117, 2 kategorija<br>\u0160ildymas:\u00a0elektra, skys\u010diai ir garai<br>Pagaminta pagal API standartus.<\/p>\n\n\n\n<div style=\"height:30px\" aria-hidden=\"true\" class=\"wp-block-spacer\"><\/div>\n\n\n\n<p><strong>W serija<\/strong><\/p>\n\n\n\n<div class=\"wp-block-group is-nowrap is-layout-flex wp-container-core-group-is-layout-ad2f72ca wp-block-group-is-layout-flex\">\n<div class=\"wp-block-group is-layout-constrained wp-block-group-is-layout-constrained\">\n<figure class=\"wp-block-image alignleft size-full\"><img loading=\"lazy\" decoding=\"async\" width=\"307\" height=\"200\" src=\"https:\/\/www.tektrade.ee\/lt\/wp-content\/uploads\/sites\/7\/2025\/08\/ResizedImage307200-Seeria-W-1.jpg\" alt=\"\" class=\"wp-image-2768\" srcset=\"https:\/\/www.tektrade.ee\/lt\/wp-content\/uploads\/sites\/7\/2025\/08\/ResizedImage307200-Seeria-W-1.jpg 307w, https:\/\/www.tektrade.ee\/lt\/wp-content\/uploads\/sites\/7\/2025\/08\/ResizedImage307200-Seeria-W-1-300x195.jpg 300w\" sizes=\"auto, (max-width: 307px) 100vw, 307px\" \/><\/figure>\n<\/div>\n<\/div>\n\n\n\n<p>Na\u0161umas: 15 iki 290 l\/min<br>Maks. diferencinis sl\u0117gis: 120 bar<br>Klampumas: > 1 mm2\/sek.<br>Maks. temperat\u016bra: iki 180\u00b0C, magnetin\u0117s movos iki 300\u00b0C<br>Montavimas: \u0161lapiai arba sausai<br>A\u0161ies korpusas: perlitinis ketus EN-GJS-400, padengtas polimerais ar kita med\u017eiaga<br>A\u0161ys: plienas, padengtas nitridu.<\/p>\n\n\n\n<div style=\"height:30px\" aria-hidden=\"true\" class=\"wp-block-spacer\"><\/div>\n\n\n\n<p><strong>Magnetin\u0117s movos:<\/strong><\/p>\n\n\n\n<p>Padavimo greitis: 5 iki 3550 l\/min<br>Temperat\u016bros diapazonas:&nbsp; -20\u00b0C iki 300\u00b0C&nbsp; &nbsp; &nbsp; &nbsp; &nbsp; &nbsp; &nbsp;<br>Sl\u0117gis: 120 bar.<\/p>\n","protected":false},"featured_media":0,"parent":2739,"menu_order":71,"template":"","class_list":["post-2764","product","type-product","status-publish","hentry"],"acf":[],"_links":{"self":[{"href":"https:\/\/www.tektrade.ee\/lt\/wp-json\/wp\/v2\/product\/2764","targetHints":{"allow":["GET"]}}],"collection":[{"href":"https:\/\/www.tektrade.ee\/lt\/wp-json\/wp\/v2\/product"}],"about":[{"href":"https:\/\/www.tektrade.ee\/lt\/wp-json\/wp\/v2\/types\/product"}],"version-history":[{"count":2,"href":"https:\/\/www.tektrade.ee\/lt\/wp-json\/wp\/v2\/product\/2764\/revisions"}],"predecessor-version":[{"id":3177,"href":"https:\/\/www.tektrade.ee\/lt\/wp-json\/wp\/v2\/product\/2764\/revisions\/3177"}],"up":[{"embeddable":true,"href":"https:\/\/www.tektrade.ee\/lt\/wp-json\/wp\/v2\/product\/2739"}],"wp:attachment":[{"href":"https:\/\/www.tektrade.ee\/lt\/wp-json\/wp\/v2\/media?parent=2764"}],"curies":[{"name":"wp","href":"https:\/\/api.w.org\/{rel}","templated":true}]}}