{"id":2755,"date":"2025-08-16T12:11:58","date_gmt":"2025-08-16T09:11:58","guid":{"rendered":"https:\/\/www.tektrade.ee\/lt\/?post_type=product&#038;p=2755"},"modified":"2025-08-19T22:52:18","modified_gmt":"2025-08-19T19:52:18","slug":"nukalkinantys-silumokaiciu-siurbliai","status":"publish","type":"product","link":"https:\/\/www.tektrade.ee\/lt\/prekes\/siurbliai\/cheminiai-siurbliai\/nukalkinantys-silumokaiciu-siurbliai\/","title":{"rendered":"Nukalkinantys \u0161ilumokai\u010di\u0173 siurbliai"},"content":{"rendered":"\n<p>\u201eGEL\u201c siurbliai yra skirti nukalkinti, pa\u0161alinti rudis ir kit\u0105 purv\u0105 i\u0161 \u0161ilumokai\u010di\u0173 ir \u0161ildymo sistem\u0173.\u00a0\u201eGEL\u201c chemin\u0117ms med\u017eiagoms atspar\u016bs nukalkinantys siurbliai yra gaminami i\u0161 plastiko. Be siurbli\u0173, mes taip pat si\u016blome \u012fvairias plovimo priemones ir kitas chemines nukalkinimo med\u017eiagas.<br>Daugiau informacijos galite rasti \u201eGEL\u201c ir \u201eKALOXI\u201c kataloguose.<\/p>\n\n\n\n<div class=\"wp-block-file\"><a id=\"wp-block-file--media-e2354909-2edf-4c68-8d9e-3046c3bfef46\" href=\"https:\/\/www.tektrade.ee\/lt\/wp-content\/uploads\/sites\/7\/2025\/08\/GEL-GuidAcqua2017-ENG-def.pdf\" target=\"_blank\" rel=\"noreferrer noopener\">&#8222;GEL&#8221; katalogas<\/a><\/div>\n\n\n\n<div class=\"wp-block-file\"><a id=\"wp-block-file--media-4637d7b4-57b9-49b8-9ab4-82883f9f756c\" href=\"https:\/\/www.tektrade.ee\/lt\/wp-content\/uploads\/sites\/7\/2025\/08\/Kaloxi-English-5.pdf\" target=\"_blank\" rel=\"noreferrer noopener\">&#8222;KALOXI&#8221; katalogas<\/a><\/div>\n\n\n\n<div style=\"height:30px\" aria-hidden=\"true\" class=\"wp-block-spacer\"><\/div>\n\n\n\n<p><strong><strong>&#8222;BOY C&#8221;<\/strong><\/strong><\/p>\n\n\n\n<div class=\"wp-block-group is-nowrap is-layout-flex wp-container-core-group-is-layout-ad2f72ca wp-block-group-is-layout-flex\">\n<div class=\"wp-block-group is-layout-constrained wp-block-group-is-layout-constrained\">\n<figure class=\"wp-block-image alignleft size-full\"><img loading=\"lazy\" decoding=\"async\" width=\"300\" height=\"426\" src=\"https:\/\/www.tektrade.ee\/lt\/wp-content\/uploads\/sites\/7\/2025\/08\/ResizedImage300426-BOY-C-130.jpg\" alt=\"\" class=\"wp-image-2759\" srcset=\"https:\/\/www.tektrade.ee\/lt\/wp-content\/uploads\/sites\/7\/2025\/08\/ResizedImage300426-BOY-C-130.jpg 300w, https:\/\/www.tektrade.ee\/lt\/wp-content\/uploads\/sites\/7\/2025\/08\/ResizedImage300426-BOY-C-130-211x300.jpg 211w\" sizes=\"auto, (max-width: 300px) 100vw, 300px\" \/><figcaption class=\"wp-element-caption\">\u201eBOY C\u201c SIURBLYS<br><\/figcaption><\/figure>\n<\/div>\n<\/div>\n\n\n\n<div style=\"height:30px\" aria-hidden=\"true\" class=\"wp-block-spacer\"><\/div>\n\n\n\n<p>Siurbliai su srauto apgr\u0119\u017eimu:<\/p>\n\n\n\n<figure class=\"wp-block-table is-style-stripes\"><table class=\"has-fixed-layout\"><tbody><tr><td><strong>Produktas<\/strong><\/td><td><strong>Bakas<\/strong><\/td><td><strong>Sl\u0117gis<\/strong><\/td><td><strong>Maks. srauto greitis<\/strong><\/td><td><strong>Motoras<\/strong><\/td><td><strong>Matmenys<\/strong><\/td><\/tr><tr><td>\u201eBoy C15 Super\u201c<\/td><td>15 l<\/td><td>1,2 bar<\/td><td>33&nbsp;l\/min<\/td><td>230 V &#8211; Hp 0,20<\/td><td>35 x 48 cm<\/td><\/tr><tr><td>\u201eBoy C30\u201c<\/td><td>24 l<\/td><td>1,5&nbsp;bar<\/td><td>39&nbsp;l\/min<\/td><td>230 V &#8211; Hp 0,45<\/td><td>40 x 63 cm<\/td><\/tr><tr><td>\u201eBoy C130\u201c<\/td><td>100 l<\/td><td>1,5&nbsp;bar<\/td><td>39&nbsp;l\/min<\/td><td>230 V &#8211; Hp 0,45<\/td><td>53 x 70 cm<\/td><\/tr><tr><td>\u201eBoy C190\u201c<\/td><td>100 l<\/td><td>1,8&nbsp;bar<\/td><td>102 l\/min<\/td><td>230 V &#8211; Hp 0,75<\/td><td>53 x 72 cm<\/td><\/tr><tr><td>\u201eBoy C230\u201c<\/td><td>200 l<\/td><td>1,8&nbsp;bar<\/td><td>102&nbsp;l\/min<\/td><td>230 V &#8211; Hp 0,75<\/td><td>67 x 85 cm<\/td><\/tr><\/tbody><\/table><\/figure>\n\n\n\n<div style=\"height:30px\" aria-hidden=\"true\" class=\"wp-block-spacer\"><\/div>\n\n\n\n<p>Siurbliai be srauto apgr\u0119\u017eimo:<\/p>\n\n\n\n<figure class=\"wp-block-table is-style-stripes\"><table class=\"has-fixed-layout\"><tbody><tr><td><strong>Produktas<\/strong><\/td><td><strong>Bakas<\/strong><\/td><td><strong>Sl\u0117gis<\/strong><\/td><td><strong>Maks. srauto greitis<\/strong><\/td><td><strong>Motoras<\/strong><\/td><td><strong>Matmenys<\/strong><\/td><\/tr><tr><td>\u201eBoy C10\u201c<\/td><td>15 l<\/td><td>1,0 bar<\/td><td>28&nbsp;l\/min<\/td><td>230 V &#8211; Hp 0,17<\/td><td>35 x 48 cm<\/td><\/tr><tr><td>\u201eBoy C20\u201e<\/td><td>24 l<\/td><td>1,5&nbsp;bar<\/td><td>39&nbsp;l\/min<\/td><td>230 V &#8211; Hp 0,45<\/td><td>40 x 63 cm<\/td><\/tr><tr><td>\u201eBoy C120\u201e<\/td><td>100 l<\/td><td>1,5&nbsp;bar<\/td><td>39&nbsp;l\/min<\/td><td>230 V &#8211; Hp 0,45<\/td><td>53 x 70 cm<\/td><\/tr><tr><td>\u201eBoy C180\u201e<\/td><td>100 l<\/td><td>1,8 bar<\/td><td>102 l\/min<\/td><td>230 V &#8211; Hp 0,75<\/td><td>53 x 72 cm<\/td><\/tr><tr><td>\u201eBoy C200\u201e<\/td><td>&#8211;<\/td><td>1,8 bar<\/td><td>330 l\/min<\/td><td>230 V &#8211; Hp 1,5<\/td><td>25 x 45 x 25 cm<\/td><\/tr><tr><td>\u201eBoy C220\u201e<\/td><td>200 l<\/td><td>1,8&nbsp;bar<\/td><td>102 l\/min<\/td><td>230 V &#8211; Hp 0,75<\/td><td>67 x 85 cm<\/td><\/tr><\/tbody><\/table><\/figure>\n\n\n\n<div style=\"height:30px\" aria-hidden=\"true\" class=\"wp-block-spacer\"><\/div>\n\n\n\n<p><strong><strong>&#8222;SUPER FLUSH 40&#8221;<\/strong><\/strong><\/p>\n\n\n\n<div class=\"wp-block-group is-nowrap is-layout-flex wp-container-core-group-is-layout-ad2f72ca wp-block-group-is-layout-flex\">\n<div class=\"wp-block-group is-layout-constrained wp-block-group-is-layout-constrained\">\n<figure class=\"wp-block-image alignleft size-full\"><img loading=\"lazy\" decoding=\"async\" width=\"300\" height=\"450\" src=\"https:\/\/www.tektrade.ee\/lt\/wp-content\/uploads\/sites\/7\/2025\/08\/ResizedImage300450-LL-SF40-2017-DSC02262.png\" alt=\"\" class=\"wp-image-2761\" srcset=\"https:\/\/www.tektrade.ee\/lt\/wp-content\/uploads\/sites\/7\/2025\/08\/ResizedImage300450-LL-SF40-2017-DSC02262.png 300w, https:\/\/www.tektrade.ee\/lt\/wp-content\/uploads\/sites\/7\/2025\/08\/ResizedImage300450-LL-SF40-2017-DSC02262-200x300.png 200w\" sizes=\"auto, (max-width: 300px) 100vw, 300px\" \/><figcaption class=\"wp-element-caption\">\u201eSUPER FLUSH 40\u201c SIURBLYS<br><\/figcaption><\/figure>\n<\/div>\n<\/div>\n\n\n\n<figure class=\"wp-block-table is-style-stripes\"><table class=\"has-fixed-layout\"><tbody><tr><td><strong>Produktas<\/strong><\/td><td><strong>Motoras<\/strong><\/td><td><strong>Maks. srauto greitis<\/strong><\/td><td><strong>Sl\u0117gis<\/strong><\/td><td><strong>Matmenys<\/strong><\/td><\/tr><tr><td>\u201eSuper Flush 40\u201c<\/td><td>230 V &#8211; Hp 0,75<\/td><td>102 l\/min&nbsp;<\/td><td>1,8 bar<\/td><td>40 x 95&nbsp;x 70&nbsp;cm&nbsp;<\/td><\/tr><\/tbody><\/table><\/figure>\n\n\n\n<p><a  href=\"https:\/\/www.youtube.com\/watch?v=Rq2VQj9tZfg\"  target=\"_blank\" rel=\"noreferrer noopener\" target=\"_blank\">&#8222;Super Flush 40&#8221; vaizdo \u012fra\u0161as<\/a><\/p>\n\n\n\n<p><\/p>\n","protected":false},"featured_media":0,"parent":2750,"menu_order":70,"template":"","class_list":["post-2755","product","type-product","status-publish","hentry"],"acf":[],"_links":{"self":[{"href":"https:\/\/www.tektrade.ee\/lt\/wp-json\/wp\/v2\/product\/2755","targetHints":{"allow":["GET"]}}],"collection":[{"href":"https:\/\/www.tektrade.ee\/lt\/wp-json\/wp\/v2\/product"}],"about":[{"href":"https:\/\/www.tektrade.ee\/lt\/wp-json\/wp\/v2\/types\/product"}],"version-history":[{"count":5,"href":"https:\/\/www.tektrade.ee\/lt\/wp-json\/wp\/v2\/product\/2755\/revisions"}],"predecessor-version":[{"id":3176,"href":"https:\/\/www.tektrade.ee\/lt\/wp-json\/wp\/v2\/product\/2755\/revisions\/3176"}],"up":[{"embeddable":true,"href":"https:\/\/www.tektrade.ee\/lt\/wp-json\/wp\/v2\/product\/2750"}],"wp:attachment":[{"href":"https:\/\/www.tektrade.ee\/lt\/wp-json\/wp\/v2\/media?parent=2755"}],"curies":[{"name":"wp","href":"https:\/\/api.w.org\/{rel}","templated":true}]}}