{"id":2752,"date":"2025-08-16T12:11:00","date_gmt":"2025-08-16T09:11:00","guid":{"rendered":"https:\/\/www.tektrade.ee\/lt\/?post_type=product&#038;p=2752"},"modified":"2025-08-19T22:50:34","modified_gmt":"2025-08-19T19:50:34","slug":"iscentriniai-siurbliai-su-plastikine-apsauga","status":"publish","type":"product","link":"https:\/\/www.tektrade.ee\/lt\/prekes\/siurbliai\/cheminiai-siurbliai\/iscentriniai-siurbliai-su-plastikine-apsauga\/","title":{"rendered":"I\u0161centriniai siurbliai su plastikine apsauga"},"content":{"rendered":"\n<div class=\"wp-block-group is-nowrap is-layout-flex wp-container-core-group-is-layout-ad2f72ca wp-block-group-is-layout-flex\">\n<div class=\"wp-block-group is-layout-constrained wp-block-group-is-layout-constrained\">\n<figure class=\"wp-block-image alignleft size-full\"><img loading=\"lazy\" decoding=\"async\" width=\"300\" height=\"240\" src=\"https:\/\/www.tektrade.ee\/lt\/wp-content\/uploads\/sites\/7\/2025\/08\/ResizedImage300240-MUNSCH.jpg\" alt=\"\" class=\"wp-image-2753\"\/><figcaption class=\"wp-element-caption\">I\u0161centrinis siurblys su plastikine apsauga<br><\/figcaption><\/figure>\n<\/div>\n<\/div>\n\n\n\n<p>I\u0161centriniai siurbliai su plastikine apsauga skirti chemini\u0173 med\u017eiag\u0173 veikiamoje terp\u0117je. Jais siurbiami aplinkai ar sveikatai kenksmingi skys\u010diai, pvz., r\u016bg\u0161tys, \u0161armai ir tirpikliai, kuriuose gali b\u016bti \u0161iurk\u0161taus poveikio daleli\u0173. Cheminiai siurbliai s\u0117kmingai pritaikomi tokiose srityse kaip chemijos ir farmacijos produkt\u0173 gamyba, elektroliz\u0117s ir cinkavimo procesai, metalo apdirbimas.<\/p>\n\n\n\n<p>\u0160ie siurbliai gaminami i\u0161 keli\u0173 skirting\u0173 metalini\u0173 med\u017eiag\u0173. I\u0161centriniai siurbliai gali b\u016bti horizontal\u016bs (turintys mechaninius sandariklius ar magnetines movas) arba vertikal\u016bs (turintys slydimo guolius).<\/p>\n\n\n\n<p>M\u016bs\u0173 asortimente yra i\u0161centrini\u0173 siurbli\u0173, pagamint\u0173 i\u0161 PP, PE-UHMW, PVDF med\u017eiag\u0173, taip pat i\u0161 korozijai atsparios PFA med\u017eiagos.<\/p>\n\n\n\n<p>Techniniai duomenys:<br>Siurbiamas srautas: iki 1200 m\u00b3\/val.<br>Siurbimo auk\u0161tis: iki 100 m<br>Darbin\u0117 temperat\u016bra: nuo -20 \u00b0C iki +110 \u00b0C<br>Darbinis sl\u0117gis: iki 10 bar<br>Prijungiamo antgalio skersmuo: nuo DN 25 iki DN 250<\/p>\n","protected":false},"featured_media":0,"parent":2750,"menu_order":69,"template":"","class_list":["post-2752","product","type-product","status-publish","hentry"],"acf":[],"_links":{"self":[{"href":"https:\/\/www.tektrade.ee\/lt\/wp-json\/wp\/v2\/product\/2752","targetHints":{"allow":["GET"]}}],"collection":[{"href":"https:\/\/www.tektrade.ee\/lt\/wp-json\/wp\/v2\/product"}],"about":[{"href":"https:\/\/www.tektrade.ee\/lt\/wp-json\/wp\/v2\/types\/product"}],"version-history":[{"count":2,"href":"https:\/\/www.tektrade.ee\/lt\/wp-json\/wp\/v2\/product\/2752\/revisions"}],"predecessor-version":[{"id":3173,"href":"https:\/\/www.tektrade.ee\/lt\/wp-json\/wp\/v2\/product\/2752\/revisions\/3173"}],"up":[{"embeddable":true,"href":"https:\/\/www.tektrade.ee\/lt\/wp-json\/wp\/v2\/product\/2750"}],"wp:attachment":[{"href":"https:\/\/www.tektrade.ee\/lt\/wp-json\/wp\/v2\/media?parent=2752"}],"curies":[{"name":"wp","href":"https:\/\/api.w.org\/{rel}","templated":true}]}}