{"id":2736,"date":"2025-08-16T12:06:26","date_gmt":"2025-08-16T09:06:26","guid":{"rendered":"https:\/\/www.tektrade.ee\/lt\/?post_type=product&#038;p=2736"},"modified":"2025-08-19T22:56:15","modified_gmt":"2025-08-19T19:56:15","slug":"vibraciniai-malunai","status":"publish","type":"product","link":"https:\/\/www.tektrade.ee\/lt\/prekes\/irenginiai-darbui-su-milteliais\/vibraciniai-malunai\/","title":{"rendered":"Vibraciniai mal\u016bnai"},"content":{"rendered":"\n<div class=\"wp-block-group is-nowrap is-layout-flex wp-container-core-group-is-layout-ad2f72ca wp-block-group-is-layout-flex\">\n<div class=\"wp-block-group is-layout-constrained wp-block-group-is-layout-constrained\">\n<figure class=\"wp-block-image alignleft size-full\"><img loading=\"lazy\" decoding=\"async\" width=\"305\" height=\"298\" src=\"https:\/\/www.tektrade.ee\/lt\/wp-content\/uploads\/sites\/7\/2025\/08\/Vibroveskid.jpg\" alt=\"\" class=\"wp-image-2737\" srcset=\"https:\/\/www.tektrade.ee\/lt\/wp-content\/uploads\/sites\/7\/2025\/08\/Vibroveskid.jpg 305w, https:\/\/www.tektrade.ee\/lt\/wp-content\/uploads\/sites\/7\/2025\/08\/Vibroveskid-300x293.jpg 300w\" sizes=\"auto, (max-width: 305px) 100vw, 305px\" \/><figcaption class=\"wp-element-caption\">Vibraciniai mal\u016bnai<br><\/figcaption><\/figure>\n<\/div>\n<\/div>\n\n\n\n<p>\u201eTekTrade Baltic\u201d asortimente yra \u201eSWECO\u201c vibracini\u0173 mal\u016bn\u0173, kuriuose dalel\u0117ms smulkinti naudojami vibruojantys keraminiai rutuliai. Tokiu b\u016bdu pasiekiamas ma\u017eesnis daleli\u0173 dydis.<\/p>\n\n\n\n<p>Palyginus su kitais smulkinimo metodais vibracin\u0117s energijos naudojimas yra efektyvesnis, skai\u010diuojant pagal energijos s\u0105naudas vienam vienetui.<br>\u012erenginio prie\u017ei\u016bros i\u0161laidos nedidel\u0117s, kadangi jame ma\u017eai judan\u010di\u0173 dali\u0173 ir korpuso vidinis apmu\u0161alas pagamintas i\u0161 susid\u0117v\u0117jimui atspari\u0173 elastomer\u0173, kiet\u0173j\u0173 metal\u0173 ar keramikos.<br>Viruojant \u201eSWECO Vibro-Energy Mill\u201c unikaliems cilindriniams rutuliukams u\u017etikrinamas kuo didesnis j\u0173 s\u0105lytis su med\u017eiagos daleli\u0173 pavir\u0161iumi ir kuo ma\u017eesni laisvi tarpai. Tod\u0117l smulkinimui sunaudojama ma\u017eai energijos ir \u0161is procesas daug veiksmingesnis. Pavyzd\u017eiui, 300 mikrometr\u0173 dyd\u017eio daleles galima susmulkinti iki 1 mikrometro dyd\u017eio.<br>Naudojant mal\u016bn\u0105 didel\u0117s energijos re\u017eimu, iki 30 cm dyd\u017eio med\u017eiagos gabal\u0117lius galima sumalti \u012f miltelius, o 1 cm dyd\u017eio gabal\u0117lius galima susmulkinti iki 5 mikrometr\u0173 dyd\u017eio gr\u016bdeli\u0173.<br>Ma\u017eos energijos darbo re\u017eimas tinka \u0161lapiam malimui, didel\u0117s energijos re\u017eim\u0105 galima naudoti ir sausam, ir \u0161lapiam malimui.<\/p>\n","protected":false},"featured_media":0,"parent":2645,"menu_order":76,"template":"","class_list":["post-2736","product","type-product","status-publish","hentry"],"acf":[],"_links":{"self":[{"href":"https:\/\/www.tektrade.ee\/lt\/wp-json\/wp\/v2\/product\/2736","targetHints":{"allow":["GET"]}}],"collection":[{"href":"https:\/\/www.tektrade.ee\/lt\/wp-json\/wp\/v2\/product"}],"about":[{"href":"https:\/\/www.tektrade.ee\/lt\/wp-json\/wp\/v2\/types\/product"}],"version-history":[{"count":2,"href":"https:\/\/www.tektrade.ee\/lt\/wp-json\/wp\/v2\/product\/2736\/revisions"}],"predecessor-version":[{"id":3184,"href":"https:\/\/www.tektrade.ee\/lt\/wp-json\/wp\/v2\/product\/2736\/revisions\/3184"}],"up":[{"embeddable":true,"href":"https:\/\/www.tektrade.ee\/lt\/wp-json\/wp\/v2\/product\/2645"}],"wp:attachment":[{"href":"https:\/\/www.tektrade.ee\/lt\/wp-json\/wp\/v2\/media?parent=2736"}],"curies":[{"name":"wp","href":"https:\/\/api.w.org\/{rel}","templated":true}]}}