{"id":2733,"date":"2025-08-16T12:05:50","date_gmt":"2025-08-16T09:05:50","guid":{"rendered":"https:\/\/www.tektrade.ee\/lt\/?post_type=product&#038;p=2733"},"modified":"2025-08-19T22:56:33","modified_gmt":"2025-08-19T19:56:33","slug":"kuginiai-malunai","status":"publish","type":"product","link":"https:\/\/www.tektrade.ee\/lt\/prekes\/irenginiai-darbui-su-milteliais\/kuginiai-malunai\/","title":{"rendered":"K\u016bginiai mal\u016bnai"},"content":{"rendered":"\n<div class=\"wp-block-group is-nowrap is-layout-flex wp-container-core-group-is-layout-ad2f72ca wp-block-group-is-layout-flex\">\n<div class=\"wp-block-group is-layout-constrained wp-block-group-is-layout-constrained\">\n<figure class=\"wp-block-image alignleft size-full\"><img loading=\"lazy\" decoding=\"async\" width=\"300\" height=\"200\" src=\"https:\/\/www.tektrade.ee\/lt\/wp-content\/uploads\/sites\/7\/2025\/08\/ResizedImage300200-Koonilised-veskid.jpg\" alt=\"\" class=\"wp-image-2734\"\/><figcaption class=\"wp-element-caption\">K\u016bginis mal\u016bnas<br><\/figcaption><\/figure>\n<\/div>\n<\/div>\n\n\n\n<p>Koonilised veskid on m\u00f5eldud pulbermaterjalide klompide t\u00fckeldamiseks ja pulbriterade v\u00e4hendamiseks.<br>K\u016bginiai mal\u016bnai skirti miltelini\u0173 med\u017eiag\u0173 gumul\u0117liams susmulkinti ir milteli\u0173 gr\u016bdeli\u0173 dyd\u017eiui ma\u017einti.<br>Mal\u016bn\u0105 galima naudoti kaip atskir\u0105 \u012frengin\u012f arba integruoti \u012f baigtin\u0119 perdirbimo grandin\u0119<br>Milteliams patekus \u012f k\u016bginio mal\u016bno malimo kamer\u0105, rotorius juos spaud\u017eia per k\u016bgin\u012f siet\u0105. Veikiami gravitacin\u0117s j\u0117gos, susmulkinti milteliai patenka \u012f apa\u010dioje esan\u010di\u0105 talpykl\u0105 arba nukreipiami toliau \u012f kit\u0105 darbo proces\u0105.<br>Med\u017eiag\u0105 galima susmulkinti reikiamo dyd\u017eio gr\u016bdeliais pagal kliento poreik\u012f. \u0160iuo tikslu nustatomi atitinkami parametrai:<\/p>\n\n\n\n<ol class=\"wp-block-list\">\n<li>sieto aku\u010di\u0173 dydis, i\u0161sid\u0117stymas, forma (pasirinkus tinkamiausi\u0105 i\u0161 \u012fvairi\u0173 kei\u010diam\u0173 siet\u0173);<\/li>\n\n\n\n<li>rotoriaus greitis (kei\u010diat j\u012f pagal konkret\u0173 poreik\u012f);<\/li>\n\n\n\n<li>atstumas tarp rotoriaus ir imtuvo skydo.<\/li>\n<\/ol>\n\n\n\n<p>K\u016bginis mal\u016bnas tinka didelio na\u0161umo procesams ir puikiai sumala \u012fvairios konsistencijos med\u017eiag\u0105 \u2013 dr\u0117gn\u0105, trapi\u0105, lipni\u0105 ir pan. \u0160is \u012frenginys ypa\u010d tinka \u0161ioms gamybos sritims:<\/p>\n\n\n\n<ul class=\"wp-block-list\">\n<li>farmacijos pramonei;<\/li>\n\n\n\n<li>maisto pramonei;<\/li>\n\n\n\n<li>chemijos pramonei;<\/li>\n\n\n\n<li>kosmetikos pramonei.<\/li>\n<\/ul>\n\n\n\n<p>Vaist\u0173 gamybai skirt\u0173 mal\u016bn\u0173 veikimo tikslumas ir daleli\u0173 pavir\u0161i\u0173 apdirbimo savyb\u0117s atitinka grie\u017etus cGMP reikalavimus.<br>Mal\u016bnus galima naudoti ir sprogiose zonose: ATEX &nbsp;1\u201321 ar 2\u201322.<br>Taip pat mal\u016bnai tinka smulkinti degias ar lengvai oksiduojan\u010dios med\u017eiagas izoliacin\u0117se kamerose, kai \u0161is procesas atliekamas inertini\u0173 duj\u0173 aplinkoje ir jo metu naudojamas deguonies lygio steb\u0117tuvas.&nbsp;<\/p>\n","protected":false},"featured_media":0,"parent":2645,"menu_order":77,"template":"","class_list":["post-2733","product","type-product","status-publish","hentry"],"acf":[],"_links":{"self":[{"href":"https:\/\/www.tektrade.ee\/lt\/wp-json\/wp\/v2\/product\/2733","targetHints":{"allow":["GET"]}}],"collection":[{"href":"https:\/\/www.tektrade.ee\/lt\/wp-json\/wp\/v2\/product"}],"about":[{"href":"https:\/\/www.tektrade.ee\/lt\/wp-json\/wp\/v2\/types\/product"}],"version-history":[{"count":2,"href":"https:\/\/www.tektrade.ee\/lt\/wp-json\/wp\/v2\/product\/2733\/revisions"}],"predecessor-version":[{"id":3185,"href":"https:\/\/www.tektrade.ee\/lt\/wp-json\/wp\/v2\/product\/2733\/revisions\/3185"}],"up":[{"embeddable":true,"href":"https:\/\/www.tektrade.ee\/lt\/wp-json\/wp\/v2\/product\/2645"}],"wp:attachment":[{"href":"https:\/\/www.tektrade.ee\/lt\/wp-json\/wp\/v2\/media?parent=2733"}],"curies":[{"name":"wp","href":"https:\/\/api.w.org\/{rel}","templated":true}]}}