{"id":2730,"date":"2025-08-16T12:05:19","date_gmt":"2025-08-16T09:05:19","guid":{"rendered":"https:\/\/www.tektrade.ee\/lt\/?post_type=product&#038;p=2730"},"modified":"2025-08-19T22:56:52","modified_gmt":"2025-08-19T19:56:52","slug":"kintamo-greicio-malunai","status":"publish","type":"product","link":"https:\/\/www.tektrade.ee\/lt\/prekes\/irenginiai-darbui-su-milteliais\/kintamo-greicio-malunai\/","title":{"rendered":"Kintamo grei\u010dio mal\u016bnai"},"content":{"rendered":"\n<div class=\"wp-block-group is-nowrap is-layout-flex wp-container-core-group-is-layout-ad2f72ca wp-block-group-is-layout-flex\">\n<div class=\"wp-block-group is-layout-constrained wp-block-group-is-layout-constrained\">\n<figure class=\"wp-block-image alignleft size-full\"><img loading=\"lazy\" decoding=\"async\" width=\"300\" height=\"270\" src=\"https:\/\/www.tektrade.ee\/lt\/wp-content\/uploads\/sites\/7\/2025\/08\/ResizedImage300270-Vahelduva-poorlemisega-veskid.jpg\" alt=\"\" class=\"wp-image-2731\"\/><figcaption class=\"wp-element-caption\">Kintamo grei\u010dio mal\u016bnas<br><\/figcaption><\/figure>\n<\/div>\n<\/div>\n\n\n\n<div style=\"height:30px\" aria-hidden=\"true\" class=\"wp-block-spacer\"><\/div>\n\n\n\n<p>Kintamo grei\u010dio mal\u016bnai naudojami \u0161velniai smulkinant kar\u0161\u010diui jautrius ir sunkiai malamus gaminius, kai svarbu i\u0161vengti daleli\u0173 sulipimo. \u0160iuo procesu pasiekiamas ne didesnis kaip 250 \u03bcm daleli\u0173 dydis. Kei\u010diant rotoriaus sukimosi greit\u012f u\u017etikrinamas daleli\u0173 vientisumas.<br>Rotorius pertrina daleles per siet\u0105 ir tokiu b\u016bdu \u0161velniai jas susmulkina. D\u0117l rotoriaus galios, kintamo grei\u010dio ir didelio sieto ploto energija gaminiui perteikiama tolygiai. Taip ma\u017e\u0117ja pavojus sumalti med\u017eiag\u0105 pernelyg smulkiai ir paruo\u0161tame gaminyje yra ma\u017eas visi\u0161kai smulki\u0173 gr\u016bdeli\u0173 kiekis.<br>Kintamo grei\u010dio mal\u016bnas ir saus\u0105, ir dr\u0117gn\u0105 med\u017eiag\u0105 efektyviai paver\u010dia \u012f tolygaus birumo miltelius be gumuliuk\u0173.<br>Priklausomai nuo to, kokio gr\u016bdeli\u0173 dyd\u017eio pageidaujama, \u0161iam mal\u016bnui galima naudoti i\u0161 apvalaus arba keturkampio skerspj\u016bvio vielos pagamintus sietus arba perforuotus lak\u0161tinius sietus.<\/p>\n","protected":false},"featured_media":0,"parent":2645,"menu_order":78,"template":"","class_list":["post-2730","product","type-product","status-publish","hentry"],"acf":[],"_links":{"self":[{"href":"https:\/\/www.tektrade.ee\/lt\/wp-json\/wp\/v2\/product\/2730","targetHints":{"allow":["GET"]}}],"collection":[{"href":"https:\/\/www.tektrade.ee\/lt\/wp-json\/wp\/v2\/product"}],"about":[{"href":"https:\/\/www.tektrade.ee\/lt\/wp-json\/wp\/v2\/types\/product"}],"version-history":[{"count":2,"href":"https:\/\/www.tektrade.ee\/lt\/wp-json\/wp\/v2\/product\/2730\/revisions"}],"predecessor-version":[{"id":3186,"href":"https:\/\/www.tektrade.ee\/lt\/wp-json\/wp\/v2\/product\/2730\/revisions\/3186"}],"up":[{"embeddable":true,"href":"https:\/\/www.tektrade.ee\/lt\/wp-json\/wp\/v2\/product\/2645"}],"wp:attachment":[{"href":"https:\/\/www.tektrade.ee\/lt\/wp-json\/wp\/v2\/media?parent=2730"}],"curies":[{"name":"wp","href":"https:\/\/api.w.org\/{rel}","templated":true}]}}