{"id":2727,"date":"2025-08-16T12:04:34","date_gmt":"2025-08-16T09:04:34","guid":{"rendered":"https:\/\/www.tektrade.ee\/lt\/?post_type=product&#038;p=2727"},"modified":"2025-08-19T22:57:10","modified_gmt":"2025-08-19T19:57:10","slug":"plaktukiniai-malunai","status":"publish","type":"product","link":"https:\/\/www.tektrade.ee\/lt\/prekes\/irenginiai-darbui-su-milteliais\/plaktukiniai-malunai\/","title":{"rendered":"Plaktukiniai mal\u016bnai"},"content":{"rendered":"\n<div class=\"wp-block-group is-nowrap is-layout-flex wp-container-core-group-is-layout-ad2f72ca wp-block-group-is-layout-flex\">\n<div class=\"wp-block-group is-layout-constrained wp-block-group-is-layout-constrained\">\n<figure class=\"wp-block-image alignleft size-full\"><img loading=\"lazy\" decoding=\"async\" width=\"300\" height=\"306\" src=\"https:\/\/www.tektrade.ee\/lt\/wp-content\/uploads\/sites\/7\/2025\/08\/ResizedImage300306-Haamerveskid.jpg\" alt=\"\" class=\"wp-image-2728\" srcset=\"https:\/\/www.tektrade.ee\/lt\/wp-content\/uploads\/sites\/7\/2025\/08\/ResizedImage300306-Haamerveskid.jpg 300w, https:\/\/www.tektrade.ee\/lt\/wp-content\/uploads\/sites\/7\/2025\/08\/ResizedImage300306-Haamerveskid-294x300.jpg 294w\" sizes=\"auto, (max-width: 300px) 100vw, 300px\" \/><figcaption class=\"wp-element-caption\"><em>Plaktukinis mal\u016bnas<br><\/em><\/figcaption><\/figure>\n<\/div>\n<\/div>\n\n\n\n<div style=\"height:30px\" aria-hidden=\"true\" class=\"wp-block-spacer\"><\/div>\n\n\n\n<p>Plaktukiniai mal\u016bnai skirti birioms med\u017eiagoms smulkinti. \u0160iuose mal\u016bnuose naudojami vadinamieji \u201eplaktukai\u201d, jie privirtinti prie u\u017edaroje kameroje esan\u010dio besisukan\u010dio veleno, ta\u010diau patys irgi sukasi dideliu grei\u010diu. Med\u017eiaga susmulkinama pakartotiniais plaktuk\u0173, malamos med\u017eiagos ir malimo kameros sieneli\u0173 susid\u016brimais. Mal\u016bno i\u0161leid\u017eiamoji anga turi siet\u0105 ar groteles. Med\u017eiaga kameroje susmulkinama iki tokio dyd\u017eio daleli\u0173, kad jos gal\u0117t\u0173 i\u0161byr\u0117ti per i\u0161leidimo angos siet\u0105. Sunkios med\u017eiagos, pvz., stiklas, akmuo ar metalas, i\u0161 mal\u016bno i\u0161vedamos gravitacijos b\u016bdu. Lengvesn\u0117ms med\u017eiagoms, kaip mediena, popierius ar nedidelio t\u016brinio tankio med\u017eiagoms, papildomai naudojamas ir pneumatinis gabenimas.<\/p>\n","protected":false},"featured_media":0,"parent":2645,"menu_order":79,"template":"","class_list":["post-2727","product","type-product","status-publish","hentry"],"acf":[],"_links":{"self":[{"href":"https:\/\/www.tektrade.ee\/lt\/wp-json\/wp\/v2\/product\/2727","targetHints":{"allow":["GET"]}}],"collection":[{"href":"https:\/\/www.tektrade.ee\/lt\/wp-json\/wp\/v2\/product"}],"about":[{"href":"https:\/\/www.tektrade.ee\/lt\/wp-json\/wp\/v2\/types\/product"}],"version-history":[{"count":2,"href":"https:\/\/www.tektrade.ee\/lt\/wp-json\/wp\/v2\/product\/2727\/revisions"}],"predecessor-version":[{"id":3187,"href":"https:\/\/www.tektrade.ee\/lt\/wp-json\/wp\/v2\/product\/2727\/revisions\/3187"}],"up":[{"embeddable":true,"href":"https:\/\/www.tektrade.ee\/lt\/wp-json\/wp\/v2\/product\/2645"}],"wp:attachment":[{"href":"https:\/\/www.tektrade.ee\/lt\/wp-json\/wp\/v2\/media?parent=2727"}],"curies":[{"name":"wp","href":"https:\/\/api.w.org\/{rel}","templated":true}]}}