{"id":2723,"date":"2025-08-16T12:03:22","date_gmt":"2025-08-16T09:03:22","guid":{"rendered":"https:\/\/www.tektrade.ee\/lt\/?post_type=product&#038;p=2723"},"modified":"2025-08-19T22:57:29","modified_gmt":"2025-08-19T19:57:29","slug":"rotacinis-maisytuvas","status":"publish","type":"product","link":"https:\/\/www.tektrade.ee\/lt\/prekes\/irenginiai-darbui-su-milteliais\/rotacinis-maisytuvas\/","title":{"rendered":"Rotacinis mai\u0161ytuvas"},"content":{"rendered":"\n<div class=\"wp-block-group is-nowrap is-layout-flex wp-container-core-group-is-layout-ad2f72ca wp-block-group-is-layout-flex\">\n<div class=\"wp-block-group is-layout-constrained wp-block-group-is-layout-constrained\">\n<figure class=\"wp-block-image alignleft size-full\"><img loading=\"lazy\" decoding=\"async\" width=\"300\" height=\"354\" src=\"https:\/\/www.tektrade.ee\/lt\/wp-content\/uploads\/sites\/7\/2025\/08\/ResizedImage300354-Trummelsegistid2.jpg\" alt=\"\" class=\"wp-image-2725\" srcset=\"https:\/\/www.tektrade.ee\/lt\/wp-content\/uploads\/sites\/7\/2025\/08\/ResizedImage300354-Trummelsegistid2.jpg 300w, https:\/\/www.tektrade.ee\/lt\/wp-content\/uploads\/sites\/7\/2025\/08\/ResizedImage300354-Trummelsegistid2-254x300.jpg 254w\" sizes=\"auto, (max-width: 300px) 100vw, 300px\" \/><figcaption class=\"wp-element-caption\">Rotacinis mai\u0161ytuvas<br><\/figcaption><\/figure>\n<\/div>\n<\/div>\n\n\n\n<p>Rotaciniu mai\u0161ytuvu (\u201eblenderiu\u201c) galima sumai\u0161yti ir skysto, ir miltelinio pavidalo med\u017eiagas. \u012erenginio judanti dalis \u2013 besisukantis b\u016bgnas, priklausomai nuo mai\u0161om\u0173 med\u017eiag\u0173 naudojami \u012fvair\u016bs b\u016bgno sukimosi re\u017eimai.\u00a0B\u016bgne gali b\u016bti mai\u0161ymo a\u0161men\u0173, kuriais med\u017eiaga mai\u0161ymo metu pakeliama ir apver\u010diama.<\/p>\n","protected":false},"featured_media":0,"parent":2645,"menu_order":80,"template":"","class_list":["post-2723","product","type-product","status-publish","hentry"],"acf":[],"_links":{"self":[{"href":"https:\/\/www.tektrade.ee\/lt\/wp-json\/wp\/v2\/product\/2723","targetHints":{"allow":["GET"]}}],"collection":[{"href":"https:\/\/www.tektrade.ee\/lt\/wp-json\/wp\/v2\/product"}],"about":[{"href":"https:\/\/www.tektrade.ee\/lt\/wp-json\/wp\/v2\/types\/product"}],"version-history":[{"count":3,"href":"https:\/\/www.tektrade.ee\/lt\/wp-json\/wp\/v2\/product\/2723\/revisions"}],"predecessor-version":[{"id":3188,"href":"https:\/\/www.tektrade.ee\/lt\/wp-json\/wp\/v2\/product\/2723\/revisions\/3188"}],"up":[{"embeddable":true,"href":"https:\/\/www.tektrade.ee\/lt\/wp-json\/wp\/v2\/product\/2645"}],"wp:attachment":[{"href":"https:\/\/www.tektrade.ee\/lt\/wp-json\/wp\/v2\/media?parent=2723"}],"curies":[{"name":"wp","href":"https:\/\/api.w.org\/{rel}","templated":true}]}}