{"id":2720,"date":"2025-08-16T12:02:55","date_gmt":"2025-08-16T09:02:55","guid":{"rendered":"https:\/\/www.tektrade.ee\/lt\/?post_type=product&#038;p=2720"},"modified":"2025-08-19T22:57:48","modified_gmt":"2025-08-19T19:57:48","slug":"kuginiai-maisytuvai","status":"publish","type":"product","link":"https:\/\/www.tektrade.ee\/lt\/prekes\/irenginiai-darbui-su-milteliais\/kuginiai-maisytuvai\/","title":{"rendered":"K\u016bginiai mai\u0161ytuvai"},"content":{"rendered":"\n<div class=\"wp-block-group is-nowrap is-layout-flex wp-container-core-group-is-layout-ad2f72ca wp-block-group-is-layout-flex\">\n<div class=\"wp-block-group is-layout-constrained wp-block-group-is-layout-constrained\">\n<figure class=\"wp-block-image alignleft size-full\"><img loading=\"lazy\" decoding=\"async\" width=\"250\" height=\"269\" src=\"https:\/\/www.tektrade.ee\/lt\/wp-content\/uploads\/sites\/7\/2025\/08\/ResizedImage250269-Koonusmikser.jpg\" alt=\"\" class=\"wp-image-2721\"\/><figcaption class=\"wp-element-caption\"><em>K\u016bginis mai\u0161ytuvas<br><\/em><\/figcaption><\/figure>\n<\/div>\n<\/div>\n\n\n\n<p>K\u016bginis mai\u0161ytuvas susideda i\u0161 k\u016bgio formos talpyklos ir sraigto, besisukan\u010dio aplink savo a\u0161\u012f ir kartu judan\u010dio i\u0161ilgai k\u016bgin\u0117s talpyklos vidin\u0117s sienos. Sraigtas pakelia mai\u0161om\u0105 gamin\u012f i\u0161 apa\u010dios \u012f vir\u0161\u0173 ir laisvu srautu meta atgal \u017eemyn.<\/p>\n\n\n\n<p>Privalumai:<\/p>\n\n\n\n<ul class=\"wp-block-list\">\n<li>ma\u017eos energijos s\u0105naudos, kadangi sraigtas talpykloje nejudina visos gaminio mas\u0117s vienu metu;<\/li>\n\n\n\n<li>gaminys beveik nesu\u0161yla;<\/li>\n\n\n\n<li>\u0161velnus mai\u0161ymas negadina gaminio;<\/li>\n\n\n\n<li>i\u0161 talpyklos i\u0161pilama visa sumai\u0161yta mas\u0117;<\/li>\n\n\n\n<li>galima mai\u0161yti ir ma\u017eesnius kiekius nei did\u017eiausias talpyklos t\u016bris.<\/li>\n<\/ul>\n","protected":false},"featured_media":0,"parent":2645,"menu_order":81,"template":"","class_list":["post-2720","product","type-product","status-publish","hentry"],"acf":[],"_links":{"self":[{"href":"https:\/\/www.tektrade.ee\/lt\/wp-json\/wp\/v2\/product\/2720","targetHints":{"allow":["GET"]}}],"collection":[{"href":"https:\/\/www.tektrade.ee\/lt\/wp-json\/wp\/v2\/product"}],"about":[{"href":"https:\/\/www.tektrade.ee\/lt\/wp-json\/wp\/v2\/types\/product"}],"version-history":[{"count":2,"href":"https:\/\/www.tektrade.ee\/lt\/wp-json\/wp\/v2\/product\/2720\/revisions"}],"predecessor-version":[{"id":3189,"href":"https:\/\/www.tektrade.ee\/lt\/wp-json\/wp\/v2\/product\/2720\/revisions\/3189"}],"up":[{"embeddable":true,"href":"https:\/\/www.tektrade.ee\/lt\/wp-json\/wp\/v2\/product\/2645"}],"wp:attachment":[{"href":"https:\/\/www.tektrade.ee\/lt\/wp-json\/wp\/v2\/media?parent=2720"}],"curies":[{"name":"wp","href":"https:\/\/api.w.org\/{rel}","templated":true}]}}