{"id":2717,"date":"2025-08-16T12:02:25","date_gmt":"2025-08-16T09:02:25","guid":{"rendered":"https:\/\/www.tektrade.ee\/lt\/?post_type=product&#038;p=2717"},"modified":"2025-08-19T22:58:06","modified_gmt":"2025-08-19T19:58:06","slug":"verdancio-sluoksnio-maisytuvai","status":"publish","type":"product","link":"https:\/\/www.tektrade.ee\/lt\/prekes\/irenginiai-darbui-su-milteliais\/verdancio-sluoksnio-maisytuvai\/","title":{"rendered":"Verdan\u010dio sluoksnio mai\u0161ytuvai"},"content":{"rendered":"\n<div class=\"wp-block-group is-nowrap is-layout-flex wp-container-core-group-is-layout-ad2f72ca wp-block-group-is-layout-flex\">\n<div class=\"wp-block-group is-layout-constrained wp-block-group-is-layout-constrained\">\n<figure class=\"wp-block-image alignleft size-full\"><img loading=\"lazy\" decoding=\"async\" width=\"300\" height=\"211\" src=\"https:\/\/www.tektrade.ee\/lt\/wp-content\/uploads\/sites\/7\/2025\/08\/ResizedImage300211-Pseudoveeldusmikserid.jpg\" alt=\"\" class=\"wp-image-2718\"\/><figcaption class=\"wp-element-caption\"><em>Pseudovirimo mai\u0161ytuvas<br><\/em><\/figcaption><\/figure>\n<\/div>\n<\/div>\n\n\n\n<p>Verdan\u010dio sluoksnio procesas (arba pseudovirimas) \u2013 \u012f skystinim\u0105 pana\u0161i technologija, kai gr\u016bd\u0117ta med\u017eiaga pereina i\u0161 statinio kietumo \u012f dinamin\u012f skyst\u012f primenant\u012f b\u016bv\u012f. \u0160is procesas vyksta tuomet, kai oras ar duj\u0173 srautas leid\u017eiamas per plienin\u0117s med\u017eiagos sluoksn\u012f i\u0161 apa\u010dios \u012f vir\u0161\u0173. Oras ar dujos skverbiasi pro tu\u0161tumas, esan\u010dias tarp kiet\u0173 \u0161io sluoksnio daleli\u0173. Did\u0117jant srauto grei\u010diui, aerodinamin\u0117s j\u0117gos ima kovoti su gravitacijos j\u0117gomis, dalel\u0117s atsitolina viena nuo kitos, tod\u0117l i\u0161auga sluoksnio apimtis. Toliau did\u0117jant duj\u0173 ar oro srauto grei\u010diui, pasiekiama kritin\u0117 vert\u0117, kai \u012f vir\u0161\u0173 nukreiptos varomosios j\u0117gos tampa\u00a0 visi\u0161kai lygios \u012f apa\u010di\u0105 nukreiptai gravitacinei j\u0117gai. Taip sukeliamas daleli\u0173 takumas. Esant \u0161iai kritinei vertei med\u017eiaga pradeda elgtis pana\u0161iai \u012f skyst\u012f \u2013 ji palengv\u0117ja ir pasidaro paprastai sumai\u0161oma. Tokiu b\u016bdu verdan\u010dio sluoksnio technologija padeda taupyti energijos s\u0105naudas.<\/p>\n","protected":false},"featured_media":0,"parent":2645,"menu_order":82,"template":"","class_list":["post-2717","product","type-product","status-publish","hentry"],"acf":[],"_links":{"self":[{"href":"https:\/\/www.tektrade.ee\/lt\/wp-json\/wp\/v2\/product\/2717","targetHints":{"allow":["GET"]}}],"collection":[{"href":"https:\/\/www.tektrade.ee\/lt\/wp-json\/wp\/v2\/product"}],"about":[{"href":"https:\/\/www.tektrade.ee\/lt\/wp-json\/wp\/v2\/types\/product"}],"version-history":[{"count":2,"href":"https:\/\/www.tektrade.ee\/lt\/wp-json\/wp\/v2\/product\/2717\/revisions"}],"predecessor-version":[{"id":3190,"href":"https:\/\/www.tektrade.ee\/lt\/wp-json\/wp\/v2\/product\/2717\/revisions\/3190"}],"up":[{"embeddable":true,"href":"https:\/\/www.tektrade.ee\/lt\/wp-json\/wp\/v2\/product\/2645"}],"wp:attachment":[{"href":"https:\/\/www.tektrade.ee\/lt\/wp-json\/wp\/v2\/media?parent=2717"}],"curies":[{"name":"wp","href":"https:\/\/api.w.org\/{rel}","templated":true}]}}