{"id":2714,"date":"2025-08-16T12:01:53","date_gmt":"2025-08-16T09:01:53","guid":{"rendered":"https:\/\/www.tektrade.ee\/lt\/?post_type=product&#038;p=2714"},"modified":"2025-08-19T22:58:27","modified_gmt":"2025-08-19T19:58:27","slug":"sraigtiniai-konvejeriai","status":"publish","type":"product","link":"https:\/\/www.tektrade.ee\/lt\/prekes\/irenginiai-darbui-su-milteliais\/sraigtiniai-konvejeriai\/","title":{"rendered":"Sraigtiniai konvejeriai"},"content":{"rendered":"\n<div class=\"wp-block-group is-nowrap is-layout-flex wp-container-core-group-is-layout-ad2f72ca wp-block-group-is-layout-flex\">\n<div class=\"wp-block-group is-layout-constrained wp-block-group-is-layout-constrained\">\n<figure class=\"wp-block-image alignleft size-full\"><img loading=\"lazy\" decoding=\"async\" width=\"150\" height=\"142\" src=\"https:\/\/www.tektrade.ee\/lt\/wp-content\/uploads\/sites\/7\/2025\/08\/ResizedImage150142-Kruvikonveierid.jpg\" alt=\"\" class=\"wp-image-2715\"\/><figcaption class=\"wp-element-caption\"><em>Sraigtinis konvejeris<br><\/em><\/figcaption><\/figure>\n<\/div>\n<\/div>\n\n\n\n<p>Sraigtiniai konvejeriai skirti biri\u0173j\u0173 med\u017eiag\u0173 ir \u012fvairi\u0173 liku\u010di\u0173 gabenimui i\u0161 silos\u0173 ir i\u0161kraunam\u0173 talpykl\u0173 ar \u012f silosus ir talpyklas.<br>Sraigtini\u0173 konvejeri\u0173 gali b\u016bti dviej\u0173 r\u016b\u0161i\u0173\u2013 lovelio tipo (atviras) ar vamzd\u017eio tipo (u\u017edaras).<br>Sraigtiniai konvejeriai gali veikti dviem kryptimis, tod\u0117l med\u017eiag\u0105 patogu gabenti \u012f reikiam\u0105 pus\u0119 \u2013 pirmyn ar atgal. Kei\u010diant sraigto sukimosi krypt\u012f kei\u010diasi ir med\u017eiagos jud\u0117jimo kryptis.<\/p>\n","protected":false},"featured_media":0,"parent":2645,"menu_order":83,"template":"","class_list":["post-2714","product","type-product","status-publish","hentry"],"acf":[],"_links":{"self":[{"href":"https:\/\/www.tektrade.ee\/lt\/wp-json\/wp\/v2\/product\/2714","targetHints":{"allow":["GET"]}}],"collection":[{"href":"https:\/\/www.tektrade.ee\/lt\/wp-json\/wp\/v2\/product"}],"about":[{"href":"https:\/\/www.tektrade.ee\/lt\/wp-json\/wp\/v2\/types\/product"}],"version-history":[{"count":2,"href":"https:\/\/www.tektrade.ee\/lt\/wp-json\/wp\/v2\/product\/2714\/revisions"}],"predecessor-version":[{"id":3191,"href":"https:\/\/www.tektrade.ee\/lt\/wp-json\/wp\/v2\/product\/2714\/revisions\/3191"}],"up":[{"embeddable":true,"href":"https:\/\/www.tektrade.ee\/lt\/wp-json\/wp\/v2\/product\/2645"}],"wp:attachment":[{"href":"https:\/\/www.tektrade.ee\/lt\/wp-json\/wp\/v2\/media?parent=2714"}],"curies":[{"name":"wp","href":"https:\/\/api.w.org\/{rel}","templated":true}]}}