{"id":2711,"date":"2025-08-16T12:01:21","date_gmt":"2025-08-16T09:01:21","guid":{"rendered":"https:\/\/www.tektrade.ee\/lt\/?post_type=product&#038;p=2711"},"modified":"2025-08-19T22:58:43","modified_gmt":"2025-08-19T19:58:43","slug":"iscentriniai-sietai","status":"publish","type":"product","link":"https:\/\/www.tektrade.ee\/lt\/prekes\/irenginiai-darbui-su-milteliais\/iscentriniai-sietai\/","title":{"rendered":"I\u0161centriniai sietai"},"content":{"rendered":"\n<div class=\"wp-block-group is-nowrap is-layout-flex wp-container-core-group-is-layout-ad2f72ca wp-block-group-is-layout-flex\">\n<div class=\"wp-block-group is-layout-constrained wp-block-group-is-layout-constrained\">\n<figure class=\"wp-block-image alignleft size-full\"><img loading=\"lazy\" decoding=\"async\" width=\"300\" height=\"293\" src=\"https:\/\/www.tektrade.ee\/lt\/wp-content\/uploads\/sites\/7\/2025\/08\/ResizedImage300293-Tsentrifugaalsoelad.jpg\" alt=\"\" class=\"wp-image-2712\"\/><figcaption class=\"wp-element-caption\"><em>I\u0161centrinis sietas<br><\/em><\/figcaption><\/figure>\n<\/div>\n<\/div>\n\n\n\n<p>Sijojamas gaminys \u012fkraunamas \u012f \u012frengin\u012f naudojant vik\u0161rin\u012f konvejer\u012f, gabenant\u012f miltelius \u012f rotacin\u0119 sijojimo kamer\u0105. Besisukanti sparnuot\u0117s ment\u0117 sukuria i\u0161centrin\u0119 j\u0117g\u0105, ir milteliai perduodami toliau per pintin\u012f r\u0117m\u0105. Gaminio gr\u016bdeliai, kurie ma\u017eesni nei sieto akut\u0117, praeina per siet\u0105 ir patenka \u012f smulkiesiems gr\u016bdeliams skirt\u0105 talpykl\u0105. Gaminio gr\u016bdeliai, kurie didesni nei sieto akut\u0117, pintinio r\u0117mo nukreipiami \u012f kit\u0105 talpykl\u0105.<br>Toks \u012frenginys paprastai naudojamas dideliems milteli\u0173 kiekiams sijoti (arba kontroliniam sijojimui atlikti), kai per siet\u0105 praeinan\u010di\u0173 gr\u016bdeli\u0173 kiekis yra ma\u017eas.<\/p>\n","protected":false},"featured_media":0,"parent":2645,"menu_order":84,"template":"","class_list":["post-2711","product","type-product","status-publish","hentry"],"acf":[],"_links":{"self":[{"href":"https:\/\/www.tektrade.ee\/lt\/wp-json\/wp\/v2\/product\/2711","targetHints":{"allow":["GET"]}}],"collection":[{"href":"https:\/\/www.tektrade.ee\/lt\/wp-json\/wp\/v2\/product"}],"about":[{"href":"https:\/\/www.tektrade.ee\/lt\/wp-json\/wp\/v2\/types\/product"}],"version-history":[{"count":2,"href":"https:\/\/www.tektrade.ee\/lt\/wp-json\/wp\/v2\/product\/2711\/revisions"}],"predecessor-version":[{"id":3192,"href":"https:\/\/www.tektrade.ee\/lt\/wp-json\/wp\/v2\/product\/2711\/revisions\/3192"}],"up":[{"embeddable":true,"href":"https:\/\/www.tektrade.ee\/lt\/wp-json\/wp\/v2\/product\/2645"}],"wp:attachment":[{"href":"https:\/\/www.tektrade.ee\/lt\/wp-json\/wp\/v2\/media?parent=2711"}],"curies":[{"name":"wp","href":"https:\/\/api.w.org\/{rel}","templated":true}]}}