{"id":2698,"date":"2025-08-16T11:57:49","date_gmt":"2025-08-16T08:57:49","guid":{"rendered":"https:\/\/www.tektrade.ee\/lt\/?post_type=product&#038;p=2698"},"modified":"2025-08-19T23:00:01","modified_gmt":"2025-08-19T20:00:01","slug":"stacionarus-sietai","status":"publish","type":"product","link":"https:\/\/www.tektrade.ee\/lt\/prekes\/irenginiai-darbui-su-milteliais\/stacionarus-sietai\/","title":{"rendered":"Stacionar\u016bs sietai"},"content":{"rendered":"\n<div class=\"wp-block-group is-nowrap is-layout-flex wp-container-core-group-is-layout-ad2f72ca wp-block-group-is-layout-flex\">\n<div class=\"wp-block-group is-layout-constrained wp-block-group-is-layout-constrained\">\n<figure class=\"wp-block-image alignleft size-full\"><img loading=\"lazy\" decoding=\"async\" width=\"250\" height=\"218\" src=\"https:\/\/www.tektrade.ee\/lt\/wp-content\/uploads\/sites\/7\/2025\/08\/ResizedImage250218-Statsionaarsed-soelad.jpg\" alt=\"\" class=\"wp-image-2699\"\/><figcaption class=\"wp-element-caption\"><em>Stacionarus sietas<br><\/em><\/figcaption><\/figure>\n<\/div>\n<\/div>\n\n\n\n<p>Stacionar\u016bs sietai skirti greitai ir veiksmingai atskirti kiet\u0105 med\u017eiag\u0105 nuo skys\u010dio. \u0160ie \u012frenginiai puikiai tinka tuo atveju, kai gamybos proceso metu naudojamas didelis kiekis vandens.<br>\u012erenginio teikiami privalumai \u2013 ma\u017eos eksploatacijos s\u0105naudos, greitas skys\u010dio srautas, ilgas siet\u0173 tarnavimo laikas ir paprasta prie\u017ei\u016bra, kadangi n\u0117ra judan\u010di\u0173 dali\u0173. Stacionar\u0173 siet\u0105 galima naudoti atskirai arba pajungti \u012f sistem\u0105.\u00a0<\/p>\n","protected":false},"featured_media":0,"parent":2645,"menu_order":86,"template":"","class_list":["post-2698","product","type-product","status-publish","hentry"],"acf":[],"_links":{"self":[{"href":"https:\/\/www.tektrade.ee\/lt\/wp-json\/wp\/v2\/product\/2698","targetHints":{"allow":["GET"]}}],"collection":[{"href":"https:\/\/www.tektrade.ee\/lt\/wp-json\/wp\/v2\/product"}],"about":[{"href":"https:\/\/www.tektrade.ee\/lt\/wp-json\/wp\/v2\/types\/product"}],"version-history":[{"count":2,"href":"https:\/\/www.tektrade.ee\/lt\/wp-json\/wp\/v2\/product\/2698\/revisions"}],"predecessor-version":[{"id":3194,"href":"https:\/\/www.tektrade.ee\/lt\/wp-json\/wp\/v2\/product\/2698\/revisions\/3194"}],"up":[{"embeddable":true,"href":"https:\/\/www.tektrade.ee\/lt\/wp-json\/wp\/v2\/product\/2645"}],"wp:attachment":[{"href":"https:\/\/www.tektrade.ee\/lt\/wp-json\/wp\/v2\/media?parent=2698"}],"curies":[{"name":"wp","href":"https:\/\/api.w.org\/{rel}","templated":true}]}}