{"id":2695,"date":"2025-08-16T11:57:18","date_gmt":"2025-08-16T08:57:18","guid":{"rendered":"https:\/\/www.tektrade.ee\/lt\/?post_type=product&#038;p=2695"},"modified":"2025-08-19T23:00:27","modified_gmt":"2025-08-19T20:00:27","slug":"gumuliuku-smulkintuvai","status":"publish","type":"product","link":"https:\/\/www.tektrade.ee\/lt\/prekes\/irenginiai-darbui-su-milteliais\/gumuliuku-smulkintuvai\/","title":{"rendered":"Gumuliuk\u0173 smulkintuvai"},"content":{"rendered":"\n<div class=\"wp-block-group is-nowrap is-layout-flex wp-container-core-group-is-layout-ad2f72ca wp-block-group-is-layout-flex\">\n<div class=\"wp-block-group is-layout-constrained wp-block-group-is-layout-constrained\">\n<figure class=\"wp-block-image alignleft size-full\"><img loading=\"lazy\" decoding=\"async\" width=\"300\" height=\"280\" src=\"https:\/\/www.tektrade.ee\/lt\/wp-content\/uploads\/sites\/7\/2025\/08\/ResizedImage300280-Klompide-purustid.jpg\" alt=\"\" class=\"wp-image-2696\"\/><figcaption class=\"wp-element-caption\">Gumuliuk\u0173 smulkintuvas<br><\/figcaption><\/figure>\n<\/div>\n<\/div>\n\n\n\n<p>Gumuliuk\u0173 smulkintuvai skirti milteliuose atsiradusiems gumuliukams sutrinti. Paprastai gumuliukai susiformuoja milteli\u0173 sand\u0117liavimo metu ir juos reikia susmulkinti prie\u0161 miltelius toliau perdirbant ar gabenant. Priklausomai nuo konkretaus poreikio galime pasi\u016blyti skirting\u0173 dyd\u017ei\u0173 ir \u012fvairaus na\u0161umo smulkintuvus.<\/p>\n\n\n\n<p>Sulipusi med\u017eiaga sumalama \u012fvairi\u0173 form\u0173 peiliais. Dalis j\u0173 sumontuoti ant besisukan\u010dio veleno, kiti pritvirtinti prie korpuso.<br><br>Jei smulkinama med\u017eiaga sunki ir kieta, turi b\u016bti kontroliuojamas smulkinimo daleli\u0173 dydis, tod\u0117l \u0161iuo atveju papildomai naudojamas sietas. Jame likusius didesnius gabal\u0117lius smulkintuvo peiliai sutrai\u0161ko iki tokio dyd\u017eio daleli\u0173, kad jos gal\u0117t\u0173 praeiti pro siet\u0105.<\/p>\n","protected":false},"featured_media":0,"parent":2645,"menu_order":87,"template":"","class_list":["post-2695","product","type-product","status-publish","hentry"],"acf":[],"_links":{"self":[{"href":"https:\/\/www.tektrade.ee\/lt\/wp-json\/wp\/v2\/product\/2695","targetHints":{"allow":["GET"]}}],"collection":[{"href":"https:\/\/www.tektrade.ee\/lt\/wp-json\/wp\/v2\/product"}],"about":[{"href":"https:\/\/www.tektrade.ee\/lt\/wp-json\/wp\/v2\/types\/product"}],"version-history":[{"count":2,"href":"https:\/\/www.tektrade.ee\/lt\/wp-json\/wp\/v2\/product\/2695\/revisions"}],"predecessor-version":[{"id":3195,"href":"https:\/\/www.tektrade.ee\/lt\/wp-json\/wp\/v2\/product\/2695\/revisions\/3195"}],"up":[{"embeddable":true,"href":"https:\/\/www.tektrade.ee\/lt\/wp-json\/wp\/v2\/product\/2645"}],"wp:attachment":[{"href":"https:\/\/www.tektrade.ee\/lt\/wp-json\/wp\/v2\/media?parent=2695"}],"curies":[{"name":"wp","href":"https:\/\/api.w.org\/{rel}","templated":true}]}}