{"id":2692,"date":"2025-08-16T11:56:39","date_gmt":"2025-08-16T08:56:39","guid":{"rendered":"https:\/\/www.tektrade.ee\/lt\/?post_type=product&#038;p=2692"},"modified":"2025-08-19T23:00:48","modified_gmt":"2025-08-19T20:00:48","slug":"vakuuminiai-konvejeriai","status":"publish","type":"product","link":"https:\/\/www.tektrade.ee\/lt\/prekes\/irenginiai-darbui-su-milteliais\/vakuuminiai-konvejeriai\/","title":{"rendered":"Vakuuminiai konvejeriai"},"content":{"rendered":"\n<div class=\"wp-block-group is-nowrap is-layout-flex wp-container-core-group-is-layout-ad2f72ca wp-block-group-is-layout-flex\">\n<div class=\"wp-block-group is-layout-constrained wp-block-group-is-layout-constrained\">\n<figure class=\"wp-block-image alignleft size-full\"><img loading=\"lazy\" decoding=\"async\" width=\"300\" height=\"323\" src=\"https:\/\/www.tektrade.ee\/lt\/wp-content\/uploads\/sites\/7\/2025\/08\/ResizedImage300323-Vaakumkonveierid.jpg\" alt=\"\" class=\"wp-image-2693\" srcset=\"https:\/\/www.tektrade.ee\/lt\/wp-content\/uploads\/sites\/7\/2025\/08\/ResizedImage300323-Vaakumkonveierid.jpg 300w, https:\/\/www.tektrade.ee\/lt\/wp-content\/uploads\/sites\/7\/2025\/08\/ResizedImage300323-Vaakumkonveierid-279x300.jpg 279w\" sizes=\"auto, (max-width: 300px) 100vw, 300px\" \/><figcaption class=\"wp-element-caption\"><em>Vakuuminis konvejeris<br><\/em><\/figcaption><\/figure>\n<\/div>\n<\/div>\n\n\n\n<p>Vakuuminiai konvejeriai b\u016bna paprastos konstrukcijos, juose ma\u017eai judan\u010di\u0173 dali\u0173, juos lengva naudoti ir pri\u017ei\u016br\u0117ti.<br><br>Dauguma vakuumini\u0173 konvejeri\u0173 veikia cikli\u0161kumo principu, kai sistema gabena miltelius tam tikr\u0105 laikotarp\u012f ar iki tam tikro lygmens. Tuomet jud\u0117jimas sustabdomas, atsidaro i\u0161krovimo vo\u017etuvas, i\u0161leid\u017eiami milteliai ir i\u0161valomi filtrai. Po to procesas v\u0117l kartojamas i\u0161 naujo.<\/p>\n\n\n\n<p>Vakuumin\u0117 gabenimo sistema veiks teisingai, jei be konvejerio sistemos joje bus dar trys b\u016btini elementai:<\/p>\n\n\n\n<ol class=\"wp-block-list\">\n<li>med\u017eiagos \u012fkrovimo vieta \u2013 \u012flaja, talpykla, mai\u0161\u0173 tu\u0161tinimo sistema;<\/li>\n\n\n\n<li>vakuuminis imtuvas \u2013 jis atskiria gamin\u012f nuo j\u012f gabenan\u010dio oro ir dulki\u0173;<\/li>\n\n\n\n<li>vakuuminio siurblio paketas \u2013 susideda i\u0161 vakuum\u0105 sukurian\u010dio siurblio, oro filtro ir reguliavimo vo\u017etuvo.<\/li>\n<\/ol>\n","protected":false},"featured_media":0,"parent":2645,"menu_order":88,"template":"","class_list":["post-2692","product","type-product","status-publish","hentry"],"acf":[],"_links":{"self":[{"href":"https:\/\/www.tektrade.ee\/lt\/wp-json\/wp\/v2\/product\/2692","targetHints":{"allow":["GET"]}}],"collection":[{"href":"https:\/\/www.tektrade.ee\/lt\/wp-json\/wp\/v2\/product"}],"about":[{"href":"https:\/\/www.tektrade.ee\/lt\/wp-json\/wp\/v2\/types\/product"}],"version-history":[{"count":2,"href":"https:\/\/www.tektrade.ee\/lt\/wp-json\/wp\/v2\/product\/2692\/revisions"}],"predecessor-version":[{"id":3196,"href":"https:\/\/www.tektrade.ee\/lt\/wp-json\/wp\/v2\/product\/2692\/revisions\/3196"}],"up":[{"embeddable":true,"href":"https:\/\/www.tektrade.ee\/lt\/wp-json\/wp\/v2\/product\/2645"}],"wp:attachment":[{"href":"https:\/\/www.tektrade.ee\/lt\/wp-json\/wp\/v2\/media?parent=2692"}],"curies":[{"name":"wp","href":"https:\/\/api.w.org\/{rel}","templated":true}]}}