{"id":2689,"date":"2025-08-16T11:56:05","date_gmt":"2025-08-16T08:56:05","guid":{"rendered":"https:\/\/www.tektrade.ee\/lt\/?post_type=product&#038;p=2689"},"modified":"2025-08-19T23:01:09","modified_gmt":"2025-08-19T20:01:09","slug":"kausiniai-konvejeriai","status":"publish","type":"product","link":"https:\/\/www.tektrade.ee\/lt\/prekes\/irenginiai-darbui-su-milteliais\/kausiniai-konvejeriai\/","title":{"rendered":"Kau\u0161iniai konvejeriai"},"content":{"rendered":"\n<div class=\"wp-block-group is-nowrap is-layout-flex wp-container-core-group-is-layout-ad2f72ca wp-block-group-is-layout-flex\">\n<div class=\"wp-block-group is-layout-constrained wp-block-group-is-layout-constrained\">\n<figure class=\"wp-block-image alignleft size-full\"><img loading=\"lazy\" decoding=\"async\" width=\"300\" height=\"287\" src=\"https:\/\/www.tektrade.ee\/lt\/wp-content\/uploads\/sites\/7\/2025\/08\/ResizedImage300287-Konveierid.jpg\" alt=\"\" class=\"wp-image-2690\"\/><figcaption class=\"wp-element-caption\">Kau\u0161inis konvejeris<br><\/figcaption><\/figure>\n<\/div>\n<\/div>\n\n\n\n<div style=\"height:30px\" aria-hidden=\"true\" class=\"wp-block-spacer\"><\/div>\n\n\n\n<p>Kau\u0161inis konvejeris arba liftas skirtas biri\u0173j\u0173 med\u017eiag\u0173 arba trapi\u0173 gamini\u0173 nuolatiniam gabenimui vertikalia kryptimi. Atsi\u017evelgiant \u012f perduodam\u0105 med\u017eiagos kiek\u012f, \u0161is metodas yra labai taupus, be to j\u012f paprasta naudoti.<\/p>\n\n\n\n<p>Kau\u0161in\u012f konvejer\u012f sudaro u\u017evedamas variklis, perdavimo konstrukcija su tiekimo juosta (ar grandine) ir pavar\u0173 d\u0117\u017e\u0117.<\/p>\n","protected":false},"featured_media":0,"parent":2645,"menu_order":89,"template":"","class_list":["post-2689","product","type-product","status-publish","hentry"],"acf":[],"_links":{"self":[{"href":"https:\/\/www.tektrade.ee\/lt\/wp-json\/wp\/v2\/product\/2689","targetHints":{"allow":["GET"]}}],"collection":[{"href":"https:\/\/www.tektrade.ee\/lt\/wp-json\/wp\/v2\/product"}],"about":[{"href":"https:\/\/www.tektrade.ee\/lt\/wp-json\/wp\/v2\/types\/product"}],"version-history":[{"count":2,"href":"https:\/\/www.tektrade.ee\/lt\/wp-json\/wp\/v2\/product\/2689\/revisions"}],"predecessor-version":[{"id":3197,"href":"https:\/\/www.tektrade.ee\/lt\/wp-json\/wp\/v2\/product\/2689\/revisions\/3197"}],"up":[{"embeddable":true,"href":"https:\/\/www.tektrade.ee\/lt\/wp-json\/wp\/v2\/product\/2645"}],"wp:attachment":[{"href":"https:\/\/www.tektrade.ee\/lt\/wp-json\/wp\/v2\/media?parent=2689"}],"curies":[{"name":"wp","href":"https:\/\/api.w.org\/{rel}","templated":true}]}}