{"id":2686,"date":"2025-08-16T11:55:29","date_gmt":"2025-08-16T08:55:29","guid":{"rendered":"https:\/\/www.tektrade.ee\/lt\/?post_type=product&#038;p=2686"},"modified":"2025-08-19T23:01:28","modified_gmt":"2025-08-19T20:01:28","slug":"vamzdinis-konvejeris","status":"publish","type":"product","link":"https:\/\/www.tektrade.ee\/lt\/prekes\/irenginiai-darbui-su-milteliais\/vamzdinis-konvejeris\/","title":{"rendered":"Vamzdinis konvejeris"},"content":{"rendered":"\n<div class=\"wp-block-group is-nowrap is-layout-flex wp-container-core-group-is-layout-ad2f72ca wp-block-group-is-layout-flex\">\n<div class=\"wp-block-group is-layout-constrained wp-block-group-is-layout-constrained\">\n<figure class=\"wp-block-image alignleft size-full\"><img loading=\"lazy\" decoding=\"async\" width=\"300\" height=\"204\" src=\"https:\/\/www.tektrade.ee\/lt\/wp-content\/uploads\/sites\/7\/2025\/08\/ResizedImage300204-Liugurid.jpg\" alt=\"\" class=\"wp-image-2687\"\/><figcaption class=\"wp-element-caption\"><em>Vamzdinis konvejeris<br><\/em><\/figcaption><\/figure>\n<\/div>\n<\/div>\n\n\n\n<p>Vamzdinis konvejeris \u2013 ekonomi\u0161kiausias milteli\u0173 perdavimo b\u016bdas. \u0160iuo konvejeriu galima tiekti biri\u0105sias med\u017eiagas naudojant jo verdan\u010dio sluoksnio b\u016bkl\u0119. Ji sukuriama, kai \u012f miltelius i\u0161 apa\u010dios pu\u010diamas oras ir vyksta vadinamasis milteli\u0173 \u201epseudovirimas\u201d. Da\u017eniausiai vamzdinio konvejerio nuolyd\u017eio kampas&nbsp; b\u016bna 5\u201315\u00b0, priklausomai nuo gabenamos med\u017eiagos. Vamzdiniai konvejeriai paprastai naudojami gabenant miltelius toliau nei kelis \u0161imtus metr\u0173.<\/p>\n\n\n\n<p>Vamzdinio konvejerio privalumai:<\/p>\n\n\n\n<ul class=\"wp-block-list\">\n<li>ma\u017eos aptarnavimo i\u0161laidos (n\u0117ra su med\u017eiaga besisukan\u010di\u0173 dali\u0173, kurios liest\u0173si su med\u017eiaga);<\/li>\n\n\n\n<li>ma\u017eos prie\u017ei\u016bros i\u0161laidos (reikia pakeisti tik audekl\u0105);<\/li>\n\n\n\n<li>taupoma energija (skai\u010diuojant energijos santaupas vienam vienetui);<\/li>\n\n\n\n<li>ma\u017eos investicin\u0117s i\u0161laidos.<\/li>\n<\/ul>\n","protected":false},"featured_media":0,"parent":2645,"menu_order":90,"template":"","class_list":["post-2686","product","type-product","status-publish","hentry"],"acf":[],"_links":{"self":[{"href":"https:\/\/www.tektrade.ee\/lt\/wp-json\/wp\/v2\/product\/2686","targetHints":{"allow":["GET"]}}],"collection":[{"href":"https:\/\/www.tektrade.ee\/lt\/wp-json\/wp\/v2\/product"}],"about":[{"href":"https:\/\/www.tektrade.ee\/lt\/wp-json\/wp\/v2\/types\/product"}],"version-history":[{"count":2,"href":"https:\/\/www.tektrade.ee\/lt\/wp-json\/wp\/v2\/product\/2686\/revisions"}],"predecessor-version":[{"id":3198,"href":"https:\/\/www.tektrade.ee\/lt\/wp-json\/wp\/v2\/product\/2686\/revisions\/3198"}],"up":[{"embeddable":true,"href":"https:\/\/www.tektrade.ee\/lt\/wp-json\/wp\/v2\/product\/2645"}],"wp:attachment":[{"href":"https:\/\/www.tektrade.ee\/lt\/wp-json\/wp\/v2\/media?parent=2686"}],"curies":[{"name":"wp","href":"https:\/\/api.w.org\/{rel}","templated":true}]}}