{"id":2683,"date":"2025-08-16T11:54:57","date_gmt":"2025-08-16T08:54:57","guid":{"rendered":"https:\/\/www.tektrade.ee\/lt\/?post_type=product&#038;p=2683"},"modified":"2025-08-19T23:01:47","modified_gmt":"2025-08-19T20:01:47","slug":"gravitaciniai-dozatoriai","status":"publish","type":"product","link":"https:\/\/www.tektrade.ee\/lt\/prekes\/irenginiai-darbui-su-milteliais\/gravitaciniai-dozatoriai\/","title":{"rendered":"Gravitaciniai dozatoriai"},"content":{"rendered":"\n<div class=\"wp-block-group is-nowrap is-layout-flex wp-container-core-group-is-layout-ad2f72ca wp-block-group-is-layout-flex\">\n<div class=\"wp-block-group is-layout-constrained wp-block-group-is-layout-constrained\">\n<figure class=\"wp-block-image alignleft size-full\"><img loading=\"lazy\" decoding=\"async\" width=\"280\" height=\"322\" src=\"https:\/\/www.tektrade.ee\/lt\/wp-content\/uploads\/sites\/7\/2025\/08\/Gravimeetrilised-ja-volumeetrilised-fiiderid-1.jpg\" alt=\"\" class=\"wp-image-2684\" srcset=\"https:\/\/www.tektrade.ee\/lt\/wp-content\/uploads\/sites\/7\/2025\/08\/Gravimeetrilised-ja-volumeetrilised-fiiderid-1.jpg 280w, https:\/\/www.tektrade.ee\/lt\/wp-content\/uploads\/sites\/7\/2025\/08\/Gravimeetrilised-ja-volumeetrilised-fiiderid-1-261x300.jpg 261w\" sizes=\"auto, (max-width: 280px) 100vw, 280px\" \/><figcaption class=\"wp-element-caption\">Gravitacinis ar t\u016brinis dozatorius<br><\/figcaption><\/figure>\n<\/div>\n<\/div>\n\n\n\n<p>Gravitaciniai dozatoriai u\u017etikrina talpyklos i\u0161krovim\u0105 dalinat biri\u0105j\u0105 med\u017eiag\u0105 ar skyst\u012f \u012f nustatytus svorio ir laiko santykio vienetus. Kadangi med\u017eiagos svoris gali keistis, nuoseklumas pasiekiamas taikant svorio modul\u012f. Derinant i\u0161krovimo proceso steb\u0117sen\u0105 ir dozatoriaus gaunam\u0105 gr\u012f\u017etam\u0105j\u012f ry\u0161\u012f, gravimetriniu b\u016bdu galima labai tiksliai valdyti med\u017eiagos dozavim\u0105.<\/p>\n","protected":false},"featured_media":0,"parent":2645,"menu_order":91,"template":"","class_list":["post-2683","product","type-product","status-publish","hentry"],"acf":[],"_links":{"self":[{"href":"https:\/\/www.tektrade.ee\/lt\/wp-json\/wp\/v2\/product\/2683","targetHints":{"allow":["GET"]}}],"collection":[{"href":"https:\/\/www.tektrade.ee\/lt\/wp-json\/wp\/v2\/product"}],"about":[{"href":"https:\/\/www.tektrade.ee\/lt\/wp-json\/wp\/v2\/types\/product"}],"version-history":[{"count":2,"href":"https:\/\/www.tektrade.ee\/lt\/wp-json\/wp\/v2\/product\/2683\/revisions"}],"predecessor-version":[{"id":3199,"href":"https:\/\/www.tektrade.ee\/lt\/wp-json\/wp\/v2\/product\/2683\/revisions\/3199"}],"up":[{"embeddable":true,"href":"https:\/\/www.tektrade.ee\/lt\/wp-json\/wp\/v2\/product\/2645"}],"wp:attachment":[{"href":"https:\/\/www.tektrade.ee\/lt\/wp-json\/wp\/v2\/media?parent=2683"}],"curies":[{"name":"wp","href":"https:\/\/api.w.org\/{rel}","templated":true}]}}