{"id":2680,"date":"2025-08-16T11:54:19","date_gmt":"2025-08-16T08:54:19","guid":{"rendered":"https:\/\/www.tektrade.ee\/lt\/?post_type=product&#038;p=2680"},"modified":"2025-08-19T23:02:08","modified_gmt":"2025-08-19T20:02:08","slug":"turiniai-dozatoriai","status":"publish","type":"product","link":"https:\/\/www.tektrade.ee\/lt\/prekes\/irenginiai-darbui-su-milteliais\/turiniai-dozatoriai\/","title":{"rendered":"T\u016briniai dozatoriai"},"content":{"rendered":"\n<div class=\"wp-block-group is-nowrap is-layout-flex wp-container-core-group-is-layout-ad2f72ca wp-block-group-is-layout-flex\">\n<div class=\"wp-block-group is-layout-constrained wp-block-group-is-layout-constrained\">\n<figure class=\"wp-block-image alignleft size-full\"><img loading=\"lazy\" decoding=\"async\" width=\"280\" height=\"322\" src=\"https:\/\/www.tektrade.ee\/lt\/wp-content\/uploads\/sites\/7\/2025\/08\/Gravimeetrilised-ja-volumeetrilised-fiiderid.jpg\" alt=\"\" class=\"wp-image-2681\" srcset=\"https:\/\/www.tektrade.ee\/lt\/wp-content\/uploads\/sites\/7\/2025\/08\/Gravimeetrilised-ja-volumeetrilised-fiiderid.jpg 280w, https:\/\/www.tektrade.ee\/lt\/wp-content\/uploads\/sites\/7\/2025\/08\/Gravimeetrilised-ja-volumeetrilised-fiiderid-261x300.jpg 261w\" sizes=\"auto, (max-width: 280px) 100vw, 280px\" \/><figcaption class=\"wp-element-caption\">Gravitacinis ar t\u016brinis dozatorius<br><\/figcaption><\/figure>\n<\/div>\n<\/div>\n\n\n\n<p>T\u016brinis dozatorius \u2013 papras\u010diausias ir taupiausias i\u0161 vis\u0173 \u017einom\u0173 \u0161io tipo \u012frengini\u0173. Birioji med\u017eiaga laikoma talpykloje ir i\u0161kraunama dalinant j\u0105 \u012f nustatytus svorio ir laiko santykio vienetus. Gravitacinis dozavimo metodas gali b\u016bti derinamas su kalibravimo procesu, kai tam tikromis laiko atkarpomis imamas m\u0117ginys, jis pasveriamas ir gauti duomenys naudojami i\u0161krovimo sriegio grei\u010diui reguliuoti. T\u016brinio dozavimo atveju praleid\u017eiamas sv\u0117rimo gr\u012f\u017etamojo ry\u0161io etapas, ta\u010diau tai nesudaro problem\u0173, kai dozuojama tolygaus tankio med\u017eiaga.<\/p>\n","protected":false},"featured_media":0,"parent":2645,"menu_order":92,"template":"","class_list":["post-2680","product","type-product","status-publish","hentry"],"acf":[],"_links":{"self":[{"href":"https:\/\/www.tektrade.ee\/lt\/wp-json\/wp\/v2\/product\/2680","targetHints":{"allow":["GET"]}}],"collection":[{"href":"https:\/\/www.tektrade.ee\/lt\/wp-json\/wp\/v2\/product"}],"about":[{"href":"https:\/\/www.tektrade.ee\/lt\/wp-json\/wp\/v2\/types\/product"}],"version-history":[{"count":2,"href":"https:\/\/www.tektrade.ee\/lt\/wp-json\/wp\/v2\/product\/2680\/revisions"}],"predecessor-version":[{"id":3200,"href":"https:\/\/www.tektrade.ee\/lt\/wp-json\/wp\/v2\/product\/2680\/revisions\/3200"}],"up":[{"embeddable":true,"href":"https:\/\/www.tektrade.ee\/lt\/wp-json\/wp\/v2\/product\/2645"}],"wp:attachment":[{"href":"https:\/\/www.tektrade.ee\/lt\/wp-json\/wp\/v2\/media?parent=2680"}],"curies":[{"name":"wp","href":"https:\/\/api.w.org\/{rel}","templated":true}]}}