{"id":2677,"date":"2025-08-16T11:53:40","date_gmt":"2025-08-16T08:53:40","guid":{"rendered":"https:\/\/www.tektrade.ee\/lt\/?post_type=product&#038;p=2677"},"modified":"2025-08-19T23:02:32","modified_gmt":"2025-08-19T20:02:32","slug":"rotaciniai-dozatoriai","status":"publish","type":"product","link":"https:\/\/www.tektrade.ee\/lt\/prekes\/irenginiai-darbui-su-milteliais\/rotaciniai-dozatoriai\/","title":{"rendered":"Rotaciniai dozatoriai"},"content":{"rendered":"\n<div class=\"wp-block-group is-nowrap is-layout-flex wp-container-core-group-is-layout-ad2f72ca wp-block-group-is-layout-flex\">\n<div class=\"wp-block-group is-layout-constrained wp-block-group-is-layout-constrained\">\n<figure class=\"wp-block-image alignleft size-full\"><img loading=\"lazy\" decoding=\"async\" width=\"300\" height=\"283\" src=\"https:\/\/www.tektrade.ee\/lt\/wp-content\/uploads\/sites\/7\/2025\/08\/ResizedImage300283-Poodklapid-ja-dosaatorid.jpg\" alt=\"\" class=\"wp-image-2678\"\/><figcaption class=\"wp-element-caption\">Rotacinis dozatorius<br><\/figcaption><\/figure>\n<\/div>\n<\/div>\n\n\n\n<p>Rotaciniai dozatoriai skirti i\u0161kraunamam milteli\u0173 ir kit\u0173 biri\u0173j\u0173 med\u017eiag\u0173 kiekiui dozuoti.&nbsp;<br>\u012erengin\u012f sudaro ant veleno sumontuotas rotorius, sukamas variklio. Tarp rotoriaus men\u010di\u0173 ir dozatoriaus korpuso yra trikamp\u0117 ki\u0161en\u0117, kurioje susiformuoja orui nelaidi terp\u0117. L\u0117tai besisukantis variklis judina rotoriaus mentes, jos padeda sausai med\u017eiagai jud\u0117ti i\u0161 talpyklos toliau per dozatori\u0173.<\/p>\n\n\n\n<p>Techniniai duomenys:<\/p>\n\n\n\n<ul class=\"wp-block-list\">\n<li>darbin\u0117 temperat\u016bra: nuo -20 \u00b0C iki +90 \u00b0C;<\/li>\n\n\n\n<li>darbinis sl\u0117gis: did\u017eiausias dozatorius naudojamo sl\u0117gio intervalas yra 0,3 bar (skirtumas tarp med\u017eiagos \u012fvedimo sl\u0117gio ir jos i\u0161vedimo sl\u0117gio);<\/li>\n\n\n\n<li>naudotos med\u017eiagos: anglies plienas ar ner\u016bdijantis plienas.<\/li>\n<\/ul>\n","protected":false},"featured_media":0,"parent":2645,"menu_order":93,"template":"","class_list":["post-2677","product","type-product","status-publish","hentry"],"acf":[],"_links":{"self":[{"href":"https:\/\/www.tektrade.ee\/lt\/wp-json\/wp\/v2\/product\/2677","targetHints":{"allow":["GET"]}}],"collection":[{"href":"https:\/\/www.tektrade.ee\/lt\/wp-json\/wp\/v2\/product"}],"about":[{"href":"https:\/\/www.tektrade.ee\/lt\/wp-json\/wp\/v2\/types\/product"}],"version-history":[{"count":2,"href":"https:\/\/www.tektrade.ee\/lt\/wp-json\/wp\/v2\/product\/2677\/revisions"}],"predecessor-version":[{"id":3201,"href":"https:\/\/www.tektrade.ee\/lt\/wp-json\/wp\/v2\/product\/2677\/revisions\/3201"}],"up":[{"embeddable":true,"href":"https:\/\/www.tektrade.ee\/lt\/wp-json\/wp\/v2\/product\/2645"}],"wp:attachment":[{"href":"https:\/\/www.tektrade.ee\/lt\/wp-json\/wp\/v2\/media?parent=2677"}],"curies":[{"name":"wp","href":"https:\/\/api.w.org\/{rel}","templated":true}]}}