{"id":2674,"date":"2025-08-16T11:52:43","date_gmt":"2025-08-16T08:52:43","guid":{"rendered":"https:\/\/www.tektrade.ee\/lt\/?post_type=product&#038;p=2674"},"modified":"2025-08-19T23:02:52","modified_gmt":"2025-08-19T20:02:52","slug":"nukreipimo-voztuvai","status":"publish","type":"product","link":"https:\/\/www.tektrade.ee\/lt\/prekes\/irenginiai-darbui-su-milteliais\/nukreipimo-voztuvai\/","title":{"rendered":"Nukreipimo vo\u017etuvai"},"content":{"rendered":"\n<div class=\"wp-block-group is-nowrap is-layout-flex wp-container-core-group-is-layout-ad2f72ca wp-block-group-is-layout-flex\">\n<div class=\"wp-block-group is-layout-constrained wp-block-group-is-layout-constrained\">\n<figure class=\"wp-block-image alignleft size-full\"><img loading=\"lazy\" decoding=\"async\" width=\"300\" height=\"296\" src=\"https:\/\/www.tektrade.ee\/lt\/wp-content\/uploads\/sites\/7\/2025\/08\/ResizedImage300296-Erisuunalised-klapid.jpg\" alt=\"\" class=\"wp-image-2675\" srcset=\"https:\/\/www.tektrade.ee\/lt\/wp-content\/uploads\/sites\/7\/2025\/08\/ResizedImage300296-Erisuunalised-klapid.jpg 300w, https:\/\/www.tektrade.ee\/lt\/wp-content\/uploads\/sites\/7\/2025\/08\/ResizedImage300296-Erisuunalised-klapid-100x100.jpg 100w\" sizes=\"auto, (max-width: 300px) 100vw, 300px\" \/><figcaption class=\"wp-element-caption\"><em>Nukreipimo vo\u017etuvas<br><\/em><\/figcaption><\/figure>\n<\/div>\n<\/div>\n\n\n\n<div style=\"height:30px\" aria-hidden=\"true\" class=\"wp-block-spacer\"><\/div>\n\n\n\n<p>Nukreipimo vo\u017etuvai naudojami kaip srauto skirstytuvai tu\u0161tinant biri\u0173j\u0173 med\u017eiag\u0173 talpyklas ar konteinerius.<\/p>\n\n\n\n<p>Med\u017eiag\u0173 srauto krypt\u012f galima keisti pasukant nukreipimo vo\u017etuv\u0105:<\/p>\n\n\n\n<ul class=\"wp-block-list\">\n<li>rankiniu prietaisu;<\/li>\n\n\n\n<li>pneumatiniu \u012frenginiu;<\/li>\n\n\n\n<li>elektromechaniniu \u012frenginiu.<\/li>\n<\/ul>\n","protected":false},"featured_media":0,"parent":2645,"menu_order":94,"template":"","class_list":["post-2674","product","type-product","status-publish","hentry"],"acf":[],"_links":{"self":[{"href":"https:\/\/www.tektrade.ee\/lt\/wp-json\/wp\/v2\/product\/2674","targetHints":{"allow":["GET"]}}],"collection":[{"href":"https:\/\/www.tektrade.ee\/lt\/wp-json\/wp\/v2\/product"}],"about":[{"href":"https:\/\/www.tektrade.ee\/lt\/wp-json\/wp\/v2\/types\/product"}],"version-history":[{"count":2,"href":"https:\/\/www.tektrade.ee\/lt\/wp-json\/wp\/v2\/product\/2674\/revisions"}],"predecessor-version":[{"id":3202,"href":"https:\/\/www.tektrade.ee\/lt\/wp-json\/wp\/v2\/product\/2674\/revisions\/3202"}],"up":[{"embeddable":true,"href":"https:\/\/www.tektrade.ee\/lt\/wp-json\/wp\/v2\/product\/2645"}],"wp:attachment":[{"href":"https:\/\/www.tektrade.ee\/lt\/wp-json\/wp\/v2\/media?parent=2674"}],"curies":[{"name":"wp","href":"https:\/\/api.w.org\/{rel}","templated":true}]}}