{"id":2671,"date":"2025-08-16T11:51:46","date_gmt":"2025-08-16T08:51:46","guid":{"rendered":"https:\/\/www.tektrade.ee\/lt\/?post_type=product&#038;p=2671"},"modified":"2025-08-19T23:03:15","modified_gmt":"2025-08-19T20:03:15","slug":"silosai-ir-ju-iskrovimo-sistemos","status":"publish","type":"product","link":"https:\/\/www.tektrade.ee\/lt\/prekes\/irenginiai-darbui-su-milteliais\/silosai-ir-ju-iskrovimo-sistemos\/","title":{"rendered":"Silosai ir j\u0173 i\u0161krovimo sistemos"},"content":{"rendered":"\n<div class=\"wp-block-group is-nowrap is-layout-flex wp-container-core-group-is-layout-ad2f72ca wp-block-group-is-layout-flex\">\n<div class=\"wp-block-group is-layout-constrained wp-block-group-is-layout-constrained\">\n<figure class=\"wp-block-image alignleft size-full\"><img loading=\"lazy\" decoding=\"async\" width=\"300\" height=\"285\" src=\"https:\/\/www.tektrade.ee\/lt\/wp-content\/uploads\/sites\/7\/2025\/08\/ResizedImage300285-Silode-tuhjendamise-susteemid.jpg\" alt=\"\" class=\"wp-image-2672\"\/><figcaption class=\"wp-element-caption\">Silos\u0173 i\u0161krovimo sistema<br><\/figcaption><\/figure>\n<\/div>\n<\/div>\n\n\n\n<div style=\"height:30px\" aria-hidden=\"true\" class=\"wp-block-spacer\"><\/div>\n\n\n\n<p>Siekiant palengvinti silos\u0173 ir konteineri\u0173 i\u0161krovim\u0105 da\u017enai naudojami special\u016bs pagalbiniai indai ir taikomi \u012fvair\u016bs metodai.<\/p>\n\n\n\n<p>Silos\u0173 i\u0161krovimo metodai:<\/p>\n\n\n\n<ul class=\"wp-block-list\">\n<li>greitas siloso i\u0161krovimas naudojant pulsuojant\u012f suspaust\u0105 or\u0105 \u2013 \u0161iam metodui skirti impulsiniai vo\u017etuvai su auk\u0161tam sl\u0117giui pritaikytu antgaliu;<\/li>\n\n\n\n<li>tolygus siloso i\u0161krovimas \u017eemo spaudimo s\u0105lygomis \u2013 \u0161iam metodui skirtos specialios ventiliacin\u0117s d\u0117\u017e\u0117s, pritaikytos \u017eemam spaudimui, su specialaus audeklo apvalkalu;<\/li>\n\n\n\n<li>mechaninis i\u0161krovimas \u2013 naudojamos sm\u016bgio ar vibracijos j\u0117gos.<\/li>\n<\/ul>\n","protected":false},"featured_media":0,"parent":2645,"menu_order":95,"template":"","class_list":["post-2671","product","type-product","status-publish","hentry"],"acf":[],"_links":{"self":[{"href":"https:\/\/www.tektrade.ee\/lt\/wp-json\/wp\/v2\/product\/2671","targetHints":{"allow":["GET"]}}],"collection":[{"href":"https:\/\/www.tektrade.ee\/lt\/wp-json\/wp\/v2\/product"}],"about":[{"href":"https:\/\/www.tektrade.ee\/lt\/wp-json\/wp\/v2\/types\/product"}],"version-history":[{"count":2,"href":"https:\/\/www.tektrade.ee\/lt\/wp-json\/wp\/v2\/product\/2671\/revisions"}],"predecessor-version":[{"id":3203,"href":"https:\/\/www.tektrade.ee\/lt\/wp-json\/wp\/v2\/product\/2671\/revisions\/3203"}],"up":[{"embeddable":true,"href":"https:\/\/www.tektrade.ee\/lt\/wp-json\/wp\/v2\/product\/2645"}],"wp:attachment":[{"href":"https:\/\/www.tektrade.ee\/lt\/wp-json\/wp\/v2\/media?parent=2671"}],"curies":[{"name":"wp","href":"https:\/\/api.w.org\/{rel}","templated":true}]}}