{"id":2663,"date":"2025-08-16T11:50:01","date_gmt":"2025-08-16T08:50:01","guid":{"rendered":"https:\/\/www.tektrade.ee\/lt\/?post_type=product&#038;p=2663"},"modified":"2025-08-19T23:03:38","modified_gmt":"2025-08-19T20:03:38","slug":"izoliacines-kameros","status":"publish","type":"product","link":"https:\/\/www.tektrade.ee\/lt\/prekes\/irenginiai-darbui-su-milteliais\/izoliacines-kameros\/","title":{"rendered":"Izoliacin\u0117s kameros"},"content":{"rendered":"\n<div class=\"wp-block-group is-nowrap is-layout-flex wp-container-core-group-is-layout-64989fb1 wp-block-group-is-layout-flex\">\n<div class=\"wp-block-group is-layout-constrained wp-block-group-is-layout-constrained\">\n<p><br>Izoliacin\u0117s kameros skirtos darbui su kenksmingomis ar aplinkos poveikiui neatspariomis med\u017eiagomis. \u0160ios kameros u\u017etikrina trejop\u0105 apsaug\u0105:<\/p>\n\n\n\n<ul class=\"wp-block-list\">\n<li>operatoriaus (darbuotojo)\u00a0sveikatos saug\u0105;<\/li>\n\n\n\n<li>tvarkomo gaminio saug\u0105;<\/li>\n\n\n\n<li>aplinkosaug\u0105.<\/li>\n<\/ul>\n\n\n\n<p>Operatoriaus apsaugomas nuo bet kokio tiesioginio s\u0105ly\u010dio su kenksmingomis med\u017eiagomis.&nbsp;Izoliavimo kameros korpuse yra dideli langai, pro kuriuos patogu steb\u0117ti viduje vykstan\u010dius procesus, o visus veiksmus \u2013 pvz., ind\u0173 atidarym\u0105, gamini\u0173 sv\u0117rim\u0105, pakavim\u0105 ir malim\u0105 arba sijojim\u0105 \u2013 galima vykdyti naudojant apsaugines pir\u0161tines, kuri\u0173 rie\u0161o dalis sandariai \u012fmontuota korpuso sienel\u0117je. Taigi n\u0117ra atvir\u0173 ang\u0173, per kurias gal\u0117t\u0173 pasireik\u0161ti kenksming\u0173j\u0173 med\u017eiag\u0173 poveikis.<\/p>\n<\/div>\n\n\n\n<div class=\"wp-block-group is-layout-flow wp-block-group-is-layout-flow\">\n<div class=\"wp-block-group is-content-justification-right is-layout-constrained wp-container-core-group-is-layout-07b51d56 wp-block-group-is-layout-constrained\">\n<figure class=\"wp-block-image alignright size-full is-resized wp-container-content-69bc4bdf\"><img loading=\"lazy\" decoding=\"async\" width=\"268\" height=\"400\" src=\"https:\/\/www.tektrade.ee\/lt\/wp-content\/uploads\/sites\/7\/2025\/08\/ResizedImage268400-isolatsioonikambrid.jpg\" alt=\"\" class=\"wp-image-2664\" style=\"aspect-ratio:2\/3;object-fit:cover;width:400px\" srcset=\"https:\/\/www.tektrade.ee\/lt\/wp-content\/uploads\/sites\/7\/2025\/08\/ResizedImage268400-isolatsioonikambrid.jpg 268w, https:\/\/www.tektrade.ee\/lt\/wp-content\/uploads\/sites\/7\/2025\/08\/ResizedImage268400-isolatsioonikambrid-201x300.jpg 201w\" sizes=\"auto, (max-width: 268px) 100vw, 268px\" \/><figcaption class=\"wp-element-caption\">Izoliacin\u0117s kameros<br><\/figcaption><\/figure>\n<\/div>\n<\/div>\n<\/div>\n","protected":false},"featured_media":0,"parent":2645,"menu_order":96,"template":"","class_list":["post-2663","product","type-product","status-publish","hentry"],"acf":[],"_links":{"self":[{"href":"https:\/\/www.tektrade.ee\/lt\/wp-json\/wp\/v2\/product\/2663","targetHints":{"allow":["GET"]}}],"collection":[{"href":"https:\/\/www.tektrade.ee\/lt\/wp-json\/wp\/v2\/product"}],"about":[{"href":"https:\/\/www.tektrade.ee\/lt\/wp-json\/wp\/v2\/types\/product"}],"version-history":[{"count":7,"href":"https:\/\/www.tektrade.ee\/lt\/wp-json\/wp\/v2\/product\/2663\/revisions"}],"predecessor-version":[{"id":3204,"href":"https:\/\/www.tektrade.ee\/lt\/wp-json\/wp\/v2\/product\/2663\/revisions\/3204"}],"up":[{"embeddable":true,"href":"https:\/\/www.tektrade.ee\/lt\/wp-json\/wp\/v2\/product\/2645"}],"wp:attachment":[{"href":"https:\/\/www.tektrade.ee\/lt\/wp-json\/wp\/v2\/media?parent=2663"}],"curies":[{"name":"wp","href":"https:\/\/api.w.org\/{rel}","templated":true}]}}