{"id":2660,"date":"2025-08-16T11:49:05","date_gmt":"2025-08-16T08:49:05","guid":{"rendered":"https:\/\/www.tektrade.ee\/lt\/?post_type=product&#038;p=2660"},"modified":"2025-08-19T23:03:59","modified_gmt":"2025-08-19T20:03:59","slug":"stiebiniai-keltuvai","status":"publish","type":"product","link":"https:\/\/www.tektrade.ee\/lt\/prekes\/irenginiai-darbui-su-milteliais\/stiebiniai-keltuvai\/","title":{"rendered":"Stiebiniai keltuvai"},"content":{"rendered":"\n<div class=\"wp-block-group is-nowrap is-layout-flex wp-container-core-group-is-layout-ad2f72ca wp-block-group-is-layout-flex\">\n<div class=\"wp-block-group is-layout-constrained wp-block-group-is-layout-constrained\">\n<figure class=\"wp-block-image alignleft size-full\"><img loading=\"lazy\" decoding=\"async\" width=\"300\" height=\"276\" src=\"https:\/\/www.tektrade.ee\/lt\/wp-content\/uploads\/sites\/7\/2025\/08\/ResizedImage300276-Posttostukid.jpg\" alt=\"\" class=\"wp-image-2661\"\/><figcaption class=\"wp-element-caption\"><em>Stiebinis keltuvas<br><\/em><\/figcaption><\/figure>\n<\/div>\n<\/div>\n\n\n\n<div style=\"height:30px\" aria-hidden=\"true\" class=\"wp-block-spacer\"><\/div>\n\n\n\n<p>Elektromechaniniai stiebiniai keltuvai (arba koloniniai keltuvai) pla\u010diai naudojami statin\u0117ms, talpykloms bei \u012frenginiams (pvz., granulatoriams, krovimo \u012flajoms, pakavimo \u012frenginiams ir kt.) pakelti ir pasukti vietose, kur dirbama su milteli\u0173 pavidalo med\u017eiagomis.&nbsp;M\u016bs\u0173 asortimente yra stiebini\u0173 keltuv\u0173, kuri\u0173 k\u0117limo galia&nbsp;\u2013 nuo 10 iki 120 kg.<\/p>\n\n\n\n<p>Stiebini\u0173 keltuv\u0173 pagrindinis veikimo principas paprastas &#8211;&nbsp; juos galima apsukti aplink savo a\u0161\u012f automatiniu ar rankiniu b\u016bdu. Keliamos talpyklos ar \u012frenginiai apsukami naudojant rankin\u012f ar automatin\u012f reduktori\u0173. Stiebiniai keltuvai \u2013 saug\u016bs ir patikimi \u012frenginiai, pagaminti i\u0161 ner\u016bdijan\u010dio plieno. Konstrukcijoje n\u0117ra grandini\u0173, kabli\u0173 ar hidraulini\u0173 cilindr\u0173. Ner\u016bdijan\u010dio plieno korpusas gerai apsaugo kiekvien\u0105 keltuvo mechanin\u0119 dal\u012f, be to, besisukan\u010dios dalys padengtos \u0161oniniais skydais, stebin\u010diais k\u0117limo letenos jud\u0117jim\u0105. Gaminant keltuv\u0105, jo auk\u0161tis ir keltuvo letenos ilgis parenkami pagal kliento pageidavimus.<\/p>\n\n\n\n<p>Taikymo sritys:<br>chemijos, farmacijos, maisto pramon\u0117, kosmetikos, tekstil\u0117s, da\u017e\u0173, plastiko gamyba.<\/p>\n","protected":false},"featured_media":0,"parent":2645,"menu_order":97,"template":"","class_list":["post-2660","product","type-product","status-publish","hentry"],"acf":[],"_links":{"self":[{"href":"https:\/\/www.tektrade.ee\/lt\/wp-json\/wp\/v2\/product\/2660","targetHints":{"allow":["GET"]}}],"collection":[{"href":"https:\/\/www.tektrade.ee\/lt\/wp-json\/wp\/v2\/product"}],"about":[{"href":"https:\/\/www.tektrade.ee\/lt\/wp-json\/wp\/v2\/types\/product"}],"version-history":[{"count":2,"href":"https:\/\/www.tektrade.ee\/lt\/wp-json\/wp\/v2\/product\/2660\/revisions"}],"predecessor-version":[{"id":3205,"href":"https:\/\/www.tektrade.ee\/lt\/wp-json\/wp\/v2\/product\/2660\/revisions\/3205"}],"up":[{"embeddable":true,"href":"https:\/\/www.tektrade.ee\/lt\/wp-json\/wp\/v2\/product\/2645"}],"wp:attachment":[{"href":"https:\/\/www.tektrade.ee\/lt\/wp-json\/wp\/v2\/media?parent=2660"}],"curies":[{"name":"wp","href":"https:\/\/api.w.org\/{rel}","templated":true}]}}