{"id":2650,"date":"2025-08-16T11:47:24","date_gmt":"2025-08-16T08:47:24","guid":{"rendered":"https:\/\/www.tektrade.ee\/lt\/?post_type=product&#038;p=2650"},"modified":"2025-08-19T23:04:59","modified_gmt":"2025-08-19T20:04:59","slug":"priedai-is-nerudijancio-plieno","status":"publish","type":"product","link":"https:\/\/www.tektrade.ee\/lt\/prekes\/irenginiai-darbui-su-milteliais\/priedai-is-nerudijancio-plieno\/","title":{"rendered":"Priedai i\u0161 ner\u016bdijan\u010dio plieno"},"content":{"rendered":"\n<div class=\"wp-block-group is-layout-grid wp-container-core-group-is-layout-baef362d wp-block-group-is-layout-grid\">\n<div class=\"wp-block-group is-content-justification-left is-layout-constrained wp-container-core-group-is-layout-8c890d92 wp-block-group-is-layout-constrained\">\n<figure class=\"wp-block-image aligncenter size-full\"><img loading=\"lazy\" decoding=\"async\" width=\"188\" height=\"250\" src=\"https:\/\/www.tektrade.ee\/lt\/wp-content\/uploads\/sites\/7\/2025\/08\/ResizedImage188250-Drums1.jpg\" alt=\"\" class=\"wp-image-2651\"\/><figcaption class=\"wp-element-caption\"><em><em>Statin\u0117s<\/em><\/em><\/figcaption><\/figure>\n<\/div>\n\n\n\n<div class=\"wp-block-group is-layout-constrained wp-block-group-is-layout-constrained\">\n<figure class=\"wp-block-image aligncenter size-full\"><img loading=\"lazy\" decoding=\"async\" width=\"300\" height=\"250\" src=\"https:\/\/www.tektrade.ee\/lt\/wp-content\/uploads\/sites\/7\/2025\/08\/ResizedImage300250-Drums2.jpg\" alt=\"\" class=\"wp-image-2652\"\/><figcaption class=\"wp-element-caption\"><em>Statin\u0117<br><\/em><\/figcaption><\/figure>\n<\/div>\n<\/div>\n\n\n\n<p>Apra\u0161ymas:<\/p>\n\n\n\n<ul class=\"wp-block-list\">\n<li>visi pavir\u0161iai, turintys s\u0105lyt\u012f su sand\u0117liuojamomis med\u017eiagomis, pagaminti i\u0161 r\u016bg\u0161\u010diai atsparaus plieno 1.4404 (AISI 316);\u00a0visos kitos dalys pagamintos i\u0161 ner\u016bdijan\u010dio plieno 1.4301 (AISI 304);<\/li>\n\n\n\n<li>nuimamas dangtis palengvina statin\u0117s valym\u0105;<\/li>\n\n\n\n<li>dangtis turi u\u017erakt\u0105 ir sanitariniu b\u016bdu u\u017edarom\u0105 silikonin\u012f tarpikl\u012f;<\/li>\n\n\n\n<li>statin\u0117 turi dvi sustiprinimo briaunas;<\/li>\n\n\n\n<li>lygus dugnas, spinduliai (FDA), suvirinimo si\u016bl\u0117s;<\/li>\n\n\n\n<li>apdaila: dalys, turin\u010dios s\u0105lyti su med\u017eiagomis \u2013 \u22640,5 mikron\u0173 veidrodinis poliravimas, kiti pavir\u0161iai \u2013 satinin\u0117 apdaila.<br><\/li>\n<\/ul>\n\n\n\n<p><strong>Ve\u017eim\u0117lis statin\u0117ms<\/strong><\/p>\n\n\n\n<div class=\"wp-block-group is-layout-grid wp-container-core-group-is-layout-baef362d wp-block-group-is-layout-grid\">\n<div class=\"wp-block-group is-content-justification-left is-layout-constrained wp-container-core-group-is-layout-8c890d92 wp-block-group-is-layout-constrained\">\n<figure class=\"wp-block-image aligncenter size-full\"><img loading=\"lazy\" decoding=\"async\" width=\"300\" height=\"400\" src=\"https:\/\/www.tektrade.ee\/lt\/wp-content\/uploads\/sites\/7\/2025\/08\/ResizedImage300400-Trolley.jpg\" alt=\"\" class=\"wp-image-2653\" srcset=\"https:\/\/www.tektrade.ee\/lt\/wp-content\/uploads\/sites\/7\/2025\/08\/ResizedImage300400-Trolley.jpg 300w, https:\/\/www.tektrade.ee\/lt\/wp-content\/uploads\/sites\/7\/2025\/08\/ResizedImage300400-Trolley-225x300.jpg 225w\" sizes=\"auto, (max-width: 300px) 100vw, 300px\" \/><figcaption class=\"wp-element-caption\"><em>Ve\u017eim\u0117lis statin\u0117ms<br><\/em><\/figcaption><\/figure>\n<\/div>\n\n\n\n<div class=\"wp-block-group is-layout-constrained wp-block-group-is-layout-constrained\">\n<figure class=\"wp-block-image aligncenter size-full\"><img loading=\"lazy\" decoding=\"async\" width=\"300\" height=\"400\" src=\"https:\/\/www.tektrade.ee\/lt\/wp-content\/uploads\/sites\/7\/2025\/08\/ResizedImage300400-Trolley2.jpg\" alt=\"\" class=\"wp-image-2654\" srcset=\"https:\/\/www.tektrade.ee\/lt\/wp-content\/uploads\/sites\/7\/2025\/08\/ResizedImage300400-Trolley2.jpg 300w, https:\/\/www.tektrade.ee\/lt\/wp-content\/uploads\/sites\/7\/2025\/08\/ResizedImage300400-Trolley2-225x300.jpg 225w\" sizes=\"auto, (max-width: 300px) 100vw, 300px\" \/><figcaption class=\"wp-element-caption\"><em>Ve\u017eim\u0117lis statin\u0117ms<br><\/em><\/figcaption><\/figure>\n<\/div>\n<\/div>\n\n\n\n<p>Apra\u0161ymas:<\/p>\n\n\n\n<ul class=\"wp-block-list\">\n<li>AISI 304 ner\u016bdijan\u010dio plieno ve\u017eim\u0117lis statin\u0117ms perve\u017eti;<\/li>\n\n\n\n<li>turi ritinin\u012f konvejer\u012f ir saugos u\u017erakt\u0105 ritin\u0117liams;<\/li>\n\n\n\n<li>4 besisukantys ratai;<\/li>\n\n\n\n<li>satinin\u0117 apdaila;<\/li>\n\n\n\n<li>galima \u012fsigyti ve\u017eim\u0117li\u0173 30\/50\/100\/200\/300 L statin\u0117ms<\/li>\n<\/ul>\n\n\n\n<p><strong>Plieninis samtelis<\/strong><\/p>\n\n\n\n<div class=\"wp-block-group is-layout-grid wp-container-core-group-is-layout-baef362d wp-block-group-is-layout-grid\">\n<div class=\"wp-block-group is-content-justification-left is-layout-constrained wp-container-core-group-is-layout-8c890d92 wp-block-group-is-layout-constrained\">\n<figure class=\"wp-block-image aligncenter size-full\"><img loading=\"lazy\" decoding=\"async\" width=\"314\" height=\"200\" src=\"https:\/\/www.tektrade.ee\/lt\/wp-content\/uploads\/sites\/7\/2025\/08\/ResizedImage314200-Scoops1.jpg\" alt=\"\" class=\"wp-image-2655\" srcset=\"https:\/\/www.tektrade.ee\/lt\/wp-content\/uploads\/sites\/7\/2025\/08\/ResizedImage314200-Scoops1.jpg 314w, https:\/\/www.tektrade.ee\/lt\/wp-content\/uploads\/sites\/7\/2025\/08\/ResizedImage314200-Scoops1-300x191.jpg 300w\" sizes=\"auto, (max-width: 314px) 100vw, 314px\" \/><figcaption class=\"wp-element-caption\"><em>Plieninis samtelis<br><\/em><\/figcaption><\/figure>\n<\/div>\n\n\n\n<div class=\"wp-block-group is-layout-constrained wp-block-group-is-layout-constrained\">\n<figure class=\"wp-block-image aligncenter size-full\"><img loading=\"lazy\" decoding=\"async\" width=\"244\" height=\"200\" src=\"https:\/\/www.tektrade.ee\/lt\/wp-content\/uploads\/sites\/7\/2025\/08\/ResizedImage244200-Scoops2.jpg\" alt=\"\" class=\"wp-image-2656\"\/><figcaption class=\"wp-element-caption\"><em>Plieninis samtelis<br><\/em><\/figcaption><\/figure>\n<\/div>\n<\/div>\n\n\n\n<p>Apra\u0161ymas:<\/p>\n\n\n\n<ul class=\"wp-block-list\">\n<li>pagamintas i\u0161 r\u016bg\u0161\u010diai atsparaus AISI 316 plieno;<\/li>\n\n\n\n<li>apdaila: veidrodinis ar satininis poliravimas;<\/li>\n\n\n\n<li>visos dalys privirintos ir i\u0161valytos, be tarp\u0173; \u0161ie samteliai lengvai valomi, tinka naudoti autoklavuose.<\/li>\n<\/ul>\n\n\n\n<p><strong>Poliruotas grandiklis<\/strong><\/p>\n\n\n\n<div class=\"wp-block-group is-nowrap is-layout-flex wp-container-core-group-is-layout-ad2f72ca wp-block-group-is-layout-flex\">\n<div class=\"wp-block-group is-layout-constrained wp-block-group-is-layout-constrained\">\n<figure class=\"wp-block-image alignleft size-full\"><img loading=\"lazy\" decoding=\"async\" width=\"300\" height=\"235\" src=\"https:\/\/www.tektrade.ee\/lt\/wp-content\/uploads\/sites\/7\/2025\/08\/ResizedImage300235-Scraper-and-scoops.jpg\" alt=\"\" class=\"wp-image-2657\"\/><figcaption class=\"wp-element-caption\"><em>Grandiklis ir samtelis<br><\/em><\/figcaption><\/figure>\n<\/div>\n<\/div>\n\n\n\n<p>Apra\u0161ymas:<\/p>\n\n\n\n<ul class=\"wp-block-list\">\n<li>pagamintas i\u0161 r\u016bg\u0161\u010diai atsparaus plieno AISI 316;<\/li>\n\n\n\n<li>apdaila: veidrodinis poliravimas<\/li>\n<\/ul>\n","protected":false},"featured_media":0,"parent":2645,"menu_order":98,"template":"","class_list":["post-2650","product","type-product","status-publish","hentry"],"acf":[],"_links":{"self":[{"href":"https:\/\/www.tektrade.ee\/lt\/wp-json\/wp\/v2\/product\/2650","targetHints":{"allow":["GET"]}}],"collection":[{"href":"https:\/\/www.tektrade.ee\/lt\/wp-json\/wp\/v2\/product"}],"about":[{"href":"https:\/\/www.tektrade.ee\/lt\/wp-json\/wp\/v2\/types\/product"}],"version-history":[{"count":3,"href":"https:\/\/www.tektrade.ee\/lt\/wp-json\/wp\/v2\/product\/2650\/revisions"}],"predecessor-version":[{"id":3206,"href":"https:\/\/www.tektrade.ee\/lt\/wp-json\/wp\/v2\/product\/2650\/revisions\/3206"}],"up":[{"embeddable":true,"href":"https:\/\/www.tektrade.ee\/lt\/wp-json\/wp\/v2\/product\/2645"}],"wp:attachment":[{"href":"https:\/\/www.tektrade.ee\/lt\/wp-json\/wp\/v2\/media?parent=2650"}],"curies":[{"name":"wp","href":"https:\/\/api.w.org\/{rel}","templated":true}]}}