{"id":2639,"date":"2025-08-16T11:42:38","date_gmt":"2025-08-16T08:42:38","guid":{"rendered":"https:\/\/www.tektrade.ee\/lt\/?post_type=product&#038;p=2639"},"modified":"2025-08-19T23:06:29","modified_gmt":"2025-08-19T20:06:29","slug":"ndt-gaminiai","status":"publish","type":"product","link":"https:\/\/www.tektrade.ee\/lt\/prekes\/kiti-gaminiai\/ndt-gaminiai\/","title":{"rendered":"NDT gaminiai"},"content":{"rendered":"\n<p>NDT (Non Destructive Testing) \u2013 neardomosios kontrol\u0117s priemon\u0117s, naudojamos suvirinimo si\u016bl\u0117ms patikrinti ir metalo ply\u0161iams nustatyti atliekant suvirinimo darbus.<\/p>\n\n\n\n<p><strong>Pur\u0161kikliai<\/strong><\/p>\n\n\n\n<div class=\"wp-block-group is-nowrap is-layout-flex wp-container-core-group-is-layout-ad2f72ca wp-block-group-is-layout-flex\">\n<div class=\"wp-block-group is-layout-constrained wp-block-group-is-layout-constrained\">\n<figure class=\"wp-block-image alignleft size-full\"><img loading=\"lazy\" decoding=\"async\" width=\"300\" height=\"353\" src=\"https:\/\/www.tektrade.ee\/lt\/wp-content\/uploads\/sites\/7\/2025\/08\/ResizedImage300353-Aerosoolid.jpg\" alt=\"\" class=\"wp-image-2640\" srcset=\"https:\/\/www.tektrade.ee\/lt\/wp-content\/uploads\/sites\/7\/2025\/08\/ResizedImage300353-Aerosoolid.jpg 300w, https:\/\/www.tektrade.ee\/lt\/wp-content\/uploads\/sites\/7\/2025\/08\/ResizedImage300353-Aerosoolid-255x300.jpg 255w\" sizes=\"auto, (max-width: 300px) 100vw, 300px\" \/><figcaption class=\"wp-element-caption\">Pur\u0161kikliai<br><br><\/figcaption><\/figure>\n<\/div>\n<\/div>\n\n\n\n<div style=\"height:30px\" aria-hidden=\"true\" class=\"wp-block-spacer\"><\/div>\n\n\n\n<p>NDT pur\u0161kikliai skirti:<\/p>\n\n\n\n<p>1. Atlikti bandymus skverbikliu (kontrol\u0119 prasiskverbian\u010diais da\u017eais).<\/p>\n\n\n\n<p>Naudojamos priemon\u0117s:<\/p>\n\n\n\n<ul class=\"wp-block-list\">\n<li>raudoni (ar fluorescentiniai) prasiskverbiantys da\u017eai;<\/li>\n\n\n\n<li>valymo priemon\u0117;<\/li>\n\n\n\n<li>balti da\u017ealai;<\/li>\n<\/ul>\n\n\n\n<p>2. Atlikti bandymus magnetiniais milteliais.<\/p>\n\n\n\n<p>Naudojamos priemon\u0117s:<\/p>\n\n\n\n<ul class=\"wp-block-list\">\n<li>magnetini\u0173 milteli\u0173 suspensija;<\/li>\n\n\n\n<li>balti kontrastiniai da\u017eai.<\/li>\n<\/ul>\n\n\n\n<p>Si\u016blome \u012fsigyti 500ml ir 400ml pur\u0161kikli\u0173 \u2013 d\u0117\u017eut\u0117mis arba urmu (i\u0161 karto 1\/2 pad\u0117klo ar 1 pad\u0117klas).<\/p>\n\n\n\n<div style=\"height:30px\" aria-hidden=\"true\" class=\"wp-block-spacer\"><\/div>\n\n\n\n<p><strong>Ultragarsinis gelis<\/strong><\/p>\n\n\n\n<div class=\"wp-block-group is-nowrap is-layout-flex wp-container-core-group-is-layout-ad2f72ca wp-block-group-is-layout-flex\">\n<div class=\"wp-block-group is-layout-constrained wp-block-group-is-layout-constrained\">\n<figure class=\"wp-block-image alignleft size-full\"><img loading=\"lazy\" decoding=\"async\" width=\"250\" height=\"333\" src=\"https:\/\/www.tektrade.ee\/lt\/wp-content\/uploads\/sites\/7\/2025\/08\/ResizedImage250333-Ultraheligeel.jpg\" alt=\"\" class=\"wp-image-2641\" srcset=\"https:\/\/www.tektrade.ee\/lt\/wp-content\/uploads\/sites\/7\/2025\/08\/ResizedImage250333-Ultraheligeel.jpg 250w, https:\/\/www.tektrade.ee\/lt\/wp-content\/uploads\/sites\/7\/2025\/08\/ResizedImage250333-Ultraheligeel-225x300.jpg 225w\" sizes=\"auto, (max-width: 250px) 100vw, 250px\" \/><figcaption class=\"wp-element-caption\"><em>Ultragarsinis gelis<br><\/em><\/figcaption><\/figure>\n<\/div>\n<\/div>\n\n\n\n<div style=\"height:30px\" aria-hidden=\"true\" class=\"wp-block-spacer\"><\/div>\n\n\n\n<p>Kontaktinis ultragarsinis gelis naudojamas ir medicininiais tikslais, ir nustatant metalo defektus ultragarso \u012frenginiu.<\/p>\n\n\n\n<p>M\u016bs\u0173 asortimente yra dviej\u0173 tip\u0173 metalo tikrinimui skirto ultragarsinio gelio. Pirmas tipas \u2013 vandens pagrindu pagamintas ultragarsinis gelis, kitas \u2013 specialiai auk\u0161tos temperat\u016bros aplinkai skirtas ultragarsinis gelis.<\/p>\n\n\n\n<p>Sand\u0117lyje turime m\u0117lynos spalvos vandeninio ultragarsinio gelio. Pakuot\u0117 \u2013 5,5L kanistras.<\/p>\n\n\n\n<div style=\"height:30px\" aria-hidden=\"true\" class=\"wp-block-spacer\"><\/div>\n\n\n\n<p><strong>Priedai<\/strong><\/p>\n\n\n\n<ul class=\"wp-block-list\">\n<li>UV lempos<\/li>\n\n\n\n<li>Nuolatinis magnetas<\/li>\n<\/ul>\n\n\n\n<div class=\"wp-block-group is-layout-grid wp-container-core-group-is-layout-baef362d wp-block-group-is-layout-grid\">\n<div class=\"wp-block-group is-content-justification-left is-layout-constrained wp-container-core-group-is-layout-8c890d92 wp-block-group-is-layout-constrained\">\n<figure class=\"wp-block-image aligncenter size-full\"><img loading=\"lazy\" decoding=\"async\" width=\"250\" height=\"176\" src=\"https:\/\/www.tektrade.ee\/lt\/wp-content\/uploads\/sites\/7\/2025\/08\/UV-lamp-LED.jpg\" alt=\"\" class=\"wp-image-2642\"\/><figcaption class=\"wp-element-caption\">UV lempa<br><\/figcaption><\/figure>\n<\/div>\n\n\n\n<div class=\"wp-block-group is-layout-constrained wp-block-group-is-layout-constrained\">\n<figure class=\"wp-block-image aligncenter size-full\"><img loading=\"lazy\" decoding=\"async\" width=\"236\" height=\"176\" src=\"https:\/\/www.tektrade.ee\/lt\/wp-content\/uploads\/sites\/7\/2025\/08\/ResizedImage236176-Pusimagnet.jpg\" alt=\"\" class=\"wp-image-2643\"\/><figcaption class=\"wp-element-caption\">Nuolatinis magnetas<br><\/figcaption><\/figure>\n<\/div>\n<\/div>\n","protected":false},"featured_media":0,"parent":2635,"menu_order":101,"template":"","class_list":["post-2639","product","type-product","status-publish","hentry"],"acf":[],"_links":{"self":[{"href":"https:\/\/www.tektrade.ee\/lt\/wp-json\/wp\/v2\/product\/2639","targetHints":{"allow":["GET"]}}],"collection":[{"href":"https:\/\/www.tektrade.ee\/lt\/wp-json\/wp\/v2\/product"}],"about":[{"href":"https:\/\/www.tektrade.ee\/lt\/wp-json\/wp\/v2\/types\/product"}],"version-history":[{"count":2,"href":"https:\/\/www.tektrade.ee\/lt\/wp-json\/wp\/v2\/product\/2639\/revisions"}],"predecessor-version":[{"id":3209,"href":"https:\/\/www.tektrade.ee\/lt\/wp-json\/wp\/v2\/product\/2639\/revisions\/3209"}],"up":[{"embeddable":true,"href":"https:\/\/www.tektrade.ee\/lt\/wp-json\/wp\/v2\/product\/2635"}],"wp:attachment":[{"href":"https:\/\/www.tektrade.ee\/lt\/wp-json\/wp\/v2\/media?parent=2639"}],"curies":[{"name":"wp","href":"https:\/\/api.w.org\/{rel}","templated":true}]}}