{"id":2637,"date":"2025-08-16T11:40:51","date_gmt":"2025-08-16T08:40:51","guid":{"rendered":"https:\/\/www.tektrade.ee\/lt\/?post_type=product&#038;p=2637"},"modified":"2025-08-19T23:06:51","modified_gmt":"2025-08-19T20:06:51","slug":"vci-korozijos-inhibitoriai","status":"publish","type":"product","link":"https:\/\/www.tektrade.ee\/lt\/prekes\/kiti-gaminiai\/vci-korozijos-inhibitoriai\/","title":{"rendered":"VCI korozijos inhibitoriai"},"content":{"rendered":"\n<p>Korozij\u0105 stabdantys inhibitoriai (VCI technologija) \u2013 tai chemikalai, u\u017etikrinantys trumpalaik\u0119 metal\u0173 apsaug\u0105 nuo korozijos. Apsauginis laikotarpis svyruoja nuo savait\u0117s iki met\u0173, priklausomai nuo inhibitoriaus sud\u0117ties, chemikalo r\u016b\u0161ies, koncentracijos ir kiekio, naudojimo technologijos ir tt.<\/p>\n\n\n\n<p>Korozijos inhibitori\u0173 yra \u0161i\u0173 r\u016b\u0161i\u0173:<\/p>\n\n\n\n<p>1. Dujiniai inhibitoriai, naudojami metalo gaminiams konservuoti ir supakuoti.&nbsp;<br>Inhibitoriaus garai kondensuojasi ant metalo pavir\u0161iaus ir&nbsp; chemikalo jonai sudaro plon\u0105 molekulin\u012f apsaugin\u012f sluoksn\u012f, jis stabdo korozijos proces\u0105;<\/p>\n\n\n\n<ul class=\"wp-block-list\">\n<li>plastiko gaminiai, bir\u016bs emiteriai, putplas\u010dio emiteriai, tablet\u0117s, popieriai, pur\u0161kikliai;<\/li>\n<\/ul>\n\n\n\n<p>2. Skysti inhibitoriai, kuriais padengiamas metalo pavir\u0161ius (pvz., konservuojant kovinius ginklus)<\/p>\n\n\n\n<ul class=\"wp-block-list\">\n<li>inhibitori\u0173 sud\u0117tyje yra vandenini\u0173 ar aliejini\u0173 gamini\u0173 ir geli\u0173.<\/li>\n<\/ul>\n","protected":false},"featured_media":0,"parent":2635,"menu_order":102,"template":"","class_list":["post-2637","product","type-product","status-publish","hentry"],"acf":[],"_links":{"self":[{"href":"https:\/\/www.tektrade.ee\/lt\/wp-json\/wp\/v2\/product\/2637","targetHints":{"allow":["GET"]}}],"collection":[{"href":"https:\/\/www.tektrade.ee\/lt\/wp-json\/wp\/v2\/product"}],"about":[{"href":"https:\/\/www.tektrade.ee\/lt\/wp-json\/wp\/v2\/types\/product"}],"version-history":[{"count":2,"href":"https:\/\/www.tektrade.ee\/lt\/wp-json\/wp\/v2\/product\/2637\/revisions"}],"predecessor-version":[{"id":3210,"href":"https:\/\/www.tektrade.ee\/lt\/wp-json\/wp\/v2\/product\/2637\/revisions\/3210"}],"up":[{"embeddable":true,"href":"https:\/\/www.tektrade.ee\/lt\/wp-json\/wp\/v2\/product\/2635"}],"wp:attachment":[{"href":"https:\/\/www.tektrade.ee\/lt\/wp-json\/wp\/v2\/media?parent=2637"}],"curies":[{"name":"wp","href":"https:\/\/api.w.org\/{rel}","templated":true}]}}