{"id":2314,"date":"2025-08-12T23:20:14","date_gmt":"2025-08-12T20:20:14","guid":{"rendered":"https:\/\/www.tektrade.ee\/lt\/?post_type=product&#038;p=2314"},"modified":"2025-08-19T22:17:11","modified_gmt":"2025-08-19T19:17:11","slug":"skysciu-ir-duju-filtrai","status":"publish","type":"product","link":"https:\/\/www.tektrade.ee\/lt\/prekes\/filtrai-ir-separatoriai\/skysciu-ir-duju-filtrai\/","title":{"rendered":"Skys\u010di\u0173 ir duj\u0173 filtrai"},"content":{"rendered":"\n<p>BOLLFILTER filtrai \u2013 tai pramoniniai \u201ein-line\u201c filtrai, skirti skys\u010diams ir dujoms valyti nuo mechanini\u0173 daleli\u0173. Filtrai nuosekliai montuojami vamzdyn\u0173 sistemoje. Montuojami \u012fsiurbimo arba i\u0161leidimo vamzdynuose, kad apsaugot\u0173 sistemos komponentus, pavyzd\u017eiui, siurblius, guolius, \u0161ilumokai\u010dius, vo\u017etuvus arba vamzdynus nuo u\u017eter\u0161imo ir nuos\u0117d\u0173.<\/p>\n\n\n\n<p>Filtrai skirstomi tokiu b\u016bdu:<\/p>\n\n\n\n<p>&#8211; &#8222;Simplex&#8221; \u2013 vieno korpuso filtras. Tai pagrindinis modelis, lengvai valomas, kompakti\u0161kas.<\/p>\n\n\n\n<div class=\"wp-block-group is-nowrap is-layout-flex wp-container-core-group-is-layout-ad2f72ca wp-block-group-is-layout-flex\">\n<figure class=\"wp-block-image size-full\"><img loading=\"lazy\" decoding=\"async\" width=\"358\" height=\"424\" src=\"https:\/\/www.tektrade.ee\/lt\/wp-content\/uploads\/sites\/7\/2025\/08\/Bollfilter-Simplex-filter.png\" alt=\"\" class=\"wp-image-2601\" srcset=\"https:\/\/www.tektrade.ee\/lt\/wp-content\/uploads\/sites\/7\/2025\/08\/Bollfilter-Simplex-filter.png 358w, https:\/\/www.tektrade.ee\/lt\/wp-content\/uploads\/sites\/7\/2025\/08\/Bollfilter-Simplex-filter-253x300.png 253w\" sizes=\"auto, (max-width: 358px) 100vw, 358px\" \/><figcaption class=\"wp-element-caption\">Bollfilter Simplex<br><\/figcaption><\/figure>\n<\/div>\n\n\n\n<div style=\"height:30px\" aria-hidden=\"true\" class=\"wp-block-spacer\"><\/div>\n\n\n\n<p>&#8211; &#8222;Duplex&#8221; \u2013 dviej\u0173 korpus\u0173 filtras su perjungimo vo\u017etuvu. Leid\u017eia nepertraukiamai filtruoti, galima \u012fsigyti plat\u0173 filtr\u0173 element\u0173 asortiment\u0105.<\/p>\n\n\n\n<div class=\"wp-block-group is-nowrap is-layout-flex wp-container-core-group-is-layout-ad2f72ca wp-block-group-is-layout-flex\">\n<figure class=\"wp-block-image size-full\"><img loading=\"lazy\" decoding=\"async\" width=\"359\" height=\"503\" src=\"https:\/\/www.tektrade.ee\/lt\/wp-content\/uploads\/sites\/7\/2025\/08\/Bollfilter-duplex-filter.png\" alt=\"\" class=\"wp-image-2602\" srcset=\"https:\/\/www.tektrade.ee\/lt\/wp-content\/uploads\/sites\/7\/2025\/08\/Bollfilter-duplex-filter.png 359w, https:\/\/www.tektrade.ee\/lt\/wp-content\/uploads\/sites\/7\/2025\/08\/Bollfilter-duplex-filter-214x300.png 214w\" sizes=\"auto, (max-width: 359px) 100vw, 359px\" \/><figcaption class=\"wp-element-caption\">Bollfilter Duplex<br><\/figcaption><\/figure>\n<\/div>\n\n\n\n<div style=\"height:30px\" aria-hidden=\"true\" class=\"wp-block-spacer\"><\/div>\n\n\n\n<p>&#8211;&nbsp;&nbsp;Automatiniai filtrai. Nepertraukiamo veikimo, savaiminio valymo sistema su gr\u012f\u017etamuoju plovimu.&nbsp;&nbsp;<\/p>\n\n\n\n<p>Pavyzd\u017eiui:<\/p>\n\n\n\n<ul class=\"wp-block-list\">\n<li>\u201eAquaBoll\u00ae\u201c vandens filtrai, dyd\u017eiai nuo DN50 iki DN500, filtravimo diapazonas nuo 10 \u00b5 iki 5 mm.<\/li>\n<\/ul>\n\n\n\n<div class=\"wp-block-group is-nowrap is-layout-flex wp-container-core-group-is-layout-ad2f72ca wp-block-group-is-layout-flex\">\n<figure class=\"wp-block-image size-full\"><img loading=\"lazy\" decoding=\"async\" width=\"400\" height=\"728\" src=\"https:\/\/www.tektrade.ee\/lt\/wp-content\/uploads\/sites\/7\/2025\/08\/ResizedImage400728-Bollfilter-aquaBoll-self-cleaning-filter.jpg\" alt=\"\" class=\"wp-image-2603\" srcset=\"https:\/\/www.tektrade.ee\/lt\/wp-content\/uploads\/sites\/7\/2025\/08\/ResizedImage400728-Bollfilter-aquaBoll-self-cleaning-filter.jpg 400w, https:\/\/www.tektrade.ee\/lt\/wp-content\/uploads\/sites\/7\/2025\/08\/ResizedImage400728-Bollfilter-aquaBoll-self-cleaning-filter-165x300.jpg 165w, https:\/\/www.tektrade.ee\/lt\/wp-content\/uploads\/sites\/7\/2025\/08\/ResizedImage400728-Bollfilter-aquaBoll-self-cleaning-filter-330x600.jpg 330w\" sizes=\"auto, (max-width: 400px) 100vw, 400px\" \/><figcaption class=\"wp-element-caption\">Bollfilter AquaBoll\u00ae<br><\/figcaption><\/figure>\n<\/div>\n\n\n\n<div style=\"height:30px\" aria-hidden=\"true\" class=\"wp-block-spacer\"><\/div>\n\n\n\n<ul class=\"wp-block-list\">\n<li>\u201eEngineBoll\u00ae\u201c automatiniai filtrai variklin\u0117ms alyvoms ir mazutams valyti, dyd\u017eiai nuo DN50 iki DN300, filtravimo diapazonas nuo 1 \u00b5 iki 50 \u00b5.<\/li>\n\n\n\n<li>Automatiniai filtrai emulsijoms valyti, dyd\u017eiai nuo DN100 iki DN400, filtravimo diapazonas nuo 6 \u00b5 iki 150 \u00b5.<\/li>\n\n\n\n<li>&#8230; ir kiti.<\/li>\n<\/ul>\n\n\n\n<p>Filtravimo \u012frangos komponentai priklauso nuo filtro tipo, taip pat nuo taikymo srities.<\/p>\n\n\n\n<p>Korpuso med\u017eiag\u0173 asortimentas apima ket\u0173, anglin\u012f plien\u0105, ner\u016bdijant\u012f plien\u0105.<\/p>\n\n\n\n<p>Filtravimo elementai paprastai gaminami i\u0161 ner\u016bdijan\u010diojo plieno \u2013 krep\u0161eliniai elementai, kasetiniai elementai, \u017evakiniai elementai, sulankstyti elementai ir t. t. Naudojami \u012fvair\u016bs gaminiai, pavyzd\u017eiui, plieninis tinklelis, perforuota plok\u0161t\u0117 ir t. t. Kasetini\u0173 element\u0173 med\u017eiaga taip pat yra popierius, stiklo pluo\u0161tas, plastikas.<\/p>\n\n\n\n<div class=\"wp-block-group is-nowrap is-layout-flex wp-container-core-group-is-layout-ad2f72ca wp-block-group-is-layout-flex\">\n<figure class=\"wp-block-image size-full\"><img loading=\"lazy\" decoding=\"async\" width=\"500\" height=\"325\" src=\"https:\/\/www.tektrade.ee\/lt\/wp-content\/uploads\/sites\/7\/2025\/08\/ResizedImage500325-Bollfilter-Filter-elements.jpg\" alt=\"\" class=\"wp-image-2605\" srcset=\"https:\/\/www.tektrade.ee\/lt\/wp-content\/uploads\/sites\/7\/2025\/08\/ResizedImage500325-Bollfilter-Filter-elements.jpg 500w, https:\/\/www.tektrade.ee\/lt\/wp-content\/uploads\/sites\/7\/2025\/08\/ResizedImage500325-Bollfilter-Filter-elements-300x195.jpg 300w\" sizes=\"auto, (max-width: 500px) 100vw, 500px\" \/><figcaption class=\"wp-element-caption\">Bollfilter filtravimo elementai\u00a0<br><\/figcaption><\/figure>\n<\/div>\n\n\n\n<p>Filtravimo \u012frangos komponentais da\u017enai b\u016bna gumin\u0117s tarpin\u0117s, sl\u0117gio skirtumo indikatoriai, valdymo skydeliai.<\/p>\n\n\n\n<div class=\"wp-block-file\"><a id=\"wp-block-file--media-5e9b4605-7108-46a7-bc47-5fd1aa50654a\" href=\"https:\/\/www.tektrade.ee\/lt\/wp-content\/uploads\/sites\/7\/2025\/08\/Bollfilter-Filter-questionnaire.pdf\" target=\"_blank\" rel=\"noreferrer noopener\">Apklausos puslapis<\/a><\/div>\n","protected":false},"featured_media":0,"parent":2300,"menu_order":31,"template":"","class_list":["post-2314","product","type-product","status-publish","hentry"],"acf":[],"_links":{"self":[{"href":"https:\/\/www.tektrade.ee\/lt\/wp-json\/wp\/v2\/product\/2314","targetHints":{"allow":["GET"]}}],"collection":[{"href":"https:\/\/www.tektrade.ee\/lt\/wp-json\/wp\/v2\/product"}],"about":[{"href":"https:\/\/www.tektrade.ee\/lt\/wp-json\/wp\/v2\/types\/product"}],"version-history":[{"count":4,"href":"https:\/\/www.tektrade.ee\/lt\/wp-json\/wp\/v2\/product\/2314\/revisions"}],"predecessor-version":[{"id":3117,"href":"https:\/\/www.tektrade.ee\/lt\/wp-json\/wp\/v2\/product\/2314\/revisions\/3117"}],"up":[{"embeddable":true,"href":"https:\/\/www.tektrade.ee\/lt\/wp-json\/wp\/v2\/product\/2300"}],"wp:attachment":[{"href":"https:\/\/www.tektrade.ee\/lt\/wp-json\/wp\/v2\/media?parent=2314"}],"curies":[{"name":"wp","href":"https:\/\/api.w.org\/{rel}","templated":true}]}}