{"id":2312,"date":"2025-08-12T23:19:54","date_gmt":"2025-08-12T20:19:54","guid":{"rendered":"https:\/\/www.tektrade.ee\/lt\/?post_type=product&#038;p=2312"},"modified":"2025-08-19T22:16:16","modified_gmt":"2025-08-19T19:16:16","slug":"pramoniniai-vakuuminiai-siurbliai-delfin","status":"publish","type":"product","link":"https:\/\/www.tektrade.ee\/lt\/prekes\/filtrai-ir-separatoriai\/pramoniniai-vakuuminiai-siurbliai-delfin\/","title":{"rendered":"Pramoniniai vakuuminiai siurbliai Delfin"},"content":{"rendered":"\n<div class=\"wp-block-group is-nowrap is-layout-flex wp-container-core-group-is-layout-ad2f72ca wp-block-group-is-layout-flex\">\n<figure class=\"wp-block-image size-full\"><img loading=\"lazy\" decoding=\"async\" width=\"480\" height=\"400\" src=\"https:\/\/www.tektrade.ee\/lt\/wp-content\/uploads\/sites\/7\/2025\/08\/ResizedImage480400-Gamma-Atex.png\" alt=\"\" class=\"wp-image-2586\" srcset=\"https:\/\/www.tektrade.ee\/lt\/wp-content\/uploads\/sites\/7\/2025\/08\/ResizedImage480400-Gamma-Atex.png 480w, https:\/\/www.tektrade.ee\/lt\/wp-content\/uploads\/sites\/7\/2025\/08\/ResizedImage480400-Gamma-Atex-300x250.png 300w\" sizes=\"auto, (max-width: 480px) 100vw, 480px\" \/><\/figure>\n<\/div>\n\n\n\n<p>\u201eTekTrade Baltic\u201c produkt\u0173 asortimente yra pripa\u017einto Italijos gamintojo \u201eDelfin\u201c vakuuminiai siurbliai bet kokio tipo pramon\u0117s \u0161akoms. Kiekvienas vakuuminis siurbliai skirtas konkre\u010diam tikslui, t. y. dulk\u0117ms, kietosioms med\u017eiagoms ar skys\u010diams apdoroti. \u201eDelfin\u201c pramoniniai siurbliai yra geriausias sprendimas \u0161alinant dulkes ir (arba) gamybos atliekas i\u0161 bet kurios darbo aplinkos, u\u017etikrinant maksimal\u0173 efektyvum\u0105 ir saugum\u0105 gamybin\u0117je zonoje. D\u0117l HEPA filtravimo ir papildom\u0173 sertifikuot\u0173 komponent\u0173 ATEX pramoniniai siurbliai u\u017etikrina auk\u0161\u010diausi\u0105 \u0161varumo lyg\u012f ir saug\u0105 net potencialiai sprogioje aplinkoje.<\/p>\n\n\n\n<div class=\"wp-block-file\"><a id=\"wp-block-file--media-afb4953b-b269-4339-8d71-cd8effbe24ba\" href=\"https:\/\/www.tektrade.ee\/lt\/wp-content\/uploads\/sites\/7\/2025\/08\/Delfin-Catalogue-V1.0-ENG-web1.pdf\" target=\"_blank\" rel=\"noreferrer noopener\">Delfin Preki\u0173 katalogas<\/a><\/div>\n\n\n\n<p>Galima gauti \u012fvairi\u0173 tip\u0173 pramonini\u0173 vakuumini\u0173 siurbli\u0173:<\/p>\n\n\n\n<div class=\"wp-block-group is-nowrap is-layout-flex wp-container-core-group-is-layout-ad2f72ca wp-block-group-is-layout-flex\">\n<figure class=\"wp-block-image size-full\"><img loading=\"lazy\" decoding=\"async\" width=\"206\" height=\"300\" src=\"https:\/\/www.tektrade.ee\/lt\/wp-content\/uploads\/sites\/7\/2025\/08\/ResizedImage206300-3-faasilised.png\" alt=\"\" class=\"wp-image-2588\"\/><\/figure>\n<\/div>\n\n\n\n<p>&#8211;&nbsp;&nbsp;&nbsp;&nbsp;&nbsp;&nbsp; 3 fazi\u0173 pramoniniai vakuuminiai siurbliai, skirti naudoti nuolat pritaikomoms reikm\u0117ms.<\/p>\n\n\n\n<div style=\"height:30px\" aria-hidden=\"true\" class=\"wp-block-spacer\"><\/div>\n\n\n\n<div class=\"wp-block-group is-nowrap is-layout-flex wp-container-core-group-is-layout-ad2f72ca wp-block-group-is-layout-flex\">\n<figure class=\"wp-block-image size-full\"><img loading=\"lazy\" decoding=\"async\" width=\"151\" height=\"300\" src=\"https:\/\/www.tektrade.ee\/lt\/wp-content\/uploads\/sites\/7\/2025\/08\/ResizedImage151300-1-faasilised.png\" alt=\"\" class=\"wp-image-2590\"\/><\/figure>\n<\/div>\n\n\n\n<p>&#8211;&nbsp;&nbsp;&nbsp;&nbsp;&nbsp;&nbsp; 1 faz\u0117s pramoniniai vakuuminiai siurbliai, skirti dulk\u0117ms ir skys\u010diui susiurbti. Jie n\u0117ra skirti naudoti nuolat pritaikomoms reikm\u0117ms, bet bendram valymui gamybin\u0117se zonose. Leid\u017eia perkelti \u012frang\u0105 i\u0161 vienos gamybin\u0117s zonos \u012f kit\u0105.<\/p>\n\n\n\n<div style=\"height:30px\" aria-hidden=\"true\" class=\"wp-block-spacer\"><\/div>\n\n\n\n<div class=\"wp-block-group is-nowrap is-layout-flex wp-container-core-group-is-layout-ad2f72ca wp-block-group-is-layout-flex\">\n<figure class=\"wp-block-image size-full\"><img loading=\"lazy\" decoding=\"async\" width=\"206\" height=\"300\" src=\"https:\/\/www.tektrade.ee\/lt\/wp-content\/uploads\/sites\/7\/2025\/08\/ResizedImage206300-peene-ja-murgise-tolmu-jaoks.png\" alt=\"\" class=\"wp-image-2591\"\/><\/figure>\n<\/div>\n\n\n\n<p>&#8211;&nbsp;&nbsp;&nbsp;&nbsp;&nbsp;&nbsp; Pramoniniai vakuuminiai siurbliai, skirti smulkioms ir toksi\u0161koms dulk\u0117ms susiurbti.<\/p>\n\n\n\n<div style=\"height:30px\" aria-hidden=\"true\" class=\"wp-block-spacer\"><\/div>\n\n\n\n<div class=\"wp-block-group is-nowrap is-layout-flex wp-container-core-group-is-layout-ad2f72ca wp-block-group-is-layout-flex\">\n<figure class=\"wp-block-image size-full\"><img loading=\"lazy\" decoding=\"async\" width=\"182\" height=\"300\" src=\"https:\/\/www.tektrade.ee\/lt\/wp-content\/uploads\/sites\/7\/2025\/08\/ResizedImage182300-suruohuimur.png\" alt=\"\" class=\"wp-image-2592\"\/><\/figure>\n<\/div>\n\n\n\n<p>&#8211;&nbsp;&nbsp;&nbsp;&nbsp;&nbsp;&nbsp; Pramoniniai susl\u0117gto oro vakuuminiai siurbliai.<\/p>\n\n\n\n<div style=\"height:30px\" aria-hidden=\"true\" class=\"wp-block-spacer\"><\/div>\n\n\n\n<div class=\"wp-block-group is-nowrap is-layout-flex wp-container-core-group-is-layout-ad2f72ca wp-block-group-is-layout-flex\">\n<figure class=\"wp-block-image size-full\"><img loading=\"lazy\" decoding=\"async\" width=\"182\" height=\"300\" src=\"https:\/\/www.tektrade.ee\/lt\/wp-content\/uploads\/sites\/7\/2025\/08\/ResizedImage182300-atex.png\" alt=\"\" class=\"wp-image-2593\"\/><\/figure>\n<\/div>\n\n\n\n<p>&#8211;&nbsp;&nbsp;&nbsp;&nbsp;&nbsp;&nbsp; ATEX sertifikuoti pramoniniai vakuuminiai siurbliai.<\/p>\n\n\n\n<div style=\"height:30px\" aria-hidden=\"true\" class=\"wp-block-spacer\"><\/div>\n\n\n\n<div class=\"wp-block-group is-nowrap is-layout-flex wp-container-core-group-is-layout-ad2f72ca wp-block-group-is-layout-flex\">\n<figure class=\"wp-block-image size-full\"><img loading=\"lazy\" decoding=\"async\" width=\"206\" height=\"300\" src=\"https:\/\/www.tektrade.ee\/lt\/wp-content\/uploads\/sites\/7\/2025\/08\/ResizedImage206300-metallijaakidele.png\" alt=\"\" class=\"wp-image-2594\"\/><\/figure>\n<\/div>\n\n\n\n<p>&#8211;&nbsp;&nbsp;&nbsp;&nbsp;&nbsp;&nbsp; Pramoniniai vakuuminiai siurbliai metalo liku\u010diams pa\u0161alinti i\u0161 alyvos ir emulsij\u0173.<\/p>\n\n\n\n<div style=\"height:30px\" aria-hidden=\"true\" class=\"wp-block-spacer\"><\/div>\n\n\n\n<div class=\"wp-block-group is-nowrap is-layout-flex wp-container-core-group-is-layout-ad2f72ca wp-block-group-is-layout-flex\">\n<figure class=\"wp-block-image size-full\"><img loading=\"lazy\" decoding=\"async\" width=\"206\" height=\"300\" src=\"https:\/\/www.tektrade.ee\/lt\/wp-content\/uploads\/sites\/7\/2025\/08\/ResizedImage206300-farma.png\" alt=\"\" class=\"wp-image-2595\"\/><\/figure>\n<\/div>\n\n\n\n<p>&#8211;&nbsp;&nbsp;&nbsp;&nbsp;&nbsp;&nbsp; Pramoniniai vakuuminiai siurbliai maisto, farmacijos pramonei ir kitoms pramon\u0117s \u0161akoms, kurioms reikalinga maksimali \u0161vara.<\/p>\n\n\n\n<div style=\"height:30px\" aria-hidden=\"true\" class=\"wp-block-spacer\"><\/div>\n\n\n\n<div class=\"wp-block-group is-nowrap is-layout-flex wp-container-core-group-is-layout-ad2f72ca wp-block-group-is-layout-flex\">\n<figure class=\"wp-block-image size-full\"><img loading=\"lazy\" decoding=\"async\" width=\"206\" height=\"300\" src=\"https:\/\/www.tektrade.ee\/lt\/wp-content\/uploads\/sites\/7\/2025\/08\/ResizedImage206300-tootmisliinidele.png\" alt=\"\" class=\"wp-image-2596\"\/><\/figure>\n<\/div>\n\n\n\n<p>&#8211;&nbsp;&nbsp;&nbsp;&nbsp;&nbsp;&nbsp; Pramoniniai vakuuminiai siurbliai, skirti liku\u010diams ir atliekoms \u0161alinti OEM pramon\u0117je, pakavimo pramon\u0117je ir gamybos linijose.<\/p>\n\n\n\n<div style=\"height:30px\" aria-hidden=\"true\" class=\"wp-block-spacer\"><\/div>\n\n\n\n<div class=\"wp-block-group is-nowrap is-layout-flex wp-container-core-group-is-layout-ad2f72ca wp-block-group-is-layout-flex\">\n<figure class=\"wp-block-image size-full\"><img loading=\"lazy\" decoding=\"async\" width=\"206\" height=\"300\" src=\"https:\/\/www.tektrade.ee\/lt\/wp-content\/uploads\/sites\/7\/2025\/08\/ResizedImage206300-keevitamisega-seotud.png\" alt=\"\" class=\"wp-image-2597\"\/><\/figure>\n<\/div>\n\n\n\n<p>&#8211;&nbsp;&nbsp;&nbsp;&nbsp;&nbsp;&nbsp; Pramoniniai vakuuminiai siurbliai suvirinimo darbus atliekan\u010diai pramonei.<\/p>\n\n\n\n<div style=\"height:30px\" aria-hidden=\"true\" class=\"wp-block-spacer\"><\/div>\n\n\n\n<div class=\"wp-block-group is-nowrap is-layout-flex wp-container-core-group-is-layout-ad2f72ca wp-block-group-is-layout-flex\">\n<figure class=\"wp-block-image size-full\"><img loading=\"lazy\" decoding=\"async\" width=\"237\" height=\"300\" src=\"https:\/\/www.tektrade.ee\/lt\/wp-content\/uploads\/sites\/7\/2025\/08\/ResizedImage237300-rasketoostusele.png\" alt=\"\" class=\"wp-image-2598\"\/><\/figure>\n<\/div>\n\n\n\n<p>&#8211;\u00a0\u00a0\u00a0\u00a0\u00a0\u00a0 Pramoniniai vakuuminiai siurbliai didelio paj\u0117gumo sunkiosios pramon\u0117s \u0161akoms.<\/p>\n","protected":false},"featured_media":0,"parent":2300,"menu_order":30,"template":"","class_list":["post-2312","product","type-product","status-publish","hentry"],"acf":[],"_links":{"self":[{"href":"https:\/\/www.tektrade.ee\/lt\/wp-json\/wp\/v2\/product\/2312","targetHints":{"allow":["GET"]}}],"collection":[{"href":"https:\/\/www.tektrade.ee\/lt\/wp-json\/wp\/v2\/product"}],"about":[{"href":"https:\/\/www.tektrade.ee\/lt\/wp-json\/wp\/v2\/types\/product"}],"version-history":[{"count":4,"href":"https:\/\/www.tektrade.ee\/lt\/wp-json\/wp\/v2\/product\/2312\/revisions"}],"predecessor-version":[{"id":3116,"href":"https:\/\/www.tektrade.ee\/lt\/wp-json\/wp\/v2\/product\/2312\/revisions\/3116"}],"up":[{"embeddable":true,"href":"https:\/\/www.tektrade.ee\/lt\/wp-json\/wp\/v2\/product\/2300"}],"wp:attachment":[{"href":"https:\/\/www.tektrade.ee\/lt\/wp-json\/wp\/v2\/media?parent=2312"}],"curies":[{"name":"wp","href":"https:\/\/api.w.org\/{rel}","templated":true}]}}