{"id":2310,"date":"2025-08-12T23:19:38","date_gmt":"2025-08-12T20:19:38","guid":{"rendered":"https:\/\/www.tektrade.ee\/lt\/?post_type=product&#038;p=2310"},"modified":"2025-08-19T22:15:11","modified_gmt":"2025-08-19T19:15:11","slug":"vakuuminiai-irenginiai-freddy","status":"publish","type":"product","link":"https:\/\/www.tektrade.ee\/lt\/prekes\/filtrai-ir-separatoriai\/vakuuminiai-irenginiai-freddy\/","title":{"rendered":"Vakuuminiai \u012frenginiai Freddy"},"content":{"rendered":"\n<p>Freddy\u00ae kilnojamieji vakuuminiai filtrai da\u017eniausiai naudojami metalo apdirbimo gamyklose.&nbsp;<\/p>\n\n\n\n<p>Freddy\u00ae &nbsp;\u012frenginiais i\u0161 stakli\u0173 talpykl\u0173 \/ konvejerio i\u0161siurbiamas metalo pjovimo skystis, emulsija arba au\u0161inimo ir tepimo skys\u010diai. Didinant skys\u010di\u0173 \u0161varumo laipsn\u012f ger\u0117ja gamybos kokyb\u0117.<\/p>\n\n\n\n<p>Filtravimo \u012frenginiai pa\u0161alina i\u0161 skys\u010di\u0173 mechanines daleles ir alyvos liku\u010dius.<br>Taigi, naudojant Freddy \u012frenginius, \u017eymiai suma\u017e\u0117ja skys\u010di\u0173 s\u0105naudos, ger\u0117ja mechanizm\u0173 darbas ir ilg\u0117ja j\u0173 tarnavimo laikas, taip pat sutaupomos i\u0161laidos liku\u010di\u0173 \u0161alinimui.<\/p>\n\n\n\n<p>Pagal na\u0161um\u0105 ir pritaikym\u0105 i\u0161skiriami tokie \u012frenginiai\u2013 Superminor, Ecovac, Tramp Oil Separator.<\/p>\n\n\n\n<p>Taip pat si\u016blome \u012fsigyti \u012frenginiams naudojam\u0173 pried\u0173 \u2013 kei\u010diam\u0173 antgali\u0173, \u012fvairaus tankio filtravimo mai\u0161eli\u0173 ir tt.<\/p>\n\n\n\n<div class=\"wp-block-group is-nowrap is-layout-flex wp-container-core-group-is-layout-ad2f72ca wp-block-group-is-layout-flex\">\n<figure class=\"wp-block-image size-full\"><img loading=\"lazy\" decoding=\"async\" width=\"300\" height=\"290\" src=\"https:\/\/www.tektrade.ee\/lt\/wp-content\/uploads\/sites\/7\/2025\/08\/ResizedImage300290-SuperMinor-square.jpg\" alt=\"\" class=\"wp-image-2582\"\/><figcaption class=\"wp-element-caption\">SuperMinor<br><\/figcaption><\/figure>\n<\/div>\n\n\n\n<div class=\"wp-block-group is-nowrap is-layout-flex wp-container-core-group-is-layout-ad2f72ca wp-block-group-is-layout-flex\">\n<figure class=\"wp-block-image size-full\"><img loading=\"lazy\" decoding=\"async\" width=\"300\" height=\"294\" src=\"https:\/\/www.tektrade.ee\/lt\/wp-content\/uploads\/sites\/7\/2025\/08\/ResizedImage300294-Ecovac-square.jpg\" alt=\"\" class=\"wp-image-2583\"\/><figcaption class=\"wp-element-caption\"><em>Ecovac<\/em><br><\/figcaption><\/figure>\n<\/div>\n\n\n\n<div class=\"wp-block-group is-nowrap is-layout-flex wp-container-core-group-is-layout-ad2f72ca wp-block-group-is-layout-flex\">\n<figure class=\"wp-block-image size-full\"><img loading=\"lazy\" decoding=\"async\" width=\"300\" height=\"261\" src=\"https:\/\/www.tektrade.ee\/lt\/wp-content\/uploads\/sites\/7\/2025\/08\/ResizedImage300261-TOS-square.jpg\" alt=\"\" class=\"wp-image-2584\"\/><figcaption class=\"wp-element-caption\">Tramp Oil Separator<br><br><br><\/figcaption><\/figure>\n<\/div>\n","protected":false},"featured_media":0,"parent":2300,"menu_order":29,"template":"","class_list":["post-2310","product","type-product","status-publish","hentry"],"acf":[],"_links":{"self":[{"href":"https:\/\/www.tektrade.ee\/lt\/wp-json\/wp\/v2\/product\/2310","targetHints":{"allow":["GET"]}}],"collection":[{"href":"https:\/\/www.tektrade.ee\/lt\/wp-json\/wp\/v2\/product"}],"about":[{"href":"https:\/\/www.tektrade.ee\/lt\/wp-json\/wp\/v2\/types\/product"}],"version-history":[{"count":3,"href":"https:\/\/www.tektrade.ee\/lt\/wp-json\/wp\/v2\/product\/2310\/revisions"}],"predecessor-version":[{"id":3115,"href":"https:\/\/www.tektrade.ee\/lt\/wp-json\/wp\/v2\/product\/2310\/revisions\/3115"}],"up":[{"embeddable":true,"href":"https:\/\/www.tektrade.ee\/lt\/wp-json\/wp\/v2\/product\/2300"}],"wp:attachment":[{"href":"https:\/\/www.tektrade.ee\/lt\/wp-json\/wp\/v2\/media?parent=2310"}],"curies":[{"name":"wp","href":"https:\/\/api.w.org\/{rel}","templated":true}]}}