{"id":2308,"date":"2025-08-12T23:19:23","date_gmt":"2025-08-12T20:19:23","guid":{"rendered":"https:\/\/www.tektrade.ee\/lt\/?post_type=product&#038;p=2308"},"modified":"2025-08-19T22:13:29","modified_gmt":"2025-08-19T19:13:29","slug":"vibroseparatoriai-ir-sietai","status":"publish","type":"product","link":"https:\/\/www.tektrade.ee\/lt\/prekes\/filtrai-ir-separatoriai\/vibroseparatoriai-ir-sietai\/","title":{"rendered":"Vibroseparatoriai ir sietai"},"content":{"rendered":"\n<p>Vibroseparatoriai naudojami skys\u010diuose esantiems ne\u0161varumams ir nustatyto dyd\u017eio kietosioms dalel\u0117ms nufiltruoti. Atskyrimas atliekamas vibraciniu ir gravitaciniu b\u016bdu. Dalel\u0117s surenkamos \u012fvairaus aku\u010di\u0173 dyd\u017eio sietais. R\u016b\u0161iavimui pagal frakcijas naudojama ir modulin\u0117 siet\u0173 sistema.<\/p>\n\n\n\n<div class=\"wp-block-group is-layout-grid wp-container-core-group-is-layout-baef362d wp-block-group-is-layout-grid\">\n<div class=\"wp-block-group is-content-justification-left is-layout-constrained wp-container-core-group-is-layout-8c890d92 wp-block-group-is-layout-constrained\">\n<figure class=\"wp-block-image size-full\"><img loading=\"lazy\" decoding=\"async\" width=\"253\" height=\"250\" src=\"https:\/\/www.tektrade.ee\/lt\/wp-content\/uploads\/sites\/7\/2025\/08\/ResizedImage253250-Moodul.jpg\" alt=\"\" class=\"wp-image-2572\" srcset=\"https:\/\/www.tektrade.ee\/lt\/wp-content\/uploads\/sites\/7\/2025\/08\/ResizedImage253250-Moodul.jpg 253w, https:\/\/www.tektrade.ee\/lt\/wp-content\/uploads\/sites\/7\/2025\/08\/ResizedImage253250-Moodul-100x100.jpg 100w\" sizes=\"auto, (max-width: 253px) 100vw, 253px\" \/><figcaption class=\"wp-element-caption\">Skirstymas \u012f grupes. Modulin\u0117 siet\u0173 sistema.<br><\/figcaption><\/figure>\n<\/div>\n\n\n\n<figure class=\"wp-block-image size-full\"><img loading=\"lazy\" decoding=\"async\" width=\"286\" height=\"250\" src=\"https:\/\/www.tektrade.ee\/lt\/wp-content\/uploads\/sites\/7\/2025\/08\/ResizedImage286250-Filtreerimine.jpg\" alt=\"\" class=\"wp-image-2573\"\/><figcaption class=\"wp-element-caption\"><em>Filtravimas<br><\/em><\/figcaption><\/figure>\n<\/div>\n\n\n\n<div style=\"height:30px\" aria-hidden=\"true\" class=\"wp-block-spacer\"><\/div>\n\n\n\n<p>Prireikus \u012f sistem\u0105 papildomai pajungiamas CIP (\u201eclean in place\u201c) \u012frenginys arba sistema pritaikoma naudoti sprogioje \u201eATEX\u201c aplinkoje.<\/p>\n\n\n\n<p>\u201eSWECO\u201c separatoriai naudojami medienos pramon\u0117je, skalbyklose, chemini\u0173 ir farmacini\u0173 priemoni\u0173 gamyboje, popieriaus pramon\u0117je,&nbsp;maisto produkt\u0173 ir aliej\u0173 gamyboje. Taip pat tinka naudoti mechaniniams liku\u010diams ir pluo\u0161tams pa\u0161alinti i\u0161 nuotek\u0173.<\/p>\n\n\n\n<p>Vibroseparatoriai pagal darbinio pavir\u0161iaus, arba sietelio form\u0105 skirstomi \u012f du tipus: apval\u016bs ir keturkampiai separatoriai.<\/p>\n\n\n\n<div class=\"wp-block-group is-nowrap is-layout-flex wp-container-core-group-is-layout-ad2f72ca wp-block-group-is-layout-flex\">\n<figure class=\"wp-block-image size-full\"><img loading=\"lazy\" decoding=\"async\" width=\"189\" height=\"150\" src=\"https:\/\/www.tektrade.ee\/lt\/wp-content\/uploads\/sites\/7\/2025\/08\/ResizedImage189150-Umara-kujuga-vibro-separaator.jpg\" alt=\"\" class=\"wp-image-2574\"\/><figcaption class=\"wp-element-caption\"><em>Apvalus vibroseparatorius<br><\/em><\/figcaption><\/figure>\n<\/div>\n\n\n\n<div class=\"wp-block-group is-layout-grid wp-container-core-group-is-layout-baef362d wp-block-group-is-layout-grid\">\n<div class=\"wp-block-group is-content-justification-left is-layout-constrained wp-container-core-group-is-layout-8c890d92 wp-block-group-is-layout-constrained\">\n<figure class=\"wp-block-image size-full\"><img loading=\"lazy\" decoding=\"async\" width=\"303\" height=\"150\" src=\"https:\/\/www.tektrade.ee\/lt\/wp-content\/uploads\/sites\/7\/2025\/08\/ResizedImage303150-GyraMax-Vibro-separaator.jpg\" alt=\"\" class=\"wp-image-2575\" srcset=\"https:\/\/www.tektrade.ee\/lt\/wp-content\/uploads\/sites\/7\/2025\/08\/ResizedImage303150-GyraMax-Vibro-separaator.jpg 303w, https:\/\/www.tektrade.ee\/lt\/wp-content\/uploads\/sites\/7\/2025\/08\/ResizedImage303150-GyraMax-Vibro-separaator-300x150.jpg 300w\" sizes=\"auto, (max-width: 303px) 100vw, 303px\" \/><figcaption class=\"wp-element-caption\">Keturkampis \u201eGyraMax\u201c vibroseparatorius<br><\/figcaption><\/figure>\n<\/div>\n\n\n\n<figure class=\"wp-block-image size-full\"><img loading=\"lazy\" decoding=\"async\" width=\"173\" height=\"150\" src=\"https:\/\/www.tektrade.ee\/lt\/wp-content\/uploads\/sites\/7\/2025\/08\/ResizedImage173150-Vibroseparaatorid.jpg\" alt=\"\" class=\"wp-image-2576\"\/><figcaption class=\"wp-element-caption\"><em><em>Keturkampis vibroseparatorius<\/em><\/em><\/figcaption><\/figure>\n<\/div>\n\n\n\n<div style=\"height:30px\" aria-hidden=\"true\" class=\"wp-block-spacer\"><\/div>\n\n\n\n<div class=\"wp-block-file\"><a id=\"wp-block-file--media-4a5bd653-e3cd-4199-9276-d69dd2072e62\" href=\"https:\/\/www.tektrade.ee\/lt\/wp-content\/uploads\/sites\/7\/2025\/08\/Sweco-round-separator.pdf\" target=\"_blank\" rel=\"noreferrer noopener\">Apvalus vibroseparatorius<\/a><\/div>\n\n\n\n<div class=\"wp-block-file\"><a id=\"wp-block-file--media-230e635d-e546-4248-bd09-83ef6bb4bf5d\" href=\"https:\/\/www.tektrade.ee\/lt\/wp-content\/uploads\/sites\/7\/2025\/08\/Sweco-rectangular-separator.pdf\" target=\"_blank\" rel=\"noreferrer noopener\">Keturkampis vibroseparatorius<\/a><\/div>\n\n\n\n<div style=\"height:30px\" aria-hidden=\"true\" class=\"wp-block-spacer\"><\/div>\n\n\n\n<p>\u012esigijusiems \u012frengin\u012f galime pasi\u016blyti visas reikalingas atsargines dalis ir sietus.<\/p>\n\n\n\n<div class=\"wp-block-group is-nowrap is-layout-flex wp-container-core-group-is-layout-ad2f72ca wp-block-group-is-layout-flex\">\n<figure class=\"wp-block-image size-full\"><img loading=\"lazy\" decoding=\"async\" width=\"275\" height=\"200\" src=\"https:\/\/www.tektrade.ee\/lt\/wp-content\/uploads\/sites\/7\/2025\/08\/ResizedImage275200-Vibroseparaator-soelad.jpg\" alt=\"\" class=\"wp-image-2580\"\/><figcaption class=\"wp-element-caption\">\u012evair\u016bs sietai<br><br><br><\/figcaption><\/figure>\n<\/div>\n","protected":false},"featured_media":0,"parent":2300,"menu_order":28,"template":"","class_list":["post-2308","product","type-product","status-publish","hentry"],"acf":[],"_links":{"self":[{"href":"https:\/\/www.tektrade.ee\/lt\/wp-json\/wp\/v2\/product\/2308","targetHints":{"allow":["GET"]}}],"collection":[{"href":"https:\/\/www.tektrade.ee\/lt\/wp-json\/wp\/v2\/product"}],"about":[{"href":"https:\/\/www.tektrade.ee\/lt\/wp-json\/wp\/v2\/types\/product"}],"version-history":[{"count":3,"href":"https:\/\/www.tektrade.ee\/lt\/wp-json\/wp\/v2\/product\/2308\/revisions"}],"predecessor-version":[{"id":3112,"href":"https:\/\/www.tektrade.ee\/lt\/wp-json\/wp\/v2\/product\/2308\/revisions\/3112"}],"up":[{"embeddable":true,"href":"https:\/\/www.tektrade.ee\/lt\/wp-json\/wp\/v2\/product\/2300"}],"wp:attachment":[{"href":"https:\/\/www.tektrade.ee\/lt\/wp-json\/wp\/v2\/media?parent=2308"}],"curies":[{"name":"wp","href":"https:\/\/api.w.org\/{rel}","templated":true}]}}