{"id":2306,"date":"2025-08-12T23:19:10","date_gmt":"2025-08-12T20:19:10","guid":{"rendered":"https:\/\/www.tektrade.ee\/lt\/?post_type=product&#038;p=2306"},"modified":"2025-08-19T22:14:37","modified_gmt":"2025-08-19T19:14:37","slug":"vedinimo-filtrai","status":"publish","type":"product","link":"https:\/\/www.tektrade.ee\/lt\/prekes\/filtrai-ir-separatoriai\/vedinimo-filtrai\/","title":{"rendered":"V\u0117dinimo filtrai"},"content":{"rendered":"\n<p><strong>Standartiniai vienkartiniam naudojimui skirti v\u0117dinimo filtrai<\/strong><\/p>\n\n\n\n<p>Alyvos talpyklai esant lauke arba alyvos sistemai (tepimo \u012frenginys) esant dr\u0117gnoje aplinkoje, rekomenduojama sumontuoti vienkartinio naudojimo v\u0117dinimo filtr\u0105, t. y. oro kaitos filtr\u0105.<br>V\u0117dinimo filtrai \u2013 tai patentuoti silikagelio pagrindu veikiantys oro filtrai, paprastai montuojami vietoj alyv\u0173 sistemos oro kaitos angos (\u201ekv\u0117pavimo\u201c angos) kam\u0161\u010dio.<\/p>\n\n\n\n<p>Naudojimo sritis: hidraulin\u0117s sistemos, transformatoriai, pavar\u0173 d\u0117\u017e\u0117s, kranai ir tt.<\/p>\n\n\n\n<p><strong><br>V\u0117dinimo filtrai su plieno korpusu ir kei\u010diama vidine dalimi<\/strong><\/p>\n\n\n\n<p>Didel\u0117se cirkuliacin\u0117se tepimo sistemose, rezervuaruose ir talpyklose laisvas oras da\u017enai b\u016bna labai u\u017eter\u0161tas. Si\u016blome vadinamuosius atkuriamojo \/ kei\u010diamojo turinio v\u0117dinimo filtrus, pad\u0117sian\u010dius palaikyti \u0161vari\u0105 aplink\u0105.<br>\u0160i\u0173 v\u0117dinimo filtr\u0173 pralaidumas ir na\u0161umas ypa\u010d didelis: 2200\u20135800 l\/min.<br>Filtro plieniniame korpuse patalpintas dulki\u0173 filtras su 1 mikrometro dyd\u017eio anga bei dr\u0117gm\u0119 sugeriantis silikagelio elementas.<\/p>\n","protected":false},"featured_media":0,"parent":2300,"menu_order":27,"template":"","class_list":["post-2306","product","type-product","status-publish","hentry"],"acf":[],"_links":{"self":[{"href":"https:\/\/www.tektrade.ee\/lt\/wp-json\/wp\/v2\/product\/2306","targetHints":{"allow":["GET"]}}],"collection":[{"href":"https:\/\/www.tektrade.ee\/lt\/wp-json\/wp\/v2\/product"}],"about":[{"href":"https:\/\/www.tektrade.ee\/lt\/wp-json\/wp\/v2\/types\/product"}],"version-history":[{"count":3,"href":"https:\/\/www.tektrade.ee\/lt\/wp-json\/wp\/v2\/product\/2306\/revisions"}],"predecessor-version":[{"id":3114,"href":"https:\/\/www.tektrade.ee\/lt\/wp-json\/wp\/v2\/product\/2306\/revisions\/3114"}],"up":[{"embeddable":true,"href":"https:\/\/www.tektrade.ee\/lt\/wp-json\/wp\/v2\/product\/2300"}],"wp:attachment":[{"href":"https:\/\/www.tektrade.ee\/lt\/wp-json\/wp\/v2\/media?parent=2306"}],"curies":[{"name":"wp","href":"https:\/\/api.w.org\/{rel}","templated":true}]}}