{"id":2304,"date":"2025-08-12T23:18:53","date_gmt":"2025-08-12T20:18:53","guid":{"rendered":"https:\/\/www.tektrade.ee\/lt\/?post_type=product&#038;p=2304"},"modified":"2025-08-19T22:14:06","modified_gmt":"2025-08-19T19:14:06","slug":"nuoteku-ir-triumo-vandens-filtrai","status":"publish","type":"product","link":"https:\/\/www.tektrade.ee\/lt\/prekes\/filtrai-ir-separatoriai\/nuoteku-ir-triumo-vandens-filtrai\/","title":{"rendered":"Nuotek\u0173 ir triumo vandens filtrai"},"content":{"rendered":"\n<p>\u201eCJC\u2122 Blue Baleen\u201c alyv\u0173 sug\u0117rikliai (CJC\u2122 Blue Baleen Oil Absorb Systems) \u2013 \u00a0filtr\u0173 sistema ir filtravimo elementai triumo vandens, gamybinio vandens bei nuotek\u0173 giliajam valymui, alyv\u0173 liku\u010di\u0173 (alyvos kiekis ma\u017eesnis nei 5 ppm) pa\u0161alinimui.<br>Si\u016blome vykdyti kompleksin\u012f pirmin\u012f filtravim\u0105 mai\u0161iniu filtru ir po jo \u2013 smulk\u0173 pagrindin\u012f filtravim\u0105 polipropileno elementais.<br>Jei naudojate alyvos-vandens separatori\u0173, rekomenduojame papildomai sumontuoti \u201eBlue Baleen\u201c smulkaus filtravimo sistem\u0105, ji u\u017etikrins atskirto vandens gil\u0173j\u012f valym\u0105.<\/p>\n\n\n\n<div class=\"wp-block-group is-nowrap is-layout-flex wp-container-core-group-is-layout-ad2f72ca wp-block-group-is-layout-flex\">\n<figure class=\"wp-block-image size-full\"><img loading=\"lazy\" decoding=\"async\" width=\"300\" height=\"283\" src=\"https:\/\/www.tektrade.ee\/lt\/wp-content\/uploads\/sites\/7\/2025\/08\/ResizedImage300283-Blue-Baleen-OA-PC.jpg\" alt=\"\" class=\"wp-image-2565\"\/><figcaption class=\"wp-element-caption\">Blue Baleen OA &amp; PC<br><\/figcaption><\/figure>\n<\/div>\n\n\n\n<div style=\"height:30px\" aria-hidden=\"true\" class=\"wp-block-spacer\"><\/div>\n\n\n\n<div class=\"wp-block-file\"><a id=\"wp-block-file--media-095fb4c7-b808-4422-975f-13e0f60c628a\" href=\"https:\/\/www.tektrade.ee\/lt\/wp-content\/uploads\/sites\/7\/2025\/08\/Blue-Baleen-System-Brochure-UK-250908.pdf\" target=\"_blank\" rel=\"noreferrer noopener\">&#8222;Blue Baleen System&#8221; katalogas<\/a><\/div>\n\n\n\n<div style=\"height:30px\" aria-hidden=\"true\" class=\"wp-block-spacer\"><\/div>\n\n\n\n<p>SWECO vibroseparatorius&nbsp;\u2013 pla\u010diai naudojamas mechaniniams ne\u0161varumams pa\u0161alinti i\u0161 nuotek\u0173.&nbsp;<\/p>\n\n\n\n<div class=\"wp-block-group is-nowrap is-layout-flex wp-container-core-group-is-layout-ad2f72ca wp-block-group-is-layout-flex\">\n<figure class=\"wp-block-image size-full\"><img loading=\"lazy\" decoding=\"async\" width=\"300\" height=\"240\" src=\"https:\/\/www.tektrade.ee\/lt\/wp-content\/uploads\/sites\/7\/2025\/08\/ResizedImage300240-Umara-kujuga-vibro-separaator.jpg\" alt=\"\" class=\"wp-image-2567\"\/><figcaption class=\"wp-element-caption\">Vibroseparatorius<br><br><\/figcaption><\/figure>\n<\/div>\n\n\n\n<div style=\"height:30px\" aria-hidden=\"true\" class=\"wp-block-spacer\"><\/div>\n\n\n\n<p><a href=\"https:\/\/www.tektrade.ee\/lt\/prekes\/filtrai-ir-separatoriai\/vibroseparatoriai-ir-sietai\/\" data-type=\"link\" data-id=\"https:\/\/www.tektrade.ee\/lt\/prekes\/filtrai-ir-separatoriai\/vibroseparatoriai-ir-sietai\/\" target=\"_blank\" rel=\"noreferrer noopener\">Papildomai \u017er. skyri\u0173 \u201eVibroseparatoriai ir sietai&#8221;.<\/a><\/p>\n\n\n\n<p><\/p>\n","protected":false},"featured_media":0,"parent":2300,"menu_order":26,"template":"","class_list":["post-2304","product","type-product","status-publish","hentry"],"acf":[],"_links":{"self":[{"href":"https:\/\/www.tektrade.ee\/lt\/wp-json\/wp\/v2\/product\/2304","targetHints":{"allow":["GET"]}}],"collection":[{"href":"https:\/\/www.tektrade.ee\/lt\/wp-json\/wp\/v2\/product"}],"about":[{"href":"https:\/\/www.tektrade.ee\/lt\/wp-json\/wp\/v2\/types\/product"}],"version-history":[{"count":4,"href":"https:\/\/www.tektrade.ee\/lt\/wp-json\/wp\/v2\/product\/2304\/revisions"}],"predecessor-version":[{"id":3113,"href":"https:\/\/www.tektrade.ee\/lt\/wp-json\/wp\/v2\/product\/2304\/revisions\/3113"}],"up":[{"embeddable":true,"href":"https:\/\/www.tektrade.ee\/lt\/wp-json\/wp\/v2\/product\/2300"}],"wp:attachment":[{"href":"https:\/\/www.tektrade.ee\/lt\/wp-json\/wp\/v2\/media?parent=2304"}],"curies":[{"name":"wp","href":"https:\/\/api.w.org\/{rel}","templated":true}]}}