{"id":2302,"date":"2025-08-12T23:18:38","date_gmt":"2025-08-12T20:18:38","guid":{"rendered":"https:\/\/www.tektrade.ee\/lt\/?post_type=product&#038;p=2302"},"modified":"2025-08-19T22:11:57","modified_gmt":"2025-08-19T19:11:57","slug":"alyvos-valymo-irenginiai-ir-filtrai","status":"publish","type":"product","link":"https:\/\/www.tektrade.ee\/lt\/prekes\/filtrai-ir-separatoriai\/alyvos-valymo-irenginiai-ir-filtrai\/","title":{"rendered":"Alyvos valymo \u012frenginiai ir filtrai"},"content":{"rendered":"\n<p>\u201eTekTrade Baltic\u201c yra \u012fgaliotasis \u201eCJC\u2122\u201c alyvos valymo \u012frengini\u0173 ir filtr\u0173 \u012fd\u0117kl\u0173 prekybos atstovas Baltijos \u0161alims.&nbsp;<\/p>\n\n\n\n<p>\u201eCJC\u2122\u201c alyvos valymo \u012frenginiai \u2013 tai autonominiai (vadinamieji \u201eoff-line\u201c) alyvos filtrai, montuojami lygiagre\u010diai alyvos talpyklai ir skirti talpykloje esan\u010diai alyvai filtruoti bei jos kokybei palaikyti. I\u0161filtruota alyva siurbimo b\u016bdu patenka i\u0161 talpyklos \u012f alyvos sistem\u0105 ir \u201ei\u0161plauna\u201c jos vamzd\u017eius bei kitus komponentus.&nbsp;<br>\u201eCJC\u2122\u201c alyvos valymo \u012frenginys padeda nuolat u\u017etikrinti ger\u0105 alyvos sistem\u0173 darbin\u0119 b\u016bkl\u0119.<\/p>\n\n\n\n<p>\u017dr. \u017eemiau pateikt\u0105 schem\u0105.<\/p>\n\n\n\n<div style=\"height:30px\" aria-hidden=\"true\" class=\"wp-block-spacer\"><\/div>\n\n\n\n<div class=\"wp-block-group is-nowrap is-layout-flex wp-container-core-group-is-layout-ad2f72ca wp-block-group-is-layout-flex\">\n<figure class=\"wp-block-image size-full\"><img loading=\"lazy\" decoding=\"async\" width=\"300\" height=\"424\" src=\"https:\/\/www.tektrade.ee\/lt\/wp-content\/uploads\/sites\/7\/2025\/08\/ResizedImage300424-Oil-system-Off-line.jpg\" alt=\"\" class=\"wp-image-2537\" srcset=\"https:\/\/www.tektrade.ee\/lt\/wp-content\/uploads\/sites\/7\/2025\/08\/ResizedImage300424-Oil-system-Off-line.jpg 300w, https:\/\/www.tektrade.ee\/lt\/wp-content\/uploads\/sites\/7\/2025\/08\/ResizedImage300424-Oil-system-Off-line-212x300.jpg 212w\" sizes=\"auto, (max-width: 300px) 100vw, 300px\" \/><figcaption class=\"wp-element-caption\">\u201eOff-line\u201c filtravimas<br><\/figcaption><\/figure>\n<\/div>\n\n\n\n<div style=\"height:30px\" aria-hidden=\"true\" class=\"wp-block-spacer\"><\/div>\n\n\n\n<p>Pagal naudojimo paskirt\u012f ir funkcij\u0173 svarb\u0105 \u012frenginiai skirstomi taip:<\/p>\n\n\n\n<p><strong>\u201eCJC\u2122\u201c &nbsp;Fine Filter<\/strong>&nbsp;\u2013 \u012frenginys hidraulin\u0117ms alyvoms ir pavar\u0173 d\u0117\u017ei\u0173 alyvoms filtruoti<br>\u2022&nbsp;&nbsp;&nbsp; Iki abs. 3 mikrometr\u0173 dyd\u017eio mechanin\u0117s dalel\u0117s nufiltruojamos<br>\u2022&nbsp;&nbsp; &nbsp;Laisvasis vanduo susigeria \u012f filtro \u012fd\u0117kl\u0105<br>\u2022&nbsp;&nbsp; &nbsp;Oksidacijos proceso liekanos susigeria \u012f filtro d\u0117kl\u0105<\/p>\n\n\n\n<div class=\"wp-block-group is-nowrap is-layout-flex wp-container-core-group-is-layout-ad2f72ca wp-block-group-is-layout-flex\">\n<figure class=\"wp-block-image size-full\"><img loading=\"lazy\" decoding=\"async\" width=\"221\" height=\"200\" src=\"https:\/\/www.tektrade.ee\/lt\/wp-content\/uploads\/sites\/7\/2025\/08\/ResizedImage221200-Fine-Filter-HDU.jpg\" alt=\"\" class=\"wp-image-2538\"\/><figcaption class=\"wp-element-caption\">CJC\u2122 Fine Filter<br><\/figcaption><\/figure>\n<\/div>\n\n\n\n<div style=\"height:30px\" aria-hidden=\"true\" class=\"wp-block-spacer\"><\/div>\n\n\n\n<p><strong>CJC\u2122 Filter-Separator<\/strong>\u00a0\u2013\u00a0\u012frenginys gar\u0173 turbin\u0173 tepimo sistemos bei laivo vairo mechanizmo tepimo sistemos alyvai valyti, \u0161ioms sistemoms pri\u017ei\u016br\u0117ti ir lengvam dyzelinui filtruoti. \u012erenginys skirtas naudoti alyvos sistemose tuo atveju, jei yra nuolatinis vandens nuot\u0117kis arba tikimyb\u0117, kad vandens nuot\u0117kis gali atsirasti.<br>\u2022\u00a0\u00a0 \u00a0Iki abs. 3 mikrometr\u0173 dyd\u017eio mechanin\u0117s dalel\u0117s nufiltruojamos<br>\u2022\u00a0\u00a0 \u00a0Laisvas vanduo atskiriamas nuo alyvos<br>\u2022\u00a0\u00a0 \u00a0Oksidacijos proceso liekanos susigeria \u012f filtro d\u0117kl\u0105<\/p>\n\n\n\n<div class=\"wp-block-group is-nowrap is-layout-flex wp-container-core-group-is-layout-ad2f72ca wp-block-group-is-layout-flex\">\n<figure class=\"wp-block-image size-full\"><img loading=\"lazy\" decoding=\"async\" width=\"138\" height=\"200\" src=\"https:\/\/www.tektrade.ee\/lt\/wp-content\/uploads\/sites\/7\/2025\/08\/ResizedImage138200-Filter-Separator-PTU.jpg\" alt=\"\" class=\"wp-image-2540\"\/><figcaption class=\"wp-element-caption\">CJC\u2122 Filter-Separator<br><\/figcaption><\/figure>\n<\/div>\n\n\n\n<div style=\"height:30px\" aria-hidden=\"true\" class=\"wp-block-spacer\"><\/div>\n\n\n\n<p><strong>CJC\u2122 Desorber<\/strong>&nbsp;\u2013&nbsp;\u012frenginys, pa\u0161alinantis vanden\u012f net i\u0161 didelio klampumo alyv\u0173 bei vandens ir alyvos emulsij\u0173.<\/p>\n\n\n\n<div class=\"wp-block-group is-nowrap is-layout-flex wp-container-core-group-is-layout-ad2f72ca wp-block-group-is-layout-flex\">\n<figure class=\"wp-block-image size-full\"><img loading=\"lazy\" decoding=\"async\" width=\"164\" height=\"200\" src=\"https:\/\/www.tektrade.ee\/lt\/wp-content\/uploads\/sites\/7\/2025\/08\/ResizedImage164200-Desorber.jpg\" alt=\"\" class=\"wp-image-2541\"\/><figcaption class=\"wp-element-caption\">CJC\u2122 Desorber<br><\/figcaption><\/figure>\n<\/div>\n\n\n\n<div style=\"height:30px\" aria-hidden=\"true\" class=\"wp-block-spacer\"><\/div>\n\n\n\n<p><strong>CJC\u2122 Ion-Exchange \/ Acid Removal Filter<\/strong>&nbsp;\u2013&nbsp;\u012frenginys transformatori\u0173 alyvoms ir turbin\u0173 valdymo sistem\u0173 tepalams valyti, mechanin\u0117ms dalel\u0117ms pa\u0161alinti bei tepal\u0173 r\u016bg\u0161tingumui suma\u017einti. \u012erenginyje naudojamas r\u016bg\u0161tis neutralizuojan\u010di\u0173 element\u0173 ir standartini\u0173 \u201eCJC\u201c t\u016brio element\u0173 derinys.&nbsp;&nbsp;<\/p>\n\n\n\n<div class=\"wp-block-group is-nowrap is-layout-flex wp-container-core-group-is-layout-ad2f72ca wp-block-group-is-layout-flex\">\n<figure class=\"wp-block-image size-full\"><img loading=\"lazy\" decoding=\"async\" width=\"247\" height=\"200\" src=\"https:\/\/www.tektrade.ee\/lt\/wp-content\/uploads\/sites\/7\/2025\/08\/ResizedImage247200-Ion-Exchange-Acid-Removal-Filter-.jpg\" alt=\"\" class=\"wp-image-2542\"\/><figcaption class=\"wp-element-caption\"><em>CJC\u2122 Ion-Exchange \/ Acid Removal Filter<\/em><\/figcaption><\/figure>\n<\/div>\n\n\n\n<div style=\"height:30px\" aria-hidden=\"true\" class=\"wp-block-spacer\"><\/div>\n\n\n\n<p><strong>&nbsp;\u201eCJC\u2122\u201c \u0161ilumos perdavimo alyv\u0173 filtras \/ auk\u0161to sl\u0117gio filtras<\/strong>&nbsp;\u2013&nbsp;\u012frenginys \u0161ilumos perdavimo alyvoms ir kitoms kar\u0161tai naudojamoms alyvoms filtruoti, pa\u0161alinant ne\u0161varumus bei oksidacijos proceso liku\u010dius.<\/p>\n\n\n\n<div class=\"wp-block-group is-nowrap is-layout-flex wp-container-core-group-is-layout-ad2f72ca wp-block-group-is-layout-flex\">\n<figure class=\"wp-block-image size-full\"><img loading=\"lazy\" decoding=\"async\" width=\"267\" height=\"200\" src=\"https:\/\/www.tektrade.ee\/lt\/wp-content\/uploads\/sites\/7\/2025\/08\/ResizedImage267200-HTO-filter-1.jpg\" alt=\"\" class=\"wp-image-2544\"\/><figcaption class=\"wp-element-caption\">\u201eCJC\u2122\u201c \u0161ilumos perdavimo alyv\u0173 filtras \/ auk\u0161to sl\u0117gio filtras<br><\/figcaption><\/figure>\n<\/div>\n\n\n\n<div style=\"height:30px\" aria-hidden=\"true\" class=\"wp-block-spacer\"><\/div>\n\n\n\n<p><strong>CJC\u2122 VRU (Varnish Removal Unit)<\/strong>&nbsp;\u2013&nbsp;\u012frenginys oksidacijos procese i\u0161tirpusioms dervingosioms med\u017eiagoms pa\u0161alinti. Da\u017eniausiai naudojamas duj\u0173 ir gar\u0173 turbin\u0173 tepimo sistemoms valyti.&nbsp;<\/p>\n\n\n\n<div class=\"wp-block-group is-nowrap is-layout-flex wp-container-core-group-is-layout-ad2f72ca wp-block-group-is-layout-flex\">\n<figure class=\"wp-block-image size-full\"><img loading=\"lazy\" decoding=\"async\" width=\"301\" height=\"200\" src=\"https:\/\/www.tektrade.ee\/lt\/wp-content\/uploads\/sites\/7\/2025\/08\/ResizedImage301200-Varnish-Removal-Unit-VRU.jpg\" alt=\"\" class=\"wp-image-2545\"\/><figcaption class=\"wp-element-caption\">CJC\u2122 VRU (Varnish Removal Unit)<br><\/figcaption><\/figure>\n<\/div>\n\n\n\n<div style=\"height:30px\" aria-hidden=\"true\" class=\"wp-block-spacer\"><\/div>\n\n\n\n<p><strong>\u201eCJC\u2122\u201c alyv\u0173 valymo \u012frengini\u0173 filtravimo elementai<\/strong>&nbsp;\u2013 celiulioz\u0117s ir medviln\u0117s pagrindu pagaminti t\u016brio elementai. Standartinis 27 \/ 27cm elementas surenka iki 4 litr\u0173 ne\u0161varum\u0173.&nbsp;<\/p>\n\n\n\n<p>Gaminami \u012fvairios paskirties filtravimo elementai: A, B, BG, BLA, BLAT, F, U, Vri.&nbsp;<br>Vis\u0173 \u201eCJC\u2122\u201c element\u0173 valymo laipsnis yra abs. 3 mikrometrai.<br>Filtravimo element\u0173 atsarg\u0173 nuolat turime sand\u0117lyje.<\/p>\n\n\n\n<div class=\"wp-block-group is-layout-grid wp-container-core-group-is-layout-baef362d wp-block-group-is-layout-grid\">\n<div class=\"wp-block-group is-content-justification-left is-layout-constrained wp-container-core-group-is-layout-8c890d92 wp-block-group-is-layout-constrained\">\n<figure class=\"wp-block-image size-full\"><img loading=\"lazy\" decoding=\"async\" width=\"264\" height=\"200\" src=\"https:\/\/www.tektrade.ee\/lt\/wp-content\/uploads\/sites\/7\/2025\/08\/ResizedImage264200-Filter-inserts-AFB.jpg\" alt=\"\" class=\"wp-image-2546\"\/><figcaption class=\"wp-element-caption\">\u201eCJC\u2122\u201c alyv\u0173 valymo \u012frengini\u0173 filtravimo elementai<br><\/figcaption><\/figure>\n<\/div>\n\n\n\n<figure class=\"wp-block-image size-full\"><img loading=\"lazy\" decoding=\"async\" width=\"250\" height=\"200\" src=\"https:\/\/www.tektrade.ee\/lt\/wp-content\/uploads\/sites\/7\/2025\/08\/ResizedImage250200-Filter-Inserts-modular.jpg\" alt=\"\" class=\"wp-image-2547\"\/><figcaption class=\"wp-element-caption\">\u201eCJC\u2122\u201c alyv\u0173 valymo \u012frengini\u0173 filtravimo elementai<br><\/figcaption><\/figure>\n<\/div>\n\n\n\n<div style=\"height:30px\" aria-hidden=\"true\" class=\"wp-block-spacer\"><\/div>\n\n\n\n<div class=\"wp-block-file\"><a id=\"wp-block-file--media-4d1b2ab4-7df2-4f33-b863-c31bbf83f89f\" href=\"https:\/\/www.tektrade.ee\/lt\/wp-content\/uploads\/sites\/7\/2025\/08\/Clean-Oil-Guide.pdf\" target=\"_blank\" rel=\"noreferrer noopener\">\u201eCJC\u2122\u201c katalogas \u2013 \u201eAlyv\u0173 valymo vadovas\u201c (Clean Oil Guide)<\/a><\/div>\n\n\n\n<div class=\"wp-block-file\"><a id=\"wp-block-file--media-db5f18af-2567-441f-a742-821ab481ef27\" href=\"https:\/\/www.tektrade.ee\/lt\/wp-content\/uploads\/sites\/7\/2025\/08\/CJC-kataloog-Mining-Industry.pdf\" target=\"_blank\" rel=\"noreferrer noopener\">\u201eCJC\u2122\u201c katalogas &#8211; \u201eNauding\u0173j\u0173 i\u0161kasen\u0173 gavyba\u201c (Mining Indusrty)<\/a><\/div>\n\n\n\n<div class=\"wp-block-file\"><a id=\"wp-block-file--media-535cda2c-c22b-4c6b-8fa4-ca534ff26c95\" href=\"https:\/\/www.tektrade.ee\/lt\/wp-content\/uploads\/sites\/7\/2025\/08\/CJC-kataloog-Wind-Energy.pdf\" target=\"_blank\" rel=\"noreferrer noopener\">\u201eCJC\u2122\u201c katalogas &#8211; \u201eV\u0117jo j\u0117gain\u0117s\u201c (Wind Energy)<\/a><\/div>\n\n\n\n<div class=\"wp-block-file\"><a id=\"wp-block-file--media-65e090af-caa9-4d07-be17-3f048fd5c8c8\" href=\"https:\/\/www.tektrade.ee\/lt\/wp-content\/uploads\/sites\/7\/2025\/08\/CJC-kataloog-Power-Industry.pdf\" target=\"_blank\" rel=\"noreferrer noopener\">\u201eCJC\u2122\u201c katalogas &#8211; \u201eElektros energijos pramon\u0117\u201c (Power Industry)<\/a><\/div>\n\n\n\n<div class=\"wp-block-file\"><a id=\"wp-block-file--media-c332011c-b39e-41b7-a0af-d9ff31f54675\" href=\"https:\/\/www.tektrade.ee\/lt\/wp-content\/uploads\/sites\/7\/2025\/08\/CJC-kataloog-Marine-Industry.pdf\" target=\"_blank\" rel=\"noreferrer noopener\">\u201eCJC\u2122\u201c katalogas &#8211; \u201eJ\u016br\u0173 pramon\u0117\u201c (Marine Industry)<\/a><\/div>\n\n\n\n<div style=\"height:30px\" aria-hidden=\"true\" class=\"wp-block-spacer\"><\/div>\n\n\n\n<div class=\"wp-block-file\"><a id=\"wp-block-file--media-e7f7e91d-d749-440b-a870-3f5d2bff594d\" href=\"https:\/\/www.tektrade.ee\/lt\/wp-content\/uploads\/sites\/7\/2025\/08\/Questionnaire-Quotation-FILTER-CJC.pdf\" target=\"_blank\" rel=\"noreferrer noopener\">\u201eCJC\u2122\u201c u\u017eklaus\u0173 puslapis<\/a><\/div>\n\n\n\n<div style=\"height:30px\" aria-hidden=\"true\" class=\"wp-block-spacer\"><\/div>\n\n\n\n<p><strong>Tiesiniai (in-line) filtrai<\/strong><\/p>\n\n\n\n<p>Bendradarbiaudami su \u012fvairiais filtr\u0173 gamintojais, pvz., \u201eParker\u201c, \u201eDonaldson\u201c, SF-Filter\u201c ir kt., prekiaujame tiesiniais alyv\u0173 filtrais.<\/p>\n\n\n\n<div class=\"wp-block-group is-nowrap is-layout-flex wp-container-core-group-is-layout-ad2f72ca wp-block-group-is-layout-flex\">\n<figure class=\"wp-block-image size-full\"><img loading=\"lazy\" decoding=\"async\" width=\"136\" height=\"200\" src=\"https:\/\/www.tektrade.ee\/lt\/wp-content\/uploads\/sites\/7\/2025\/08\/ResizedImage136200-Inline-filter-insert.jpg\" alt=\"\" class=\"wp-image-2560\"\/><figcaption class=\"wp-element-caption\">Tiesiniai filtras<br><br><br><\/figcaption><\/figure>\n<\/div>\n","protected":false},"featured_media":0,"parent":2300,"menu_order":25,"template":"","class_list":["post-2302","product","type-product","status-publish","hentry"],"acf":[],"_links":{"self":[{"href":"https:\/\/www.tektrade.ee\/lt\/wp-json\/wp\/v2\/product\/2302","targetHints":{"allow":["GET"]}}],"collection":[{"href":"https:\/\/www.tektrade.ee\/lt\/wp-json\/wp\/v2\/product"}],"about":[{"href":"https:\/\/www.tektrade.ee\/lt\/wp-json\/wp\/v2\/types\/product"}],"version-history":[{"count":3,"href":"https:\/\/www.tektrade.ee\/lt\/wp-json\/wp\/v2\/product\/2302\/revisions"}],"predecessor-version":[{"id":3110,"href":"https:\/\/www.tektrade.ee\/lt\/wp-json\/wp\/v2\/product\/2302\/revisions\/3110"}],"up":[{"embeddable":true,"href":"https:\/\/www.tektrade.ee\/lt\/wp-json\/wp\/v2\/product\/2300"}],"wp:attachment":[{"href":"https:\/\/www.tektrade.ee\/lt\/wp-json\/wp\/v2\/media?parent=2302"}],"curies":[{"name":"wp","href":"https:\/\/api.w.org\/{rel}","templated":true}]}}