{"id":2298,"date":"2025-08-12T23:17:55","date_gmt":"2025-08-12T20:17:55","guid":{"rendered":"https:\/\/www.tektrade.ee\/lt\/?post_type=product&#038;p=2298"},"modified":"2025-09-26T12:53:31","modified_gmt":"2025-09-26T09:53:31","slug":"karsciui-atsparios-medziagos","status":"publish","type":"product","link":"https:\/\/www.tektrade.ee\/lt\/prekes\/tarpines-ir-sandarinimo-medziagos\/karsciui-atsparios-medziagos\/","title":{"rendered":"Kar\u0161\u010diui atsparios med\u017eiagos"},"content":{"rendered":"\n<p>Elektrin\u0117ms, katilin\u0117ms, \u0161ilumos gamybos ir med\u017eiag\u0173 apdirbimo \u012fmon\u0117ms si\u016blome kar\u0161\u010diui atspari\u0105 pramonin\u0119 tekstil\u0119 ir kitas med\u017eiagas, skirtas naudoti auk\u0161tos temperat\u016bros aplinkoje, taip pat j\u0173 gaminius.<\/p>\n\n\n\n<p>Med\u017eiag\u0173 r\u016b\u0161ys:<\/p>\n\n\n\n<ul class=\"wp-block-list\">\n<li>aramido pluo\u0161to med\u017eiagos&nbsp;\u2013 did\u017eiausia naudojimo temperat\u016bra 350 \u00baC,&nbsp; med\u017eiagos labai atsparios susid\u0117v\u0117jimui ir cheminiam poveikiui;<\/li>\n\n\n\n<li>stiklo pluo\u0161to med\u017eiagos \u2013 did\u017eiausia naudojimo temperat\u016bra 550 \u00baC;<\/li>\n\n\n\n<li>keraminio pluo\u0161to ir biokeramin\u0117s med\u017eiagos \u2013 did\u017eiausia naudojimo temperat\u016bra 1260 \u00baC \/ 1000&nbsp;\u00baC,&nbsp; med\u017eiagos labai atsparios cheminiam poveikiui.<\/li>\n<\/ul>\n\n\n\n<p>Gaminiai:<\/p>\n\n\n\n<ul class=\"wp-block-list\">\n<li>susuktos virv\u0117s ir \u012fkam\u0161os;<\/li>\n\n\n\n<li>pintos sandarinimo juostos;<\/li>\n\n\n\n<li>sandarinimo med\u017eiaga dengti audiniai (pavir\u0161iaus danga \u2013 silikonin\u0117 guma, aliuminio pl\u0117vel\u0117, poliuretano pl\u0117vel\u0117 ir kt.);<\/li>\n\n\n\n<li>vilnos dembliai ir veltiniai;<\/li>\n\n\n\n<li>izoliacijos plok\u0161t\u0117s ir popieriai;<\/li>\n\n\n\n<li>keraminiai klijai<\/li>\n<\/ul>\n\n\n\n<p>Naudojimui paruo\u0161ti gaminiai:<\/p>\n\n\n\n<ul class=\"wp-block-list\">\n<li>kompensatori\u0173 audiniai d\u016bm\u0173 ir dulki\u0173 ortakiams bei i\u0161metam\u0173j\u0173 duj\u0173 vamzdynams;<\/li>\n\n\n\n<li>izoliacijos plok\u0161t\u0117s i\u0161metam\u0173j\u0173 duj\u0173 vamzdynams.<\/li>\n<\/ul>\n\n\n\n<div class=\"wp-block-group is-nowrap is-layout-flex wp-container-core-group-is-layout-ad2f72ca wp-block-group-is-layout-flex\">\n<figure class=\"wp-block-image size-full\"><img loading=\"lazy\" decoding=\"async\" width=\"400\" height=\"300\" src=\"https:\/\/www.tektrade.ee\/lt\/wp-content\/uploads\/sites\/7\/2025\/08\/ResizedImage400300-keraamilisest-kiust-punutised.jpg\" alt=\"\" class=\"wp-image-2529\" srcset=\"https:\/\/www.tektrade.ee\/lt\/wp-content\/uploads\/sites\/7\/2025\/08\/ResizedImage400300-keraamilisest-kiust-punutised.jpg 400w, https:\/\/www.tektrade.ee\/lt\/wp-content\/uploads\/sites\/7\/2025\/08\/ResizedImage400300-keraamilisest-kiust-punutised-300x225.jpg 300w\" sizes=\"auto, (max-width: 400px) 100vw, 400px\" \/><figcaption class=\"wp-element-caption\"><em>Sandarinimo virv\u0117 i\u0161 keraminio pluo\u0161to<br><\/em><\/figcaption><\/figure>\n<\/div>\n\n\n\n<p>Sand\u0117lyje esan\u010di\u0173 preki\u0173 techniniai duomenys:<\/p>\n\n\n\n<div class=\"wp-block-file\"><a id=\"wp-block-file--media-293e355e-180d-45b5-98b3-96c96cbee1b2\" href=\"https:\/\/www.tektrade.ee\/lt\/wp-content\/uploads\/sites\/7\/2025\/08\/Leaflet-HTTP.pdf\" target=\"_blank\" rel=\"noreferrer noopener\">Pintos stiklo pluo\u0161to ir keraminio pluo\u0161to \u012fkam\u0161os, virv\u0117s, juostos<\/a><\/div>\n\n\n\n<div class=\"wp-block-file\"><a id=\"wp-block-file--media-a56ee771-06da-42f3-b399-53ae3a217414\" href=\"https:\/\/www.tektrade.ee\/lt\/wp-content\/uploads\/sites\/7\/2025\/08\/Leaflet-Fibre-Products.pdf\" target=\"_blank\" rel=\"noreferrer noopener\">Mink\u0161ti keraminio pluo\u0161to audiniai<\/a><\/div>\n\n\n\n<div class=\"wp-block-file\"><a id=\"wp-block-file--media-39d62564-a6ad-472b-a2ee-8da8613f99ef\" href=\"https:\/\/www.tektrade.ee\/lt\/wp-content\/uploads\/sites\/7\/2025\/08\/Cerpak-Board-1000.pdf\" target=\"_blank\" rel=\"noreferrer noopener\">\u201eCerpak\u201c lak\u0161tin\u0117s med\u017eiagos<\/a><\/div>\n\n\n\n<div class=\"wp-block-file\"><a id=\"wp-block-file--media-fea8e358-56f9-4f1c-b051-8d8894139b6d\" href=\"https:\/\/www.tektrade.ee\/lt\/wp-content\/uploads\/sites\/7\/2025\/08\/Glue-Thermofix.pdf\" target=\"_blank\" rel=\"noreferrer noopener\">Keraminiai klijai \u201eThermofix\u201c<\/a><\/div>\n","protected":false},"featured_media":0,"parent":2252,"menu_order":23,"template":"","class_list":["post-2298","product","type-product","status-publish","hentry"],"acf":[],"_links":{"self":[{"href":"https:\/\/www.tektrade.ee\/lt\/wp-json\/wp\/v2\/product\/2298","targetHints":{"allow":["GET"]}}],"collection":[{"href":"https:\/\/www.tektrade.ee\/lt\/wp-json\/wp\/v2\/product"}],"about":[{"href":"https:\/\/www.tektrade.ee\/lt\/wp-json\/wp\/v2\/types\/product"}],"version-history":[{"count":4,"href":"https:\/\/www.tektrade.ee\/lt\/wp-json\/wp\/v2\/product\/2298\/revisions"}],"predecessor-version":[{"id":3223,"href":"https:\/\/www.tektrade.ee\/lt\/wp-json\/wp\/v2\/product\/2298\/revisions\/3223"}],"up":[{"embeddable":true,"href":"https:\/\/www.tektrade.ee\/lt\/wp-json\/wp\/v2\/product\/2252"}],"wp:attachment":[{"href":"https:\/\/www.tektrade.ee\/lt\/wp-json\/wp\/v2\/media?parent=2298"}],"curies":[{"name":"wp","href":"https:\/\/api.w.org\/{rel}","templated":true}]}}