{"id":2294,"date":"2025-08-12T23:17:18","date_gmt":"2025-08-12T20:17:18","guid":{"rendered":"https:\/\/www.tektrade.ee\/lt\/?post_type=product&#038;p=2294"},"modified":"2025-08-19T22:08:20","modified_gmt":"2025-08-19T19:08:20","slug":"liuku-ir-profiliu-sandarikliai","status":"publish","type":"product","link":"https:\/\/www.tektrade.ee\/lt\/prekes\/tarpines-ir-sandarinimo-medziagos\/liuku-ir-profiliu-sandarikliai\/","title":{"rendered":"Liuk\u0173 ir profili\u0173 sandarikliai"},"content":{"rendered":"\n<p>\u201eTekTrade Baltic\u201c si\u016blo \u012fvairi\u0173 sandarikli\u0173 liukams, durims ir profiliams.&nbsp;<br><br>Naudojimo sritys:<\/p>\n\n\n\n<ul class=\"wp-block-list\">\n<li>didel\u0117s jung\u0117s;<\/li>\n\n\n\n<li>katil\u0173 liukai;<\/li>\n\n\n\n<li>perdirbimo \u012frengini\u0173 liukai;<\/li>\n\n\n\n<li>maisto pramon\u0117s talpykl\u0173 liukai;<\/li>\n\n\n\n<li>chemijos pramon\u0117s talpykl\u0173 liukai.<\/li>\n<\/ul>\n\n\n\n<p>Galima pasirinkti \u012fvairi\u0173 med\u017eiag\u0173 sandarikli\u0173:<\/p>\n\n\n\n<ul class=\"wp-block-list\">\n<li>gumin\u0117s med\u017eiagos \u2013 NBR, EPDM, silikonas, FPM, SBR ir kt.;<\/li>\n\n\n\n<li>plastikin\u0117s med\u017eiagos \u2013 PTFE, PU ir kt.;<\/li>\n\n\n\n<li>stiklo pluo\u0161tas ir keraminis pluo\u0161tas;<\/li>\n\n\n\n<li>aramido pluo\u0161tas ir \u201eNomex\u201c pluo\u0161tas;<\/li>\n\n\n\n<li>termi\u0161kai i\u0161pl\u0117stas grafitas<br>\u00a0<\/li>\n<\/ul>\n\n\n\n<p>Gamini\u0173 r\u016b\u0161ys:<\/p>\n\n\n\n<ul class=\"wp-block-list\">\n<li>kar\u0161\u010diui atsparios tekstil\u0117s med\u017eiagos \u2013 stiklo ir keraminio pluo\u0161to juostos, \u012fkam\u0161os, virv\u0117s;<\/li>\n\n\n\n<li>profili\u0173 sandarikliai i\u0161 gumini\u0173 med\u017eiag\u0173;<\/li>\n\n\n\n<li>susl\u0117gto oro s\u0105lygoms tinkami guminiai profili\u0173 sandarikliai durims ir liukams;<\/li>\n\n\n\n<li>grafito juostos ir PTFE juostos lipniu pavir\u0161iumi;<\/li>\n\n\n\n<li>\u017eiediniai tarpikliai i\u0161 gumini\u0173 med\u017eiag\u0173 ir cheminiam poveikiui atsparios FEP \/ PFA med\u017eiagos;<\/li>\n\n\n\n<li>\u012fkam\u0161os ir special\u016bs liuk\u0173 sandarikliai cisternoms, talpykloms.\u00a0<\/li>\n<\/ul>\n\n\n\n<div class=\"wp-block-group is-layout-grid wp-container-core-group-is-layout-6be84c55 wp-block-group-is-layout-grid\">\n<div class=\"wp-block-group is-content-justification-left is-layout-constrained wp-container-core-group-is-layout-8c890d92 wp-block-group-is-layout-constrained\">\n<figure class=\"wp-block-image aligncenter size-full\"><img loading=\"lazy\" decoding=\"async\" width=\"250\" height=\"250\" src=\"https:\/\/www.tektrade.ee\/lt\/wp-content\/uploads\/sites\/7\/2025\/08\/ResizedImage250250-suruohuga-profiiltihend-1.jpg\" alt=\"\" class=\"wp-image-3098\" srcset=\"https:\/\/www.tektrade.ee\/lt\/wp-content\/uploads\/sites\/7\/2025\/08\/ResizedImage250250-suruohuga-profiiltihend-1.jpg 250w, https:\/\/www.tektrade.ee\/lt\/wp-content\/uploads\/sites\/7\/2025\/08\/ResizedImage250250-suruohuga-profiiltihend-1-150x150.jpg 150w, https:\/\/www.tektrade.ee\/lt\/wp-content\/uploads\/sites\/7\/2025\/08\/ResizedImage250250-suruohuga-profiiltihend-1-100x100.jpg 100w\" sizes=\"auto, (max-width: 250px) 100vw, 250px\" \/><figcaption class=\"wp-element-caption\">Susl\u0117gto oro profili\u0173 sandarikliai<br><\/figcaption><\/figure>\n<\/div>\n\n\n\n<div class=\"wp-block-group is-layout-constrained wp-block-group-is-layout-constrained\">\n<figure class=\"wp-block-image aligncenter size-full\"><img loading=\"lazy\" decoding=\"async\" width=\"250\" height=\"250\" src=\"https:\/\/www.tektrade.ee\/lt\/wp-content\/uploads\/sites\/7\/2025\/08\/ResizedImage250250-PTFE-paelad-1.jpg\" alt=\"\" class=\"wp-image-3099\" srcset=\"https:\/\/www.tektrade.ee\/lt\/wp-content\/uploads\/sites\/7\/2025\/08\/ResizedImage250250-PTFE-paelad-1.jpg 250w, https:\/\/www.tektrade.ee\/lt\/wp-content\/uploads\/sites\/7\/2025\/08\/ResizedImage250250-PTFE-paelad-1-150x150.jpg 150w, https:\/\/www.tektrade.ee\/lt\/wp-content\/uploads\/sites\/7\/2025\/08\/ResizedImage250250-PTFE-paelad-1-100x100.jpg 100w\" sizes=\"auto, (max-width: 250px) 100vw, 250px\" \/><figcaption class=\"wp-element-caption\">PTFE juostos<br><\/figcaption><\/figure>\n<\/div>\n\n\n\n<div class=\"wp-block-group is-layout-constrained wp-block-group-is-layout-constrained\">\n<figure class=\"wp-block-image aligncenter size-full\"><img loading=\"lazy\" decoding=\"async\" width=\"250\" height=\"250\" src=\"https:\/\/www.tektrade.ee\/lt\/wp-content\/uploads\/sites\/7\/2025\/08\/ResizedImage250250-luugitihend-1.jpg\" alt=\"\" class=\"wp-image-3100\" srcset=\"https:\/\/www.tektrade.ee\/lt\/wp-content\/uploads\/sites\/7\/2025\/08\/ResizedImage250250-luugitihend-1.jpg 250w, https:\/\/www.tektrade.ee\/lt\/wp-content\/uploads\/sites\/7\/2025\/08\/ResizedImage250250-luugitihend-1-150x150.jpg 150w, https:\/\/www.tektrade.ee\/lt\/wp-content\/uploads\/sites\/7\/2025\/08\/ResizedImage250250-luugitihend-1-100x100.jpg 100w\" sizes=\"auto, (max-width: 250px) 100vw, 250px\" \/><figcaption class=\"wp-element-caption\">Liuk\u0173 sandariklis<br><\/figcaption><\/figure>\n<\/div>\n<\/div>\n\n\n\n<div class=\"wp-block-group is-layout-grid wp-container-core-group-is-layout-6be84c55 wp-block-group-is-layout-grid\">\n<div class=\"wp-block-group is-content-justification-left is-layout-constrained wp-container-core-group-is-layout-8c890d92 wp-block-group-is-layout-constrained\">\n<figure class=\"wp-block-image aligncenter size-full\"><img loading=\"lazy\" decoding=\"async\" width=\"250\" height=\"250\" src=\"https:\/\/www.tektrade.ee\/lt\/wp-content\/uploads\/sites\/7\/2025\/08\/ResizedImage250250-kuumakindlad-tekstiilmaterjalid-1.jpg\" alt=\"\" class=\"wp-image-3101\" srcset=\"https:\/\/www.tektrade.ee\/lt\/wp-content\/uploads\/sites\/7\/2025\/08\/ResizedImage250250-kuumakindlad-tekstiilmaterjalid-1.jpg 250w, https:\/\/www.tektrade.ee\/lt\/wp-content\/uploads\/sites\/7\/2025\/08\/ResizedImage250250-kuumakindlad-tekstiilmaterjalid-1-150x150.jpg 150w, https:\/\/www.tektrade.ee\/lt\/wp-content\/uploads\/sites\/7\/2025\/08\/ResizedImage250250-kuumakindlad-tekstiilmaterjalid-1-100x100.jpg 100w\" sizes=\"auto, (max-width: 250px) 100vw, 250px\" \/><figcaption class=\"wp-element-caption\">Kar\u0161\u010diui atsparios tekstil\u0117s med\u017eiagos<br><\/figcaption><\/figure>\n<\/div>\n\n\n\n<div class=\"wp-block-group is-layout-constrained wp-block-group-is-layout-constrained\">\n<figure class=\"wp-block-image aligncenter size-full\"><img loading=\"lazy\" decoding=\"async\" width=\"250\" height=\"250\" src=\"https:\/\/www.tektrade.ee\/lt\/wp-content\/uploads\/sites\/7\/2025\/08\/ResizedImage250250-kummiprofiilid-1.jpg\" alt=\"\" class=\"wp-image-3102\" srcset=\"https:\/\/www.tektrade.ee\/lt\/wp-content\/uploads\/sites\/7\/2025\/08\/ResizedImage250250-kummiprofiilid-1.jpg 250w, https:\/\/www.tektrade.ee\/lt\/wp-content\/uploads\/sites\/7\/2025\/08\/ResizedImage250250-kummiprofiilid-1-150x150.jpg 150w, https:\/\/www.tektrade.ee\/lt\/wp-content\/uploads\/sites\/7\/2025\/08\/ResizedImage250250-kummiprofiilid-1-100x100.jpg 100w\" sizes=\"auto, (max-width: 250px) 100vw, 250px\" \/><figcaption class=\"wp-element-caption\">Guminiai profiliai<br><\/figcaption><\/figure>\n<\/div>\n\n\n\n<div class=\"wp-block-group is-layout-constrained wp-block-group-is-layout-constrained\">\n<figure class=\"wp-block-image aligncenter size-full\"><img loading=\"lazy\" decoding=\"async\" width=\"250\" height=\"250\" src=\"https:\/\/www.tektrade.ee\/lt\/wp-content\/uploads\/sites\/7\/2025\/08\/ResizedImage250250-grafiitteip-1.jpg\" alt=\"\" class=\"wp-image-3103\" srcset=\"https:\/\/www.tektrade.ee\/lt\/wp-content\/uploads\/sites\/7\/2025\/08\/ResizedImage250250-grafiitteip-1.jpg 250w, https:\/\/www.tektrade.ee\/lt\/wp-content\/uploads\/sites\/7\/2025\/08\/ResizedImage250250-grafiitteip-1-150x150.jpg 150w, https:\/\/www.tektrade.ee\/lt\/wp-content\/uploads\/sites\/7\/2025\/08\/ResizedImage250250-grafiitteip-1-100x100.jpg 100w\" sizes=\"auto, (max-width: 250px) 100vw, 250px\" \/><figcaption class=\"wp-element-caption\">Grafitin\u0117 juosta<br><\/figcaption><\/figure>\n<\/div>\n<\/div>\n\n\n\n<div class=\"wp-block-group is-layout-grid wp-container-core-group-is-layout-6be84c55 wp-block-group-is-layout-grid\">\n<div class=\"wp-block-group is-content-justification-left is-layout-constrained wp-container-core-group-is-layout-8c890d92 wp-block-group-is-layout-constrained\">\n<figure class=\"wp-block-image aligncenter size-full\"><img loading=\"lazy\" decoding=\"async\" width=\"250\" height=\"250\" src=\"https:\/\/www.tektrade.ee\/lt\/wp-content\/uploads\/sites\/7\/2025\/08\/ResizedImage250250-FEP-ja-PFA-O-rongad-1.jpg\" alt=\"\" class=\"wp-image-3104\" srcset=\"https:\/\/www.tektrade.ee\/lt\/wp-content\/uploads\/sites\/7\/2025\/08\/ResizedImage250250-FEP-ja-PFA-O-rongad-1.jpg 250w, https:\/\/www.tektrade.ee\/lt\/wp-content\/uploads\/sites\/7\/2025\/08\/ResizedImage250250-FEP-ja-PFA-O-rongad-1-150x150.jpg 150w, https:\/\/www.tektrade.ee\/lt\/wp-content\/uploads\/sites\/7\/2025\/08\/ResizedImage250250-FEP-ja-PFA-O-rongad-1-100x100.jpg 100w\" sizes=\"auto, (max-width: 250px) 100vw, 250px\" \/><figcaption class=\"wp-element-caption\">FEP ir PFA \u017eiediniai tarpikliai<br><\/figcaption><\/figure>\n<\/div>\n\n\n\n<div class=\"wp-block-group is-layout-constrained wp-block-group-is-layout-constrained\"><\/div>\n\n\n\n<div class=\"wp-block-group is-layout-constrained wp-block-group-is-layout-constrained\"><\/div>\n<\/div>\n","protected":false},"featured_media":0,"parent":2252,"menu_order":21,"template":"","class_list":["post-2294","product","type-product","status-publish","hentry"],"acf":[],"_links":{"self":[{"href":"https:\/\/www.tektrade.ee\/lt\/wp-json\/wp\/v2\/product\/2294","targetHints":{"allow":["GET"]}}],"collection":[{"href":"https:\/\/www.tektrade.ee\/lt\/wp-json\/wp\/v2\/product"}],"about":[{"href":"https:\/\/www.tektrade.ee\/lt\/wp-json\/wp\/v2\/types\/product"}],"version-history":[{"count":3,"href":"https:\/\/www.tektrade.ee\/lt\/wp-json\/wp\/v2\/product\/2294\/revisions"}],"predecessor-version":[{"id":3106,"href":"https:\/\/www.tektrade.ee\/lt\/wp-json\/wp\/v2\/product\/2294\/revisions\/3106"}],"up":[{"embeddable":true,"href":"https:\/\/www.tektrade.ee\/lt\/wp-json\/wp\/v2\/product\/2252"}],"wp:attachment":[{"href":"https:\/\/www.tektrade.ee\/lt\/wp-json\/wp\/v2\/media?parent=2294"}],"curies":[{"name":"wp","href":"https:\/\/api.w.org\/{rel}","templated":true}]}}