{"id":2292,"date":"2025-08-12T23:16:46","date_gmt":"2025-08-12T20:16:46","guid":{"rendered":"https:\/\/www.tektrade.ee\/lt\/?post_type=product&#038;p=2292"},"modified":"2025-08-19T22:06:11","modified_gmt":"2025-08-19T19:06:11","slug":"sandarinimo-ziedai-ventiliu-stiebams","status":"publish","type":"product","link":"https:\/\/www.tektrade.ee\/lt\/prekes\/tarpines-ir-sandarinimo-medziagos\/velenu-ir-siurbliu-sandarikliai\/sandarinimo-ziedai-ventiliu-stiebams\/","title":{"rendered":"Sandarinimo \u017eiedai ventili\u0173 stiebams"},"content":{"rendered":"\n<p>Ventili\u0173 stiebams naudojami i\u0161 anksto presuoti sandarinimo \u017eiedai, gaminami i\u0161 lankstaus grafito ar \u012fkam\u0161os med\u017eiagos.&nbsp;<\/p>\n\n\n\n<div class=\"wp-block-group is-layout-grid wp-container-core-group-is-layout-baef362d wp-block-group-is-layout-grid\">\n<div class=\"wp-block-group is-content-justification-left is-layout-constrained wp-container-core-group-is-layout-8c890d92 wp-block-group-is-layout-constrained\">\n<figure class=\"wp-block-image aligncenter size-full\"><img loading=\"lazy\" decoding=\"async\" width=\"219\" height=\"290\" src=\"https:\/\/www.tektrade.ee\/lt\/wp-content\/uploads\/sites\/7\/2025\/08\/ResizedImage219290-eelpressitud-grafiitrongas.jpg\" alt=\"\" class=\"wp-image-2520\"\/><figcaption class=\"wp-element-caption\">Presuoto grafito \u017eiedas<br><\/figcaption><\/figure>\n<\/div>\n\n\n\n<div class=\"wp-block-group is-layout-constrained wp-block-group-is-layout-constrained\">\n<figure class=\"wp-block-image aligncenter size-full\"><img loading=\"lazy\" decoding=\"async\" width=\"279\" height=\"290\" src=\"https:\/\/www.tektrade.ee\/lt\/wp-content\/uploads\/sites\/7\/2025\/08\/ResizedImage279290-Ventiilivarretihendid.jpg\" alt=\"\" class=\"wp-image-2521\"\/><figcaption class=\"wp-element-caption\">Sandarinimo rinkinys\u00a0<br><\/figcaption><\/figure>\n<\/div>\n<\/div>\n","protected":false},"featured_media":0,"parent":2278,"menu_order":20,"template":"","class_list":["post-2292","product","type-product","status-publish","hentry"],"acf":[],"_links":{"self":[{"href":"https:\/\/www.tektrade.ee\/lt\/wp-json\/wp\/v2\/product\/2292","targetHints":{"allow":["GET"]}}],"collection":[{"href":"https:\/\/www.tektrade.ee\/lt\/wp-json\/wp\/v2\/product"}],"about":[{"href":"https:\/\/www.tektrade.ee\/lt\/wp-json\/wp\/v2\/types\/product"}],"version-history":[{"count":8,"href":"https:\/\/www.tektrade.ee\/lt\/wp-json\/wp\/v2\/product\/2292\/revisions"}],"predecessor-version":[{"id":3095,"href":"https:\/\/www.tektrade.ee\/lt\/wp-json\/wp\/v2\/product\/2292\/revisions\/3095"}],"up":[{"embeddable":true,"href":"https:\/\/www.tektrade.ee\/lt\/wp-json\/wp\/v2\/product\/2278"}],"wp:attachment":[{"href":"https:\/\/www.tektrade.ee\/lt\/wp-json\/wp\/v2\/media?parent=2292"}],"curies":[{"name":"wp","href":"https:\/\/api.w.org\/{rel}","templated":true}]}}