{"id":2290,"date":"2025-08-12T23:16:27","date_gmt":"2025-08-12T20:16:27","guid":{"rendered":"https:\/\/www.tektrade.ee\/lt\/?post_type=product&#038;p=2290"},"modified":"2025-08-19T22:05:48","modified_gmt":"2025-08-19T19:05:48","slug":"ziediniai-tarpikliai-o-tarpikliai","status":"publish","type":"product","link":"https:\/\/www.tektrade.ee\/lt\/prekes\/tarpines-ir-sandarinimo-medziagos\/velenu-ir-siurbliu-sandarikliai\/ziediniai-tarpikliai-o-tarpikliai\/","title":{"rendered":"\u017diediniai tarpikliai (O tarpikliai)"},"content":{"rendered":"\n<div class=\"wp-block-group is-nowrap is-layout-flex wp-container-core-group-is-layout-64989fb1 wp-block-group-is-layout-flex\">\n<div class=\"wp-block-group is-layout-constrained wp-block-group-is-layout-constrained\">\n<p>\u017diediniai tarpikliai naudojami velenams, korpusams bei jung\u0117ms sandarinti.&nbsp;<br>Med\u017eiagos: FKM, NBR, EPDM, \u201eKalrez\u201c ir kt.<br>Naudojimui stipraus cheminio poveikio aplinkoje skirti special\u016bs sandarinimo \u017eiedai su FEP ir PFA polimer\u0173 apvalkalu, j\u0173 vidin\u0117 dalis pagaminta i\u0161 silikono ar vitono gumos.<\/p>\n\n\n\n<p><br>Techniniai duomenys<br><br>Temperat\u016bros intervalai:<br>FEP apvalkale: nuo -60 \u00b0C iki +205 \u00b0C (trump\u0105 laik\u0105 \u2013 iki +260\u00b0C)<br>PFA apvalkale: nuo -60\u00b0C iki +260\u00b0C (trump\u0105 laik\u0105 \u2013 iki +300\u00b0C)<\/p>\n\n\n\n<p>Kietumas:<br>75\u201390 \u201eShore A\u201c&nbsp;\u2013 su silikono \u0161erdimi<br>90\u201395&nbsp;\u201eShore A\u201c \u2013 su vitono \u0161erdimi&nbsp;<\/p>\n<\/div>\n\n\n\n<div class=\"wp-block-group is-layout-flow wp-block-group-is-layout-flow\">\n<figure class=\"wp-block-image size-full is-resized wp-container-content-69bc4bdf\"><img loading=\"lazy\" decoding=\"async\" width=\"250\" height=\"181\" src=\"https:\/\/www.tektrade.ee\/lt\/wp-content\/uploads\/sites\/7\/2025\/08\/ResizedImage250181-FEP-ja-PFEvO-rongad.jpg\" alt=\"\" class=\"wp-image-2516\" style=\"width:300px\"\/><figcaption class=\"wp-element-caption\">FEP ir PFA \u017eiediniai tarpikliai (O tarpikliai)<br><\/figcaption><\/figure>\n<\/div>\n<\/div>\n","protected":false},"featured_media":0,"parent":2278,"menu_order":19,"template":"","class_list":["post-2290","product","type-product","status-publish","hentry"],"acf":[],"_links":{"self":[{"href":"https:\/\/www.tektrade.ee\/lt\/wp-json\/wp\/v2\/product\/2290","targetHints":{"allow":["GET"]}}],"collection":[{"href":"https:\/\/www.tektrade.ee\/lt\/wp-json\/wp\/v2\/product"}],"about":[{"href":"https:\/\/www.tektrade.ee\/lt\/wp-json\/wp\/v2\/types\/product"}],"version-history":[{"count":5,"href":"https:\/\/www.tektrade.ee\/lt\/wp-json\/wp\/v2\/product\/2290\/revisions"}],"predecessor-version":[{"id":3094,"href":"https:\/\/www.tektrade.ee\/lt\/wp-json\/wp\/v2\/product\/2290\/revisions\/3094"}],"up":[{"embeddable":true,"href":"https:\/\/www.tektrade.ee\/lt\/wp-json\/wp\/v2\/product\/2278"}],"wp:attachment":[{"href":"https:\/\/www.tektrade.ee\/lt\/wp-json\/wp\/v2\/media?parent=2290"}],"curies":[{"name":"wp","href":"https:\/\/api.w.org\/{rel}","templated":true}]}}