{"id":2288,"date":"2025-08-12T23:16:16","date_gmt":"2025-08-12T20:16:16","guid":{"rendered":"https:\/\/www.tektrade.ee\/lt\/?post_type=product&#038;p=2288"},"modified":"2025-08-19T22:05:27","modified_gmt":"2025-08-19T19:05:27","slug":"variklio-veleno-izeminimo-ziedai","status":"publish","type":"product","link":"https:\/\/www.tektrade.ee\/lt\/prekes\/tarpines-ir-sandarinimo-medziagos\/velenu-ir-siurbliu-sandarikliai\/variklio-veleno-izeminimo-ziedai\/","title":{"rendered":"Variklio veleno \u012f\u017eeminimo \u017eiedai"},"content":{"rendered":"\n<div class=\"wp-block-group is-nowrap is-layout-flex wp-container-core-group-is-layout-64989fb1 wp-block-group-is-layout-flex\">\n<div class=\"wp-block-group is-layout-constrained wp-block-group-is-layout-constrained\">\n<p>Siekiant apsaugoti elektrin\u012f varikl\u012f ir guolius nuo klaid\u017eiojan\u010di\u0173 elektros srovi\u0173, naudojami \u012f\u017eeminimo \u017eiedai su anglies sriegiu. Tokiu b\u016bdu \u017eymiai pailg\u0117ja \u012frenginio tarnavimo laikas, suma\u017e\u0117ja i\u0161laidos prie\u017ei\u016brai ir i\u0161vengiama su neplanuotomis prastovomis susijusi\u0173 nuostoli\u0173.<\/p>\n<\/div>\n\n\n\n<div class=\"wp-block-group is-layout-flow wp-block-group-is-layout-flow\">\n<figure class=\"wp-block-image size-full is-resized wp-container-content-69bc4bdf\"><img loading=\"lazy\" decoding=\"async\" width=\"200\" height=\"203\" src=\"https:\/\/www.tektrade.ee\/lt\/wp-content\/uploads\/sites\/7\/2025\/08\/ResizedImage200203-Volli-maandus-tihend.jpg\" alt=\"\" class=\"wp-image-2513\" style=\"width:300px\"\/><figcaption class=\"wp-element-caption\">Veleno \u012f\u017eeminimo tarpikliai<br><\/figcaption><\/figure>\n<\/div>\n<\/div>\n","protected":false},"featured_media":0,"parent":2278,"menu_order":18,"template":"","class_list":["post-2288","product","type-product","status-publish","hentry"],"acf":[],"_links":{"self":[{"href":"https:\/\/www.tektrade.ee\/lt\/wp-json\/wp\/v2\/product\/2288","targetHints":{"allow":["GET"]}}],"collection":[{"href":"https:\/\/www.tektrade.ee\/lt\/wp-json\/wp\/v2\/product"}],"about":[{"href":"https:\/\/www.tektrade.ee\/lt\/wp-json\/wp\/v2\/types\/product"}],"version-history":[{"count":4,"href":"https:\/\/www.tektrade.ee\/lt\/wp-json\/wp\/v2\/product\/2288\/revisions"}],"predecessor-version":[{"id":3093,"href":"https:\/\/www.tektrade.ee\/lt\/wp-json\/wp\/v2\/product\/2288\/revisions\/3093"}],"up":[{"embeddable":true,"href":"https:\/\/www.tektrade.ee\/lt\/wp-json\/wp\/v2\/product\/2278"}],"wp:attachment":[{"href":"https:\/\/www.tektrade.ee\/lt\/wp-json\/wp\/v2\/media?parent=2288"}],"curies":[{"name":"wp","href":"https:\/\/api.w.org\/{rel}","templated":true}]}}