{"id":2286,"date":"2025-08-12T23:16:03","date_gmt":"2025-08-12T20:16:03","guid":{"rendered":"https:\/\/www.tektrade.ee\/lt\/?post_type=product&#038;p=2286"},"modified":"2025-08-19T22:05:08","modified_gmt":"2025-08-19T19:05:08","slug":"labirintiniai-sandarikliai-guoliu-apsaugos","status":"publish","type":"product","link":"https:\/\/www.tektrade.ee\/lt\/prekes\/tarpines-ir-sandarinimo-medziagos\/velenu-ir-siurbliu-sandarikliai\/labirintiniai-sandarikliai-guoliu-apsaugos\/","title":{"rendered":"Labirintiniai sandarikliai \u2013 guoli\u0173 apsaugos"},"content":{"rendered":"\n<div class=\"wp-block-group is-nowrap is-layout-flex wp-container-core-group-is-layout-64989fb1 wp-block-group-is-layout-flex\">\n<div class=\"wp-block-group is-layout-constrained wp-block-group-is-layout-constrained\">\n<p>Labirintiniai sandarikliai specialiai skirti guoliams, kai reikia i\u0161saugoti j\u0173 sutepim\u0105, apsaugoti juos nuo ter\u0161al\u0173 arba atskirti skys\u010dius. Tai dvikomponen\u010diai dinaminiai sandarikliai, kuri\u0173 stacionarin\u0117 dalis pritvirtinta prie guolio korpuso, o besisukanti dalis \u2013 prie veleno.<\/p>\n\n\n\n<p>Labirintiniai sandarikliai pla\u010diai naudojami chemijos, celiulioz\u0117s ir popieriaus pramon\u0117je, taip pat angliavandenili\u0173 gamyboje, energetikoje ir daugelyje kit\u0173 pramon\u0117s \u0161ak\u0173.<\/p>\n<\/div>\n\n\n\n<div class=\"wp-block-group is-layout-flow wp-block-group-is-layout-flow\">\n<figure class=\"wp-block-image size-frontpage-thumbnail is-resized wp-container-content-69bc4bdf\"><img loading=\"lazy\" decoding=\"async\" width=\"228\" height=\"280\" src=\"https:\/\/www.tektrade.ee\/lt\/wp-content\/uploads\/sites\/7\/2025\/08\/ResizedImage228301-Laburinttihend-laagrikaitse-228x280.png\" alt=\"\" class=\"wp-image-2509\" style=\"aspect-ratio:3\/4;object-fit:cover;width:300px\"\/><figcaption class=\"wp-element-caption\">Labirintinis sandariklis \u2013 guolio apsauga<br><\/figcaption><\/figure>\n<\/div>\n<\/div>\n","protected":false},"featured_media":0,"parent":2278,"menu_order":17,"template":"","class_list":["post-2286","product","type-product","status-publish","hentry"],"acf":[],"_links":{"self":[{"href":"https:\/\/www.tektrade.ee\/lt\/wp-json\/wp\/v2\/product\/2286","targetHints":{"allow":["GET"]}}],"collection":[{"href":"https:\/\/www.tektrade.ee\/lt\/wp-json\/wp\/v2\/product"}],"about":[{"href":"https:\/\/www.tektrade.ee\/lt\/wp-json\/wp\/v2\/types\/product"}],"version-history":[{"count":5,"href":"https:\/\/www.tektrade.ee\/lt\/wp-json\/wp\/v2\/product\/2286\/revisions"}],"predecessor-version":[{"id":3092,"href":"https:\/\/www.tektrade.ee\/lt\/wp-json\/wp\/v2\/product\/2286\/revisions\/3092"}],"up":[{"embeddable":true,"href":"https:\/\/www.tektrade.ee\/lt\/wp-json\/wp\/v2\/product\/2278"}],"wp:attachment":[{"href":"https:\/\/www.tektrade.ee\/lt\/wp-json\/wp\/v2\/media?parent=2286"}],"curies":[{"name":"wp","href":"https:\/\/api.w.org\/{rel}","templated":true}]}}