{"id":2284,"date":"2025-08-12T23:15:52","date_gmt":"2025-08-12T20:15:52","guid":{"rendered":"https:\/\/www.tektrade.ee\/lt\/?post_type=product&#038;p=2284"},"modified":"2025-08-19T22:04:44","modified_gmt":"2025-08-19T19:04:44","slug":"manzetiniai-sandarikliai","status":"publish","type":"product","link":"https:\/\/www.tektrade.ee\/lt\/prekes\/tarpines-ir-sandarinimo-medziagos\/velenu-ir-siurbliu-sandarikliai\/manzetiniai-sandarikliai\/","title":{"rendered":"Man\u017eetiniai sandarikliai"},"content":{"rendered":"\n<div class=\"wp-block-group is-nowrap is-layout-flex wp-container-core-group-is-layout-64989fb1 wp-block-group-is-layout-flex\">\n<div class=\"wp-block-group is-layout-constrained wp-block-group-is-layout-constrained\">\n<p>Man\u017eetiniai sandarikliai skirti naudoti besisukantiems velenams, kai reikia i\u0161saugoti veleno sutepim\u0105,<br>apsaugoti j\u012f nuo ter\u0161al\u0173 arba atskirti skys\u010dius.<\/p>\n\n\n\n<p>M\u016bs\u0173 asortimente yra alyvos sistem\u0173 sandarikli\u0173, jie paprastai gaminami i\u0161 standartini\u0173 gumini\u0173<br>med\u017eiag\u0173, pvz., NBR, HNBR, EPDM, FKM,VMQ.<\/p>\n\n\n\n<p>Naudojimo sritys: i\u0161kasen\u0173 kasyba, celiulioz\u0117s ir popieriaus pramon\u0117, metalo pramon\u0117, j\u016brininkyst\u0117 ir<br>tt.<\/p>\n<\/div>\n\n\n\n<div class=\"wp-block-group is-layout-flow wp-block-group-is-layout-flow\">\n<figure class=\"wp-block-image size-full is-resized wp-container-content-69bc4bdf\"><img loading=\"lazy\" decoding=\"async\" width=\"250\" height=\"273\" src=\"https:\/\/www.tektrade.ee\/lt\/wp-content\/uploads\/sites\/7\/2025\/08\/ResizedImage250273-Klozure-olitihend.jpg\" alt=\"\" class=\"wp-image-2496\" style=\"aspect-ratio:1;object-fit:cover;width:480px\"\/><figcaption class=\"wp-element-caption\"><em>Man\u017eetiniai sandarikliai<br><\/em><\/figcaption><\/figure>\n<\/div>\n<\/div>\n\n\n\n<div style=\"height:50px\" aria-hidden=\"true\" class=\"wp-block-spacer\"><\/div>\n\n\n\n<div class=\"wp-block-group is-nowrap is-layout-flex wp-container-core-group-is-layout-64989fb1 wp-block-group-is-layout-flex\">\n<div class=\"wp-block-group is-layout-constrained wp-block-group-is-layout-constrained\">\n<p>Pirmoje eil\u0117je pateikti metalini\u0173 jungi\u0173 alyvos sistem\u0173 sandarikliai.<br><br>Antroje eil\u0117je pateikti gumini\u0173 jungi\u0173 alyvos sistem\u0173 sandarikliai.<\/p>\n\n\n\n<p>Tre\u010dioje eil\u0117je pateikti perskiriamieji jungi\u0173 alyvos sistem\u0173 sandarikliai.<\/p>\n<\/div>\n\n\n\n<div class=\"wp-block-group is-layout-flow wp-block-group-is-layout-flow\">\n<figure class=\"wp-block-image size-full is-resized wp-container-content-69bc4bdf\"><img loading=\"lazy\" decoding=\"async\" width=\"250\" height=\"156\" src=\"https:\/\/www.tektrade.ee\/lt\/wp-content\/uploads\/sites\/7\/2025\/08\/ResizedImage250156-Tihendite-ristloiked.jpg\" alt=\"\" class=\"wp-image-2498\" style=\"aspect-ratio:3\/2;object-fit:cover;width:480px\"\/><\/figure>\n<\/div>\n<\/div>\n\n\n\n<div style=\"height:30px\" aria-hidden=\"true\" class=\"wp-block-spacer\"><\/div>\n\n\n\n<div class=\"wp-block-group is-nowrap is-layout-flex wp-container-core-group-is-layout-64989fb1 wp-block-group-is-layout-flex\">\n<div class=\"wp-block-group is-layout-constrained wp-block-group-is-layout-constrained\">\n<p>D\u0117l tarpiklio apvado ypatingo tvirtinimo b\u016bdo ir naudojam\u0173 PTFE&nbsp;med\u017eiag\u0173 standartinis sandariklis<br>atlaiko iki 10 bar sl\u0117g\u012f. \u0160is sandariklis skirtas greitai besisukantiems velenams ir numatytas naudoti<br>didelio sl\u0117gio ir auk\u0161tos temperat\u016bros s\u0105lygomis, stipraus poveikio aplinkoje. Veleno riebok\u0161lis tai<br>kompakti\u0161ka alternatyva \u012fkam\u0161oms ir mechaniniams tarpikliams.<\/p>\n\n\n\n<p>Privalumai:<\/p>\n\n\n\n<ul class=\"wp-block-list\">\n<li>veleno sukimosi greitis iki 45 m\/s;<\/li>\n\n\n\n<li>didelis atsparumas cheminiam poveikiui (pH 0-14);<\/li>\n\n\n\n<li>patvarumas naudojant;<\/li>\n\n\n\n<li>tinka ir vakuuminei bei sl\u0117ginei aplinkai;<\/li>\n\n\n\n<li>temperat\u016bros intervalas: nuo -60 \u00b0C iki +260 \u00b0C;<\/li>\n\n\n\n<li>geras paj\u0117gumas dirbant \u201esausai&#8221;;<\/li>\n\n\n\n<li>tinka naudoti maisto, chemijos, farmacijos pramon\u0117se;<\/li>\n\n\n\n<li>atitinka direktyvos \u00a094\/9\/EC (ATEX) reikalavimus.<\/li>\n<\/ul>\n<\/div>\n\n\n\n<div class=\"wp-block-group is-layout-flow wp-block-group-is-layout-flow\">\n<figure class=\"wp-block-image size-full is-resized wp-container-content-69bc4bdf\"><img loading=\"lazy\" decoding=\"async\" width=\"250\" height=\"146\" src=\"https:\/\/www.tektrade.ee\/lt\/wp-content\/uploads\/sites\/7\/2025\/08\/ResizedImage250146-PS-SEAL-tihendid.jpg\" alt=\"\" class=\"wp-image-2499\" style=\"aspect-ratio:3\/2;object-fit:cover;width:480px\"\/><figcaption class=\"wp-element-caption\">Veleno riebok\u0161lis<br><\/figcaption><\/figure>\n<\/div>\n<\/div>\n","protected":false},"featured_media":0,"parent":2278,"menu_order":16,"template":"","class_list":["post-2284","product","type-product","status-publish","hentry"],"acf":[],"_links":{"self":[{"href":"https:\/\/www.tektrade.ee\/lt\/wp-json\/wp\/v2\/product\/2284","targetHints":{"allow":["GET"]}}],"collection":[{"href":"https:\/\/www.tektrade.ee\/lt\/wp-json\/wp\/v2\/product"}],"about":[{"href":"https:\/\/www.tektrade.ee\/lt\/wp-json\/wp\/v2\/types\/product"}],"version-history":[{"count":11,"href":"https:\/\/www.tektrade.ee\/lt\/wp-json\/wp\/v2\/product\/2284\/revisions"}],"predecessor-version":[{"id":3091,"href":"https:\/\/www.tektrade.ee\/lt\/wp-json\/wp\/v2\/product\/2284\/revisions\/3091"}],"up":[{"embeddable":true,"href":"https:\/\/www.tektrade.ee\/lt\/wp-json\/wp\/v2\/product\/2278"}],"wp:attachment":[{"href":"https:\/\/www.tektrade.ee\/lt\/wp-json\/wp\/v2\/media?parent=2284"}],"curies":[{"name":"wp","href":"https:\/\/api.w.org\/{rel}","templated":true}]}}